{"id":18943,"date":"2013-08-19T18:54:48","date_gmt":"2013-08-19T18:54:48","guid":{"rendered":"http:\/\/www.tunaespana.es\/?page_id=18943"},"modified":"2021-09-25T17:00:22","modified_gmt":"2021-09-25T17:00:22","slug":"homenaje-de-tunaespana-al-maestro-pedro-cano","status":"publish","type":"page","link":"https:\/\/www.tunaespana.es\/?page_id=18943","title":{"rendered":"Pedro Cano \u00abAcad\u00e9mico Pontificio, en Roma\u00bb &#038; TunaEspa\u00f1a"},"content":{"rendered":"<p>.<\/p>\n<p>.<a href=\"http:\/\/www.tunaespana.es\/?attachment_id=32090\" rel=\"attachment wp-att-32090\"><img decoding=\"async\" loading=\"lazy\" class=\"aligncenter size-full wp-image-32090\" src=\"http:\/\/www.tunaespana.es\/wp-content\/uploads\/2013\/08\/TunaEspa\u00f1a-Don-Dudo-Pedro-Cano-Pintor-Carlos-Espinosa-Celdran-dism-1.jpg\" alt=\"TunaEspa\u00f1a, Don Dudo, Pedro Cano, Pintor, Carlos Espinosa Celdran, dism\" width=\"619\" height=\"883\" srcset=\"https:\/\/www.tunaespana.es\/wp-content\/uploads\/2013\/08\/TunaEspa\u00f1a-Don-Dudo-Pedro-Cano-Pintor-Carlos-Espinosa-Celdran-dism-1.jpg 619w, https:\/\/www.tunaespana.es\/wp-content\/uploads\/2013\/08\/TunaEspa\u00f1a-Don-Dudo-Pedro-Cano-Pintor-Carlos-Espinosa-Celdran-dism-1-210x300.jpg 210w\" sizes=\"(max-width: 619px) 100vw, 619px\" \/><\/a><\/p>\n<p>.<\/p>\n<p><a href=\"http:\/\/www.tunaespana.es\/wp-content\/uploads\/2013\/08\/Tunas-Universitarias-Tunas-y-Estudiantinas-Tuna-Espa\u00f1a-Tunas-Pintor-Pedro-Cano-3.jpg\"><img decoding=\"async\" loading=\"lazy\" class=\"aligncenter size-full wp-image-18952\" src=\"http:\/\/www.tunaespana.es\/wp-content\/uploads\/2013\/08\/Tunas-Universitarias-Tunas-y-Estudiantinas-Tuna-Espa\u00f1a-Tunas-Pintor-Pedro-Cano-3.jpg\" alt=\"Tunas Universitarias, Tunas y Estudiantinas, Tuna Espa\u00f1a , Tunas, Pintor Pedro Cano, 3\" width=\"678\" height=\"309\" srcset=\"https:\/\/www.tunaespana.es\/wp-content\/uploads\/2013\/08\/Tunas-Universitarias-Tunas-y-Estudiantinas-Tuna-Espa\u00f1a-Tunas-Pintor-Pedro-Cano-3.jpg 678w, https:\/\/www.tunaespana.es\/wp-content\/uploads\/2013\/08\/Tunas-Universitarias-Tunas-y-Estudiantinas-Tuna-Espa\u00f1a-Tunas-Pintor-Pedro-Cano-3-300x136.jpg 300w\" sizes=\"(max-width: 678px) 100vw, 678px\" \/><\/a><\/p>\n<p style=\"text-align: center;\"><span style=\"color: #cc99ff;\"><strong><span style=\"color: #ff0000;\">Tun<\/span><span style=\"color: #ffff00;\">aEsp<\/span><span style=\"color: #ff0000;\">a\u00f1a <\/span><\/strong>realiza un entra\u00f1able\u00a0 Homenaje al maestro \u00ab<span style=\"color: #ff00ff;\"><strong>Pedro Cano<\/strong><\/span>\u00bb en su \u00abBlanca\u00bb natal, el 10 de Agosto 2013.<\/span><\/p>\n<p>.<\/p>\n<p><a href=\"http:\/\/www.tunaespana.es\/wp-content\/uploads\/2013\/08\/Pedro-Cano-Don-Dudo-TunaEspa\u00f1a-Tuna-Universitaria-Pintor-Pedro-Cano2.jpg\"><img decoding=\"async\" loading=\"lazy\" class=\"aligncenter size-full wp-image-18953\" src=\"http:\/\/www.tunaespana.es\/wp-content\/uploads\/2013\/08\/Pedro-Cano-Don-Dudo-TunaEspa\u00f1a-Tuna-Universitaria-Pintor-Pedro-Cano2.jpg\" alt=\"Pedro Cano, Don Dudo, TunaEspa\u00f1a, Tuna Universitaria, Pintor Pedro Cano,2\" width=\"556\" height=\"349\" srcset=\"https:\/\/www.tunaespana.es\/wp-content\/uploads\/2013\/08\/Pedro-Cano-Don-Dudo-TunaEspa\u00f1a-Tuna-Universitaria-Pintor-Pedro-Cano2.jpg 556w, https:\/\/www.tunaespana.es\/wp-content\/uploads\/2013\/08\/Pedro-Cano-Don-Dudo-TunaEspa\u00f1a-Tuna-Universitaria-Pintor-Pedro-Cano2-300x188.jpg 300w\" sizes=\"(max-width: 556px) 100vw, 556px\" \/><\/a><\/p>\n<p style=\"text-align: center;\"><span style=\"color: #cc99ff;\">\u00a0\u00abDon Dudo\u00bb <span style=\"color: #ffff00;\"><strong><span style=\"color: #99cc00;\"><span style=\"color: #00ff00;\"><span style=\"color: #ff00ff;\">Dr. D. Carlos Espinosa<\/span>\u00a0<\/span><\/span><\/strong><\/span>(Presidente &#8211; Fundador de <strong><span style=\"color: #ff0000;\">Tun<\/span><span style=\"color: #ffff00;\">aEsp<\/span><span style=\"color: #ff0000;\">a\u00f1a<\/span><\/strong>) imponiendo La Beca a <span style=\"color: #ff00ff;\">D.<\/span> <span style=\"color: #ff00ff;\"><strong>Pedro Cano<\/strong><\/span>, en presencia del Secretario de la Tuna profesor D. Jose Miguel Visedo,\u00a0 Alcalde de\u00a0 Blanca D. Rafael Laorden y\u00a0 61 componente de TunaEspa\u00f1a, levantando acta notarial, nuestro compa\u00f1ero y hermano del Buen Tunar D. Jose Antonio Rom\u00e1 Riera. Acto publico celebrado en la \u00abFundaci\u00f3n Pedro Cano\u00bb , con una multitudinaria asistencia.<\/span><\/p>\n<p>&nbsp;<\/p>\n<p><a href=\"http:\/\/www.tunaespana.es\/wp-content\/uploads\/2013\/08\/Pedro-cano-doctor1.jpg\"><img decoding=\"async\" loading=\"lazy\" class=\"aligncenter size-full wp-image-18947\" src=\"http:\/\/www.tunaespana.es\/wp-content\/uploads\/2013\/08\/Pedro-cano-doctor1.jpg\" alt=\"Pedro cano doctor\" width=\"210\" height=\"263\" \/><\/a><\/p>\n<p>&nbsp;<\/p>\n<p style=\"text-align: center;\"><span style=\"color: #cc99ff;\">El Maestro <span style=\"color: #ff00ff;\"><strong><span style=\"color: #cc99ff;\">Pintor<\/span> Pedro Cano<\/strong><\/span>\u00a0(Blanca, Murcia, Espa\u00f1a, 1944), \u00abdoctor honoris causa por la Universidad de Murcia\u00bb, el 1 Julio 2013 , fue nombrado <strong>\u00abAcad\u00e9mico Pontificio de la Insigne Academia Pontificia de Bellas Artes y Letras de los Virtuosos del Pante\u00f3n\u00bb<\/strong><\/span><span style=\"color: #cc99ff;\">, fundada en <strong>1542<\/strong> por el Papa Paulo III y a la que, nada menos, perteneci\u00f3\u00a0 <strong>\u00abDiego Vel\u00e1zquez\u00bb<\/strong>.\u00a0 La ceremonia estuvo presidida por el cardenal Gianfranco Ravasi, presidente del Pontificio Consejo de la Cultura, y tuvo lugar en <strong>el Pante\u00f3n<\/strong>, en el coraz\u00f3n de Roma, el lugar m\u00e1s simb\u00f3lico y cargado de historia para los romanos. El cardenal Ravasi se refiri\u00f3 precisamente al Pante\u00f3n \u00abcomo una joya de creatividad y de armon\u00eda, que conserva la tumba de un artista universal como Rafael, y es la casa precisamente de los Acad\u00e9micos Pontificios Virtuosos\u00bb.<\/span><\/p>\n<p><a href=\"http:\/\/www.tunaespana.es\/wp-content\/uploads\/2013\/08\/Pedro-Cano-con-el-cardenal-Ravasi-en-el-momento-de-recibir-el-t\u00edtulo-ayer-en-el-Pante\u00f3n.jpg\"><img decoding=\"async\" loading=\"lazy\" class=\"aligncenter size-full wp-image-18944\" src=\"http:\/\/www.tunaespana.es\/wp-content\/uploads\/2013\/08\/Pedro-Cano-con-el-cardenal-Ravasi-en-el-momento-de-recibir-el-t\u00edtulo-ayer-en-el-Pante\u00f3n.jpg\" alt=\"Pedro Cano con el cardenal Ravasi, en el momento de recibir el t\u00edtulo, ayer en el Pante\u00f3n\" width=\"300\" height=\"248\" \/><\/a><\/p>\n<p style=\"text-align: center;\"><span style=\"color: #cc99ff;\">Los Acad\u00e9micos Virtuosos son <strong>nombrados por el Papa<\/strong> y escogidos entre eminentes personalidades de todas las naciones, que han alcanzado la fama en el ejercicio de su arte, y conocidas por su recto sentir y obrar moral. Los Acad\u00e9micos Virtuosos Ordinarios son <strong>cincuenta<\/strong>.<\/span><\/p>\n<p style=\"text-align: center;\"><a href=\"http:\/\/www.tunaespana.es\/wp-content\/uploads\/2013\/08\/Foto7_PC_papa_obraOK.jpg\"><img decoding=\"async\" loading=\"lazy\" class=\"aligncenter size-full wp-image-18948\" src=\"http:\/\/www.tunaespana.es\/wp-content\/uploads\/2013\/08\/Foto7_PC_papa_obraOK.jpg\" alt=\"Foto7_PC_papa_obr(a)OK\" width=\"300\" height=\"240\" \/><\/a><\/p>\n<p style=\"text-align: center;\"><span style=\"color: #cc99ff;\">Pedro Cano y su Santidad Juan Pablo II<\/span><\/p>\n<p style=\"text-align: center;\"><span style=\"color: #000000;\">.<\/span><\/p>\n<p><a href=\"http:\/\/www.tunaespana.es\/wp-content\/uploads\/2013\/08\/7661646-v.jpg\"><img decoding=\"async\" loading=\"lazy\" class=\"aligncenter size-full wp-image-18955\" src=\"http:\/\/www.tunaespana.es\/wp-content\/uploads\/2013\/08\/7661646-v.jpg\" alt=\"7661646 v\" width=\"210\" height=\"242\" \/><\/a><\/p>\n<p style=\"text-align: center;\"><span style=\"color: #cc99ff;\">Pedro Cano junto al Papa <em>Ratzinger.<\/em><\/span><\/p>\n<p><span style=\"color: #000000;\">.<\/span><\/p>\n<p><span style=\"color: #000000;\">.<a href=\"http:\/\/www.tunaespana.es\/wp-content\/uploads\/2013\/08\/TunaEspa\u00f1a-Pedro-Cano-18-Vv.jpg\"><img decoding=\"async\" loading=\"lazy\" class=\"aligncenter size-full wp-image-18959\" src=\"http:\/\/www.tunaespana.es\/wp-content\/uploads\/2013\/08\/TunaEspa\u00f1a-Pedro-Cano-18-Vv.jpg\" alt=\"TunaEspa\u00f1a, Pedro Cano, 18 Vv\" width=\"428\" height=\"345\" srcset=\"https:\/\/www.tunaespana.es\/wp-content\/uploads\/2013\/08\/TunaEspa\u00f1a-Pedro-Cano-18-Vv.jpg 428w, https:\/\/www.tunaespana.es\/wp-content\/uploads\/2013\/08\/TunaEspa\u00f1a-Pedro-Cano-18-Vv-300x241.jpg 300w\" sizes=\"(max-width: 428px) 100vw, 428px\" \/><\/a><\/span><\/p>\n<p><span style=\"color: #000000;\">\u00a0.<\/span><\/p>\n<p><span style=\"color: #000000;\">.<\/span><\/p>\n<p><a href=\"http:\/\/www.tunaespana.es\/wp-content\/uploads\/2013\/08\/Pedro-Cano-Don-Dudo-TunaEspa\u00f1a-Tuna-Universitaria-Pintor-Pedro-Cano3.jpg\"><img decoding=\"async\" loading=\"lazy\" class=\"aligncenter size-full wp-image-18965\" src=\"http:\/\/www.tunaespana.es\/wp-content\/uploads\/2013\/08\/Pedro-Cano-Don-Dudo-TunaEspa\u00f1a-Tuna-Universitaria-Pintor-Pedro-Cano3.jpg\" alt=\"Pedro Cano, Don Dudo, TunaEspa\u00f1a, Tuna Universitaria, Pintor Pedro Cano,3\" width=\"636\" height=\"358\" srcset=\"https:\/\/www.tunaespana.es\/wp-content\/uploads\/2013\/08\/Pedro-Cano-Don-Dudo-TunaEspa\u00f1a-Tuna-Universitaria-Pintor-Pedro-Cano3.jpg 636w, https:\/\/www.tunaespana.es\/wp-content\/uploads\/2013\/08\/Pedro-Cano-Don-Dudo-TunaEspa\u00f1a-Tuna-Universitaria-Pintor-Pedro-Cano3-300x168.jpg 300w\" sizes=\"(max-width: 636px) 100vw, 636px\" \/><\/a><\/p>\n<p>&nbsp;<\/p>\n<p>&nbsp;<\/p>\n","protected":false},"excerpt":{"rendered":"<p>. . . TunaEspa\u00f1a realiza un entra\u00f1able\u00a0 Homenaje al maestro \u00abPedro Cano\u00bb en su \u00abBlanca\u00bb natal, el 10 de Agosto 2013. . \u00a0\u00abDon Dudo\u00bb Dr. D. Carlos Espinosa\u00a0(Presidente &#8211; Fundador de TunaEspa\u00f1a) imponiendo La Beca a D. Pedro Cano, en presencia del Secretario de la Tuna profesor D. Jose Miguel Visedo,\u00a0 Alcalde de\u00a0 Blanca D. [&hellip;]<\/p>\n","protected":false},"author":2,"featured_media":0,"parent":0,"menu_order":13,"comment_status":"closed","ping_status":"closed","template":"","meta":[],"_links":{"self":[{"href":"https:\/\/www.tunaespana.es\/index.php?rest_route=\/wp\/v2\/pages\/18943"}],"collection":[{"href":"https:\/\/www.tunaespana.es\/index.php?rest_route=\/wp\/v2\/pages"}],"about":[{"href":"https:\/\/www.tunaespana.es\/index.php?rest_route=\/wp\/v2\/types\/page"}],"author":[{"embeddable":true,"href":"https:\/\/www.tunaespana.es\/index.php?rest_route=\/wp\/v2\/users\/2"}],"replies":[{"embeddable":true,"href":"https:\/\/www.tunaespana.es\/index.php?rest_route=%2Fwp%2Fv2%2Fcomments&post=18943"}],"version-history":[{"count":28,"href":"https:\/\/www.tunaespana.es\/index.php?rest_route=\/wp\/v2\/pages\/18943\/revisions"}],"predecessor-version":[{"id":32091,"href":"https:\/\/www.tunaespana.es\/index.php?rest_route=\/wp\/v2\/pages\/18943\/revisions\/32091"}],"wp:attachment":[{"href":"https:\/\/www.tunaespana.es\/index.php?rest_route=%2Fwp%2Fv2%2Fmedia&parent=18943"}],"curies":[{"name":"wp","href":"https:\/\/api.w.org\/{rel}","templated":true}]}}