{"id":247,"date":"2011-03-08T17:30:42","date_gmt":"2011-03-08T17:30:42","guid":{"rendered":"http:\/\/www.tunaespana.com\/wp\/?page_id=247"},"modified":"2020-04-26T07:13:26","modified_gmt":"2020-04-26T07:13:26","slug":"contacto","status":"publish","type":"page","link":"https:\/\/www.tunaespana.es\/?page_id=247","title":{"rendered":"Contactar con TunaEspa\u00f1a , Youtube"},"content":{"rendered":"<p style=\"text-align: center;\"><span style=\"font-size: 6px; color: #888888;\"><strong>.<\/strong><\/span><\/p>\n<p style=\"text-align: center;\"><span style=\"color: #cc99ff; font-size: 28px;\">Para Contactar con TunaEspa\u00f1a escriba a:<\/span><\/p>\n<p style=\"text-align: center;\"><span style=\"font-size: 22px;\"><strong><span style=\"color: #00ff00;\">tunadeespana@gmail.com<\/span><\/strong><\/span><\/p>\n<p style=\"text-align: center;\"><span style=\"color: #000000;\">.<\/span><\/p>\n<p align=\"CENTER\"><span style=\"color: #cc99ff;\"><span style=\"color: #ff0000;\"><strong>Tun<span style=\"color: #ffff00;\">aEsp<\/span>a\u00f1a<\/strong><\/span> es una asociaci\u00f3n Universitaria fundada en Diciembre 2010, formada por Tunos veteranos nacidos en las \u00faltimas 8 d\u00e9cadas, <span style=\"font-family: Andalus,serif;\"><span style=\"font-size: medium;\">ayer estudiantes, hoy doctores y licenciados<\/span><\/span>. Sus integrantes proceden de muy diversas facultades de multiples Universidades Espa\u00f1olas e IberoAmericanas, dando cabida a Tunos veteranos de Todas las Tunas Universitarias Espa\u00f1olas y hermanas IberoAmericanas que deseen, mantener viva la verdadera tradici\u00f3n de la Tuna.<\/span><\/p>\n<p align=\"CENTER\"><span style=\"color: #cc99ff;\"><span style=\"font-family: Andalus,serif;\"><span style=\"font-size: medium;\">En<\/span><\/span> Diciembre del 2013 fue declarada por el Alto Comisionado del Gobierno para la Marca Espa\u00f1a, dependiente del Ministerio de Asuntos Exteriores, \u201cInstituci\u00f3n de Inter\u00e9s para la<\/span> <span style=\"color: #cc99ff;\"><span style=\"color: #ff0000;\"><strong>MAR<span style=\"color: #ffff00;\">CA ESP<\/span>A\u00d1A<\/strong><\/span>\u201d, haciendo constar en el nombramiento que: \u201c<span style=\"color: #ff0000;\"><strong>Tun<span style=\"color: #ffff00;\">a Esp<\/span>a\u00f1a<\/strong><\/span> cultiva y promueve los valores que Marca Espa\u00f1a alienta y patrocina, por lo que constituye una valiosa aportaci\u00f3n a la promoci\u00f3n de la imagen de Espa\u00f1a, tanto dentro como fuera de nuestras fronteras, y declara en consecuencia, a Tuna Espa\u00f1a Instituci\u00f3n de Inter\u00e9s para la Marca Espa\u00f1a\u201d.<\/span><\/p>\n<p align=\"CENTER\"><span style=\"color: #cc99ff;\">En 2016\u00a0encabez\u00f3 el Desfile de la Hispanidad, que discurre por la Quinta Avenida de Nueva York, representando Espa\u00f1a.<\/span><\/p>\n<p align=\"CENTER\"><span style=\"color: #cc99ff;\">En Octubre 2018, Correos emite un sello dedicado a <strong><span style=\"color: #ff0000;\">Tun<span style=\"color: #ffff00;\">aEsp<\/span>a\u00f1a<\/span><\/strong>\u00bb LA PRIMERA VEZ EN LA HISTORIA QUE CORREOS HACE UN SELLO DEDICADO A LA TUNA Y CONCRETAMENTE A \u201cTUNA ESPA\u00d1A\u201d !<\/span><\/p>\n<p align=\"CENTER\"><span style=\"color: #0000ff;\"><span style=\"font-family: Georgia,Times New Roman,Bitstream Charter,Times,serif;\"><span style=\"font-size: small;\">\u00a0<\/span><\/span><\/span><\/p>\n<blockquote class=\"embedly-card\" data-card-controls=\"1\" data-card-align=\"center\" data-card-theme=\"light\">\n<h4><a href=\"https:\/\/www.youtube.com\/watch?v=Tb-utjwjAzs\">Entrega de Marca Espa\u00f1a a TunaEspa\u00f1a Tuna Espa\u00f1a<\/a><\/h4>\n<p>www.TunaEspana.es TunaEspa\u00f1a Tambien es \u00abMarca Espa\u00f1a\u00bb . \u00abTunaEspa\u00f1a\u00bb (Tuna Espa\u00f1a) recibe el t\u00edtulo que la acredita como instituci\u00f3n de inter\u00e9s para la prom&#8230;<\/p>\n<\/blockquote>\n<p><script async src=\"\/\/cdn.embedly.com\/widgets\/platform.js\" charset=\"UTF-8\"><\/script><\/p>\n<p style=\"text-align: center;\"><span style=\"color: #000000;\">.<\/span><\/p>\n<blockquote class=\"embedly-card\" data-card-controls=\"1\" data-card-align=\"center\" data-card-theme=\"light\">\n<h4><a href=\"https:\/\/www.youtube.com\/watch?v=wgRjcuChTDA\">TunaEspa\u00f1a GAUDEAMUS Igitur Universidad Zaragoza,<\/a><\/h4>\n<p>Acto de imposici\u00f3n de la Insignia de Oro de Tuna Espa\u00f1a al Se\u00f1or Rector Magn\u00edfico de la Universidad de Zaragoza,y Presidente de la La Conferencia de Rectores&#8230;<\/p>\n<\/blockquote>\n<p><script async src=\"\/\/cdn.embedly.com\/widgets\/platform.js\" charset=\"UTF-8\"><\/script><\/p>\n<p style=\"text-align: center;\"><span style=\"color: #000000;\">.<\/span><\/p>\n<p style=\"text-align: center;\"><span style=\"color: #000000;\">.<a href=\"http:\/\/www.tunaespana.es\/wp-content\/uploads\/2011\/07\/TunaEspa\u00f1aCarlos-Espinosa-Don-Dudo-Insignia-de-Oro-Rector-Universidad-CRUE02.jpg\"><img decoding=\"async\" loading=\"lazy\" class=\"aligncenter size-full wp-image-30928\" src=\"http:\/\/www.tunaespana.es\/wp-content\/uploads\/2011\/07\/TunaEspa\u00f1aCarlos-Espinosa-Don-Dudo-Insignia-de-Oro-Rector-Universidad-CRUE02.jpg\" alt=\"TunaEspa\u00f1a,Carlos Espinosa, Don Dudo, Insignia de Oro, Rector Universidad, CRUE,02\" width=\"633\" height=\"422\" srcset=\"https:\/\/www.tunaespana.es\/wp-content\/uploads\/2011\/07\/TunaEspa\u00f1aCarlos-Espinosa-Don-Dudo-Insignia-de-Oro-Rector-Universidad-CRUE02.jpg 633w, https:\/\/www.tunaespana.es\/wp-content\/uploads\/2011\/07\/TunaEspa\u00f1aCarlos-Espinosa-Don-Dudo-Insignia-de-Oro-Rector-Universidad-CRUE02-300x200.jpg 300w\" sizes=\"(max-width: 633px) 100vw, 633px\" \/><\/a><\/span><\/p>\n<p align=\"CENTER\"><span style=\"color: #0000ff;\"><span style=\"font-family: Georgia,Times New Roman,Bitstream Charter,Times,serif;\"><span style=\"font-size: small;\">\u00a0<\/span><\/span><\/span><\/p>\n<blockquote class=\"embedly-card\" data-card-controls=\"1\" data-card-align=\"center\" data-card-theme=\"light\">\n<h4><a href=\"https:\/\/www.youtube.com\/watch?v=wyK6JE689iM\">TunaEspa\u00f1a: Catedral de Santiago de Compostela, Centenario de la Casa de la Troya<\/a><\/h4>\n<p>Tuna Espa\u00f1a es una asociaci\u00f3n, fundada en diciembre de 2010, formada por antiguos tunos universitarios nacidos en las 8 \u00faltimas d\u00e9cadas, ayer estudiantes, ho&#8230;<\/p>\n<\/blockquote>\n<p><script async src=\"\/\/cdn.embedly.com\/widgets\/platform.js\" charset=\"UTF-8\"><\/script><\/p>\n<p style=\"text-align: center;\"><span style=\"color: #000000;\">.<\/span><\/p>\n<p style=\"text-align: center;\"><a href=\"http:\/\/www.tunaespana.es\/wp-content\/uploads\/2016\/03\/05TunaEspa\u00f1a-Palacio-Fonseca-Carlos-Espinosa-Celdran-Cancionero-Tuna-dismi.jpg\"><img decoding=\"async\" loading=\"lazy\" class=\"aligncenter size-full wp-image-30828\" src=\"http:\/\/www.tunaespana.es\/wp-content\/uploads\/2016\/03\/05TunaEspa\u00f1a-Palacio-Fonseca-Carlos-Espinosa-Celdran-Cancionero-Tuna-dismi.jpg\" alt=\"05,TunaEspa\u00f1a, Palacio Fonseca, Carlos Espinosa Celdran, Cancionero Tuna, dismi\" width=\"570\" height=\"607\" srcset=\"https:\/\/www.tunaespana.es\/wp-content\/uploads\/2016\/03\/05TunaEspa\u00f1a-Palacio-Fonseca-Carlos-Espinosa-Celdran-Cancionero-Tuna-dismi.jpg 570w, https:\/\/www.tunaespana.es\/wp-content\/uploads\/2016\/03\/05TunaEspa\u00f1a-Palacio-Fonseca-Carlos-Espinosa-Celdran-Cancionero-Tuna-dismi-281x300.jpg 281w\" sizes=\"(max-width: 570px) 100vw, 570px\" \/><\/a><\/p>\n<blockquote class=\"embedly-card\" data-card-controls=\"1\" data-card-align=\"center\" data-card-theme=\"light\">\n<h4><a href=\"https:\/\/www.youtube.com\/watch?v=w2PdJa34rRg\">TunaEspa\u00f1a Conferencia en la Universidad de Murcia La Tuna Decada de los 50, 60 y 70.<\/a><\/h4>\n<p>Nuestro compa\u00f1ero de TunaEspa\u00f1a Profesor Acosta habla de La Tuna de Los A\u00f1os 70.Previamente Don Notario, Jefe de La Tuna Del SEU a\u00f1o 1952, Nos Hablo de La Tu&#8230;<\/p>\n<\/blockquote>\n<p><script async src=\"\/\/cdn.embedly.com\/widgets\/platform.js\" charset=\"UTF-8\"><\/script><\/p>\n<p style=\"text-align: center;\">.<\/p>\n<p style=\"text-align: center;\"><a href=\"http:\/\/www.tunaespana.es\/wp-content\/uploads\/2016\/03\/TunaEspa\u00f1a-Don-Dudo-Rector-Universidad-de-Murcia-Insignia-de-oro-TunaEspa\u00f1a-Jose-Antonio-Cobacho-Gomez01.jpg\"><img decoding=\"async\" loading=\"lazy\" class=\"aligncenter size-full wp-image-30866\" src=\"http:\/\/www.tunaespana.es\/wp-content\/uploads\/2016\/03\/TunaEspa\u00f1a-Don-Dudo-Rector-Universidad-de-Murcia-Insignia-de-oro-TunaEspa\u00f1a-Jose-Antonio-Cobacho-Gomez01.jpg\" alt=\"TunaEspa\u00f1a, Don Dudo, Rector Universidad de Murcia, Insignia de oro TunaEspa\u00f1a, Jose Antonio Cobacho Gomez,01\" width=\"684\" height=\"421\" srcset=\"https:\/\/www.tunaespana.es\/wp-content\/uploads\/2016\/03\/TunaEspa\u00f1a-Don-Dudo-Rector-Universidad-de-Murcia-Insignia-de-oro-TunaEspa\u00f1a-Jose-Antonio-Cobacho-Gomez01.jpg 684w, https:\/\/www.tunaespana.es\/wp-content\/uploads\/2016\/03\/TunaEspa\u00f1a-Don-Dudo-Rector-Universidad-de-Murcia-Insignia-de-oro-TunaEspa\u00f1a-Jose-Antonio-Cobacho-Gomez01-300x184.jpg 300w\" sizes=\"(max-width: 684px) 100vw, 684px\" \/><\/a><\/p>\n<p align=\"CENTER\"><span style=\"color: #ff00ff;\"><span style=\"font-family: Georgia,Times New Roman,Bitstream Charter,Times,serif;\"><span style=\"font-size: medium;\"><span style=\"color: #23ff23;\">\u00a0<\/span><\/span><\/span><\/span><\/p>\n<blockquote class=\"embedly-card\" data-card-controls=\"1\" data-card-align=\"center\" data-card-theme=\"light\">\n<h4><a href=\"https:\/\/www.youtube.com\/watch?v=hPt_o-HzE1c\">TunaEspa\u00f1a ronda a la Virgen de la Fuensanta<\/a><\/h4>\n<p>TunaEspa\u00f1a ronda a la Virgen de la Fuensanta en el altar mayor de la catedral de Murcia en su d\u00eda grande.<\/p>\n<\/blockquote>\n<p><script async src=\"\/\/cdn.embedly.com\/widgets\/platform.js\" charset=\"UTF-8\"><\/script><\/p>\n<p>&nbsp;<\/p>\n<p>.<a href=\"http:\/\/www.tunaespana.es\/wp-content\/uploads\/2011\/03\/TunaEspa\u00f1a-Catedral-Murcia-definit1.jpg\"><img decoding=\"async\" loading=\"lazy\" class=\"aligncenter size-full wp-image-29764\" src=\"http:\/\/www.tunaespana.es\/wp-content\/uploads\/2011\/03\/TunaEspa\u00f1a-Catedral-Murcia-definit1.jpg\" alt=\"TunaEspa\u00f1a-Catedral-Murcia-definit1\" width=\"725\" height=\"307\" srcset=\"https:\/\/www.tunaespana.es\/wp-content\/uploads\/2011\/03\/TunaEspa\u00f1a-Catedral-Murcia-definit1.jpg 725w, https:\/\/www.tunaespana.es\/wp-content\/uploads\/2011\/03\/TunaEspa\u00f1a-Catedral-Murcia-definit1-300x127.jpg 300w\" sizes=\"(max-width: 725px) 100vw, 725px\" \/><\/a><\/p>\n<p><span style=\"color: #000000;\">.<\/span><\/p>\n<p><span style=\"color: #000000;\">.<\/span><\/p>\n<blockquote class=\"embedly-card\" data-card-controls=\"1\" data-card-align=\"center\" data-card-theme=\"light\">\n<h4><a href=\"https:\/\/www.youtube.com\/watch?v=biZ80k9h8QQ\">Los Ojos de la Espa\u00f1ola TunaEspa\u00f1a<\/a><\/h4>\n<p>TunaEspa\u00f1a Real Casino de Murcia Los ojos de la espa\u00f1ola<\/p>\n<\/blockquote>\n<p><script async src=\"\/\/cdn.embedly.com\/widgets\/platform.js\" charset=\"UTF-8\"><\/script><\/p>\n<p align=\"CENTER\"><span style=\"color: #000000;\">.<\/span><\/p>\n<blockquote class=\"embedly-card\" data-card-controls=\"1\" data-card-align=\"center\" data-card-theme=\"light\">\n<h4><a href=\"https:\/\/www.youtube.com\/watch?v=wkborhHjbEQ\">TunaEspa\u00f1a, Bolero a Murcia, R.M. en el Altar Mayor Catedral<\/a><\/h4>\n<p>\u00abTunaEspa\u00f1a\u00bb, en la Ronda y Ofrenda anual de Flores dedica \u00abBolero a Murcia\u00bb, a La Fuensantica, en el Altar Mayor Catedral de Murcia, La noche vispera de su &#8230;<\/p>\n<\/blockquote>\n<p><script async src=\"\/\/cdn.embedly.com\/widgets\/platform.js\" charset=\"UTF-8\"><\/script><\/p>\n<p align=\"CENTER\">.<\/p>\n<p align=\"CENTER\">.<\/p>\n<blockquote class=\"embedly-card\" data-card-controls=\"1\" data-card-align=\"center\" data-card-theme=\"light\">\n<h4><a href=\"https:\/\/www.youtube.com\/watch?v=GkMFGuXC5ms\">TunaEspa\u00f1a: Soy Espa\u00f1ol ,\u00bbSantiago de Compostela\u00bb (Introducci\u00f3n \u00abA Rianxeira\u00bb)<\/a><\/h4>\n<p>TunaEspa\u00f1a, se despide con \u00abSoy Espa\u00f1ol\u00bb \u00abSantiago de Compostela\u00bb en el Centenario \u00abLa Casa de La Troya\u00bb. Introducci\u00f3n inicial de \u00abA Rianxeira\u00bb . Tuna Espa\u00f1a&#8230;<\/p>\n<\/blockquote>\n<p><script async src=\"\/\/cdn.embedly.com\/widgets\/platform.js\" charset=\"UTF-8\"><\/script><\/p>\n<p align=\"CENTER\">.<\/p>\n<blockquote class=\"embedly-card\" data-card-controls=\"1\" data-card-align=\"center\" data-card-theme=\"light\">\n<h4><a href=\"https:\/\/www.youtube.com\/watch?v=HIxKt9mjgN4\">TunaEspa\u00f1a, Amapola, Teatro de Calahorra, La Rioja, Espa\u00f1a, Tuna Espa\u00f1a<\/a><\/h4>\n<p>No Description<\/p>\n<\/blockquote>\n<p><script async src=\"\/\/cdn.embedly.com\/widgets\/platform.js\" charset=\"UTF-8\"><\/script><\/p>\n<p align=\"CENTER\">.<\/p>\n<blockquote class=\"embedly-card\" data-card-controls=\"1\" data-card-align=\"center\" data-card-theme=\"light\">\n<h4><a href=\"https:\/\/www.youtube.com\/watch?v=83tItheghjI\">Teatro ideal de Calahorra.Tuna Espa\u00f1a.Maria de las Mercedes<\/a><\/h4>\n<p>Teatro Ideal de Calahorra 18042015.Tuna Espa\u00f1a. Maria de las Mercedes( by Rosita la Ronde\u00f1a)<\/p>\n<\/blockquote>\n<p><script async src=\"\/\/cdn.embedly.com\/widgets\/platform.js\" charset=\"UTF-8\"><\/script><\/p>\n<p align=\"CENTER\">.<\/p>\n<p align=\"CENTER\"><a href=\"http:\/\/www.tunaespana.es\/wp-content\/uploads\/2011\/03\/TunaEspa\u00f1a-tuna-espa\u00f1a-dism1.jpg\"><img decoding=\"async\" loading=\"lazy\" class=\"aligncenter size-full wp-image-30491\" src=\"http:\/\/www.tunaespana.es\/wp-content\/uploads\/2011\/03\/TunaEspa\u00f1a-tuna-espa\u00f1a-dism1.jpg\" alt=\"TunaEspa\u00f1a-tuna-espa\u00f1a-dism\" width=\"407\" height=\"407\" srcset=\"https:\/\/www.tunaespana.es\/wp-content\/uploads\/2011\/03\/TunaEspa\u00f1a-tuna-espa\u00f1a-dism1.jpg 407w, https:\/\/www.tunaespana.es\/wp-content\/uploads\/2011\/03\/TunaEspa\u00f1a-tuna-espa\u00f1a-dism1-150x150.jpg 150w, https:\/\/www.tunaespana.es\/wp-content\/uploads\/2011\/03\/TunaEspa\u00f1a-tuna-espa\u00f1a-dism1-300x300.jpg 300w\" sizes=\"(max-width: 407px) 100vw, 407px\" \/><\/a>.<\/p>\n<p align=\"CENTER\"><a href=\"http:\/\/www.tunaespana.es\/wp-content\/uploads\/2011\/03\/01-RONDA-TUNA-ESPA\u00d1A_dism1.jpg\"><img decoding=\"async\" loading=\"lazy\" class=\"aligncenter size-full wp-image-30492\" src=\"http:\/\/www.tunaespana.es\/wp-content\/uploads\/2011\/03\/01-RONDA-TUNA-ESPA\u00d1A_dism1.jpg\" alt=\"01-RONDA-TUNA-ESPA\u00d1A_dism\" width=\"303\" height=\"404\" srcset=\"https:\/\/www.tunaespana.es\/wp-content\/uploads\/2011\/03\/01-RONDA-TUNA-ESPA\u00d1A_dism1.jpg 303w, https:\/\/www.tunaespana.es\/wp-content\/uploads\/2011\/03\/01-RONDA-TUNA-ESPA\u00d1A_dism1-225x300.jpg 225w\" sizes=\"(max-width: 303px) 100vw, 303px\" \/><\/a><\/p>\n<p align=\"CENTER\">.<\/p>\n","protected":false},"excerpt":{"rendered":"<p>. Para Contactar con TunaEspa\u00f1a escriba a: tunadeespana@gmail.com . TunaEspa\u00f1a es una asociaci\u00f3n Universitaria fundada en Diciembre 2010, formada por Tunos veteranos nacidos en las \u00faltimas 8 d\u00e9cadas, ayer estudiantes, hoy doctores y licenciados. Sus integrantes proceden de muy diversas facultades de multiples Universidades Espa\u00f1olas e IberoAmericanas, dando cabida a Tunos veteranos de Todas las [&hellip;]<\/p>\n","protected":false},"author":2,"featured_media":0,"parent":0,"menu_order":28,"comment_status":"open","ping_status":"open","template":"","meta":[],"_links":{"self":[{"href":"https:\/\/www.tunaespana.es\/index.php?rest_route=\/wp\/v2\/pages\/247"}],"collection":[{"href":"https:\/\/www.tunaespana.es\/index.php?rest_route=\/wp\/v2\/pages"}],"about":[{"href":"https:\/\/www.tunaespana.es\/index.php?rest_route=\/wp\/v2\/types\/page"}],"author":[{"embeddable":true,"href":"https:\/\/www.tunaespana.es\/index.php?rest_route=\/wp\/v2\/users\/2"}],"replies":[{"embeddable":true,"href":"https:\/\/www.tunaespana.es\/index.php?rest_route=%2Fwp%2Fv2%2Fcomments&post=247"}],"version-history":[{"count":88,"href":"https:\/\/www.tunaespana.es\/index.php?rest_route=\/wp\/v2\/pages\/247\/revisions"}],"predecessor-version":[{"id":34350,"href":"https:\/\/www.tunaespana.es\/index.php?rest_route=\/wp\/v2\/pages\/247\/revisions\/34350"}],"wp:attachment":[{"href":"https:\/\/www.tunaespana.es\/index.php?rest_route=%2Fwp%2Fv2%2Fmedia&parent=247"}],"curies":[{"name":"wp","href":"https:\/\/api.w.org\/{rel}","templated":true}]}}