{"id":32099,"date":"2017-05-13T19:02:24","date_gmt":"2017-05-13T19:02:24","guid":{"rendered":"http:\/\/www.tunaespana.es\/?page_id=32099"},"modified":"2023-06-30T08:39:15","modified_gmt":"2023-06-30T06:39:15","slug":"tunaespana-virgen-del-pilar-patrona-de-espana-y-de-la-hispanidad","status":"publish","type":"page","link":"https:\/\/www.tunaespana.es\/?page_id=32099","title":{"rendered":"TunaEspa\u00f1a @ Virgen Del Pilar, Patrona de La Hispanidad \u00abBendita Hispanidad\u00bb"},"content":{"rendered":"<p>.<\/p>\n<p>.<a href=\"http:\/\/www.tunaespana.es\/?attachment_id=32100\" rel=\"attachment wp-att-32100\"><img decoding=\"async\" loading=\"lazy\" class=\"aligncenter size-full wp-image-32100\" src=\"http:\/\/www.tunaespana.es\/wp-content\/uploads\/2017\/05\/TunaEspa\u00f1a-Don-Dudo-Basilica-del-Pilar-Virgen-del-Pilar-dism.jpg\" alt=\"TunaEspa\u00f1a, Don Dudo, Basilica del Pilar, Virgen del Pilar, dism\" width=\"535\" height=\"755\" srcset=\"https:\/\/www.tunaespana.es\/wp-content\/uploads\/2017\/05\/TunaEspa\u00f1a-Don-Dudo-Basilica-del-Pilar-Virgen-del-Pilar-dism.jpg 535w, https:\/\/www.tunaespana.es\/wp-content\/uploads\/2017\/05\/TunaEspa\u00f1a-Don-Dudo-Basilica-del-Pilar-Virgen-del-Pilar-dism-213x300.jpg 213w\" sizes=\"(max-width: 535px) 100vw, 535px\" \/><\/a><\/p>\n<p><span style=\"color: #000000;\">.<\/span><\/p>\n<h1 class=\"page-title\" style=\"text-align: center;\"><span style=\"color: #999999;\">Nuestra Se\u00f1ora del Pilar, Patrona de la Hispanidad<\/span><\/h1>\n<p style=\"text-align: center;\"><em><span style=\"color: #999999;\">\u201cprotege a<\/span> <strong><span style=\"color: #ff0000;\">Es<span style=\"color: #ffff00;\">pa<\/span>\u00f1a<\/span><\/strong>, <span style=\"color: #999999;\">a todos y cada uno de sus hijos y pueblos, as\u00ed como a los hijos de todas las <strong>naciones hisp\u00e1nicas<\/strong>. Protege a cuantos te invocan como\u00a0<strong>Patrona de la Hispanidad<\/strong>\u201c.<\/span><\/em><\/p>\n<p style=\"text-align: center;\"><span style=\"color: #999999;\"><cite>SAN JUAN PABLO II<\/cite><\/span><\/p>\n<p>.<\/p>\n<blockquote class=\"embedly-card\" data-card-controls=\"1\" data-card-align=\"center\" data-card-theme=\"light\">\n<h4><a href=\"https:\/\/www.youtube.com\/watch?v=GhFar80CXlI\">TunaEspa\u00f1a &#038; Bas\u00edlica del Pilar de Zaragoza &#038; Patrona de La Hispanidad<\/a><\/h4>\n<p>No Description<\/p>\n<\/blockquote>\n<p><script async src=\"\/\/cdn.embedly.com\/widgets\/platform.js\" charset=\"UTF-8\"><\/script><\/p>\n<p><span style=\"color: #000000;\">.<a href=\"http:\/\/www.tunaespana.es\/?attachment_id=32533\" rel=\"attachment wp-att-32533\"><img decoding=\"async\" loading=\"lazy\" class=\"aligncenter size-full wp-image-32533\" src=\"http:\/\/www.tunaespana.es\/wp-content\/uploads\/2017\/05\/TunaEspa\u00f1a-Carlos-Espinosa-Celdran-Don-Dudo-DonDudo-Juntamento-Zaragoza-Virgen-del-Pilar-Hispanidad-03.jpg\" alt=\"TunaEspa\u00f1a, Carlos Espinosa Celdran, Don Dudo, DonDudo, Juntamento Zaragoza, Virgen del Pilar, Hispanidad, 03\" width=\"692\" height=\"386\" srcset=\"https:\/\/www.tunaespana.es\/wp-content\/uploads\/2017\/05\/TunaEspa\u00f1a-Carlos-Espinosa-Celdran-Don-Dudo-DonDudo-Juntamento-Zaragoza-Virgen-del-Pilar-Hispanidad-03.jpg 692w, https:\/\/www.tunaespana.es\/wp-content\/uploads\/2017\/05\/TunaEspa\u00f1a-Carlos-Espinosa-Celdran-Don-Dudo-DonDudo-Juntamento-Zaragoza-Virgen-del-Pilar-Hispanidad-03-300x167.jpg 300w\" sizes=\"(max-width: 692px) 100vw, 692px\" \/><\/a><\/span><\/p>\n<p><span style=\"color: #000000;\">.<\/span><\/p>\n<p><span style=\"color: #000000;\">.<a href=\"http:\/\/www.tunaespana.es\/?attachment_id=32534\" rel=\"attachment wp-att-32534\"><img decoding=\"async\" loading=\"lazy\" class=\"aligncenter size-full wp-image-32534\" src=\"http:\/\/www.tunaespana.es\/wp-content\/uploads\/2017\/05\/TunaEspa\u00f1a-Carlos-Espinosa-Celdran-Don-Dudo-DonDudo-Juntamento-Zaragoza-Virgen-del-Pilar-Hispanidad-04.jpg\" alt=\"TunaEspa\u00f1a, Carlos Espinosa Celdran, Don Dudo, DonDudo, Juntamento Zaragoza, Virgen del Pilar, Hispanidad, 04\" width=\"480\" height=\"360\" srcset=\"https:\/\/www.tunaespana.es\/wp-content\/uploads\/2017\/05\/TunaEspa\u00f1a-Carlos-Espinosa-Celdran-Don-Dudo-DonDudo-Juntamento-Zaragoza-Virgen-del-Pilar-Hispanidad-04.jpg 480w, https:\/\/www.tunaespana.es\/wp-content\/uploads\/2017\/05\/TunaEspa\u00f1a-Carlos-Espinosa-Celdran-Don-Dudo-DonDudo-Juntamento-Zaragoza-Virgen-del-Pilar-Hispanidad-04-300x225.jpg 300w\" sizes=\"(max-width: 480px) 100vw, 480px\" \/><\/a><\/span><\/p>\n<p><span style=\"color: #000000;\">.<\/span><\/p>\n<p><span style=\"color: #000000;\">.<a href=\"http:\/\/www.tunaespana.es\/?attachment_id=32535\" rel=\"attachment wp-att-32535\"><img decoding=\"async\" loading=\"lazy\" class=\"aligncenter size-full wp-image-32535\" src=\"http:\/\/www.tunaespana.es\/wp-content\/uploads\/2017\/05\/TunaEspa\u00f1a-Carlos-Espinosa-Celdran-Don-Dudo-DonDudo-Juntamento-Zaragoza-Virgen-del-Pilar-Hispanidad-01.jpg\" alt=\"TunaEspa\u00f1a, Carlos Espinosa Celdran, Don Dudo, DonDudo, Juntamento Zaragoza, Virgen del Pilar, Hispanidad, 01\" width=\"692\" height=\"360\" srcset=\"https:\/\/www.tunaespana.es\/wp-content\/uploads\/2017\/05\/TunaEspa\u00f1a-Carlos-Espinosa-Celdran-Don-Dudo-DonDudo-Juntamento-Zaragoza-Virgen-del-Pilar-Hispanidad-01.jpg 692w, https:\/\/www.tunaespana.es\/wp-content\/uploads\/2017\/05\/TunaEspa\u00f1a-Carlos-Espinosa-Celdran-Don-Dudo-DonDudo-Juntamento-Zaragoza-Virgen-del-Pilar-Hispanidad-01-300x156.jpg 300w\" sizes=\"(max-width: 692px) 100vw, 692px\" \/><\/a><\/span><\/p>\n<p><span style=\"color: #000000;\">.<\/span><\/p>\n<p><span style=\"color: #000000;\">.<a href=\"http:\/\/www.tunaespana.es\/?attachment_id=32536\" rel=\"attachment wp-att-32536\"><img decoding=\"async\" loading=\"lazy\" class=\"aligncenter size-full wp-image-32536\" src=\"http:\/\/www.tunaespana.es\/wp-content\/uploads\/2017\/05\/TunaEspa\u00f1a-Carlos-Espinosa-Celdran-Don-Dudo-DonDudo-Juntamento-Zaragoza-Virgen-del-Pilar-Hispanidad-02.jpg\" alt=\"TunaEspa\u00f1a, Carlos Espinosa Celdran, Don Dudo, DonDudo, Juntamento Zaragoza, Virgen del Pilar, Hispanidad, 02\" width=\"704\" height=\"355\" srcset=\"https:\/\/www.tunaespana.es\/wp-content\/uploads\/2017\/05\/TunaEspa\u00f1a-Carlos-Espinosa-Celdran-Don-Dudo-DonDudo-Juntamento-Zaragoza-Virgen-del-Pilar-Hispanidad-02.jpg 704w, https:\/\/www.tunaespana.es\/wp-content\/uploads\/2017\/05\/TunaEspa\u00f1a-Carlos-Espinosa-Celdran-Don-Dudo-DonDudo-Juntamento-Zaragoza-Virgen-del-Pilar-Hispanidad-02-300x151.jpg 300w\" sizes=\"(max-width: 704px) 100vw, 704px\" \/><\/a><\/span><\/p>\n<p><span style=\"color: #000000;\">..<\/span><\/p>\n<p>.<\/p>\n<blockquote class=\"embedly-card\" data-card-controls=\"1\" data-card-align=\"center\" data-card-theme=\"light\">\n<h4><a href=\"https:\/\/www.youtube.com\/watch?v=GhFar80CXlI\">TunaEspa\u00f1a &#038; Bas\u00edlica del Pilar de Zaragoza &#038; Patrona de La Hispanidad<\/a><\/h4>\n<p>No Description<\/p>\n<\/blockquote>\n<p><script async src=\"\/\/cdn.embedly.com\/widgets\/platform.js\" charset=\"UTF-8\"><\/script><\/p>\n<p>.<\/p>\n<blockquote class=\"embedly-card\" data-card-controls=\"1\" data-card-align=\"center\" data-card-theme=\"light\">\n<h4><a href=\"https:\/\/www.turismoreligioso.travel\/patronas-de-america\/nuestra-senora-del-pilar\/\">Nuestra Se\u00f1ora del Pilar, Patrona de la Hispanidad<\/a><\/h4>\n<p>Nuestra Se\u00f1ora del Pilar tiene una abundante proyecci\u00f3n en Hispanoam\u00e9rica. Hay quienes aseguran que esta devoci\u00f3n mariana tiene su origen en que fue precisamente un 12 de octubre, fiesta de Nuestra Se\u00f1ora del Pilar, cuando Crist\u00f3bal Col\u00f3n ancl\u00f3 en Am\u00e9rica.<\/p>\n<\/blockquote>\n<p><script async src=\"\/\/cdn.embedly.com\/widgets\/platform.js\" charset=\"UTF-8\"><\/script><\/p>\n<div class=\"lwptoc_item\"><a href=\"https:\/\/www.turismoreligioso.travel\/patronas-de-america\/nuestra-senora-del-pilar\/#santuario_de_nuestra_senora_del_pilar_en_zaragoza\" rel=\"nofollow\"><span class=\"lwptoc_item_label\">Santuario de Nuestra Se\u00f1ora del Pilar en Zaragoza<\/span><\/a><\/div>\n<div class=\"lwptoc_item\"><a href=\"https:\/\/www.turismoreligioso.travel\/patronas-de-america\/nuestra-senora-del-pilar\/#nuestra_senora_del_pilar_en_guatemala\" rel=\"nofollow\"><span class=\"lwptoc_item_label\">Nuestra Se\u00f1ora del Pilar en Guatemala<\/span><\/a><\/div>\n<div class=\"lwptoc_item\"><a href=\"https:\/\/www.turismoreligioso.travel\/patronas-de-america\/nuestra-senora-del-pilar\/#departamento_de_san_vicente_en_el_salvador\" rel=\"nofollow\"><span class=\"lwptoc_item_label\">Departamento de San Vicente en El Salvador<\/span><\/a><\/div>\n<div class=\"lwptoc_item\"><a href=\"https:\/\/www.turismoreligioso.travel\/patronas-de-america\/nuestra-senora-del-pilar\/#nuestra_senora_del_pilar_en_mexico\" rel=\"nofollow\"><span class=\"lwptoc_item_label\">Nuestra Se\u00f1ora del Pilar en M\u00e9xico<\/span><\/a><\/div>\n<div class=\"lwptoc_item\"><a href=\"https:\/\/www.turismoreligioso.travel\/patronas-de-america\/nuestra-senora-del-pilar\/#venezuela_de_el_pilar_a_los_robles\" rel=\"nofollow\"><span class=\"lwptoc_item_label\">Venezuela de El Pilar a Los Robles<\/span><\/a><\/div>\n<div class=\"lwptoc_item\"><a href=\"https:\/\/www.turismoreligioso.travel\/patronas-de-america\/nuestra-senora-del-pilar\/#capital_de_la_provincia_de_neembucu_en_paraguay\" rel=\"nofollow\"><span class=\"lwptoc_item_label\">Capital de la provincia de \u00d1eembuc\u00fa en Paraguay<\/span><\/a><\/div>\n<div class=\"lwptoc_item\"><a href=\"https:\/\/www.turismoreligioso.travel\/patronas-de-america\/nuestra-senora-del-pilar\/#la_basilica_nuestra_senora_del_pilar_en_buenos_aires_argentina\" rel=\"nofollow\"><span class=\"lwptoc_item_label\">La Bas\u00edlica Nuestra Se\u00f1ora del Pilar en Buenos Aires, Argentina<\/span><\/a><\/div>\n<p>.<\/p>\n","protected":false},"excerpt":{"rendered":"<p>. . . Nuestra Se\u00f1ora del Pilar, Patrona de la Hispanidad \u201cprotege a Espa\u00f1a, a todos y cada uno de sus hijos y pueblos, as\u00ed como a los hijos de todas las naciones hisp\u00e1nicas. Protege a cuantos te invocan como\u00a0Patrona de la Hispanidad\u201c. SAN JUAN PABLO II . TunaEspa\u00f1a &#038; Bas\u00edlica del Pilar de Zaragoza [&hellip;]<\/p>\n","protected":false},"author":2,"featured_media":0,"parent":0,"menu_order":8,"comment_status":"closed","ping_status":"closed","template":"","meta":[],"_links":{"self":[{"href":"https:\/\/www.tunaespana.es\/index.php?rest_route=\/wp\/v2\/pages\/32099"}],"collection":[{"href":"https:\/\/www.tunaespana.es\/index.php?rest_route=\/wp\/v2\/pages"}],"about":[{"href":"https:\/\/www.tunaespana.es\/index.php?rest_route=\/wp\/v2\/types\/page"}],"author":[{"embeddable":true,"href":"https:\/\/www.tunaespana.es\/index.php?rest_route=\/wp\/v2\/users\/2"}],"replies":[{"embeddable":true,"href":"https:\/\/www.tunaespana.es\/index.php?rest_route=%2Fwp%2Fv2%2Fcomments&post=32099"}],"version-history":[{"count":9,"href":"https:\/\/www.tunaespana.es\/index.php?rest_route=\/wp\/v2\/pages\/32099\/revisions"}],"predecessor-version":[{"id":37893,"href":"https:\/\/www.tunaespana.es\/index.php?rest_route=\/wp\/v2\/pages\/32099\/revisions\/37893"}],"wp:attachment":[{"href":"https:\/\/www.tunaespana.es\/index.php?rest_route=%2Fwp%2Fv2%2Fmedia&parent=32099"}],"curies":[{"name":"wp","href":"https:\/\/api.w.org\/{rel}","templated":true}]}}