{"id":32239,"date":"2017-06-22T19:34:02","date_gmt":"2017-06-22T19:34:02","guid":{"rendered":"http:\/\/www.tunaespana.es\/?page_id=32239"},"modified":"2025-08-25T19:00:13","modified_gmt":"2025-08-25T17:00:13","slug":"tunaespana-homenaje-virgen-de-la-almudena","status":"publish","type":"page","link":"https:\/\/www.tunaespana.es\/?page_id=32239","title":{"rendered":"TunaEspa\u00f1a &#038; Virgen de la Almudena &#038; Catedral de Madrid, Cardenal Arzobispo D. Carlos Osoro"},"content":{"rendered":"<p>&nbsp;<\/p>\n<p>.<\/p>\n<blockquote class=\"embedly-card\" data-card-controls=\"1\" data-card-align=\"center\" data-card-theme=\"light\">\n<h4><a href=\"https:\/\/www.archimadrid.org\/index.php\/oficina\/madrid\/2-madrid\/9019299-las-tunas-rinden-homenaje-a-la-virgen-de-la-almudena\">Archidiocesis de Madrid &#8211; Tuna Espa\u00f1a rinde homenaje a la Virgen de la Almudena<\/a><\/h4>\n<p>Este s\u00e1bado, 3 de junio, la catedral de Santa Mar\u00eda la Real de la Almudena acoger\u00e1 una ronda de Tuna Espa\u00f1a a la Virgen de la Almudena, que concluir\u00e1 con una ofrenda floral a la patrona de Madrid. Presidido por el cardenal Carlos Osoro, arzobispo de Madrid, dar\u00e1 comienzo a las 19:00 horas.<\/p>\n<\/blockquote>\n<p><script async src=\"\/\/cdn.embedly.com\/widgets\/platform.js\" charset=\"UTF-8\"><\/script><\/p>\n<p>.<a href=\"http:\/\/www.tunaespana.es\/?attachment_id=32256\" rel=\"attachment wp-att-32256\"><img decoding=\"async\" loading=\"lazy\" class=\"aligncenter size-full wp-image-32256\" src=\"http:\/\/www.tunaespana.es\/wp-content\/uploads\/2017\/06\/TunaEspa\u00f1a-Don-Dudo-DonDudo-Carlos-Espinosa-Celdran-virgen-de-la-almudena-cardenal-arzobispo-de-madrid-carlos-osoro-BORRADO.jpg\" alt=\"TunaEspa\u00f1a, Don Dudo, DonDudo, Carlos Espinosa Celdran, virgen de la almudena, cardenal arzobispo de madrid carlos osoro BORRADO\" width=\"622\" height=\"883\" srcset=\"https:\/\/www.tunaespana.es\/wp-content\/uploads\/2017\/06\/TunaEspa\u00f1a-Don-Dudo-DonDudo-Carlos-Espinosa-Celdran-virgen-de-la-almudena-cardenal-arzobispo-de-madrid-carlos-osoro-BORRADO.jpg 622w, https:\/\/www.tunaespana.es\/wp-content\/uploads\/2017\/06\/TunaEspa\u00f1a-Don-Dudo-DonDudo-Carlos-Espinosa-Celdran-virgen-de-la-almudena-cardenal-arzobispo-de-madrid-carlos-osoro-BORRADO-211x300.jpg 211w\" sizes=\"(max-width: 622px) 100vw, 622px\" \/><\/a><\/p>\n<p><span style=\"color: #000000;\">.<a href=\"https:\/\/archimadrid.org\/index.php\/2017-06-03-homenaje-de-tuna-espana-a-la-virgen-de-la-almudena#nanogallery\/nanoGallery\/6428087495786944305\" rel=\"attachment wp-att-32246\"><img decoding=\"async\" loading=\"lazy\" class=\"aligncenter size-full wp-image-32246\" src=\"http:\/\/www.tunaespana.es\/wp-content\/uploads\/2017\/06\/TunaEspa\u00f1a-Tuna-Espa\u00f1a-DonDudo-Don-Dudo-Carlos-Espinosa-Celdran-Virgen-Almudena-Cardenal-Arzobisp-de-Madrid-Carlos-Osoro3-dism.jpg\" alt=\"TunaEspa\u00f1a, Tuna Espa\u00f1a, DonDudo, Don Dudo, Carlos Espinosa Celdran, Virgen Almudena, Cardenal Arzobisp de Madrid Carlos Osoro,3, dism\" width=\"576\" height=\"384\" srcset=\"https:\/\/www.tunaespana.es\/wp-content\/uploads\/2017\/06\/TunaEspa\u00f1a-Tuna-Espa\u00f1a-DonDudo-Don-Dudo-Carlos-Espinosa-Celdran-Virgen-Almudena-Cardenal-Arzobisp-de-Madrid-Carlos-Osoro3-dism.jpg 576w, https:\/\/www.tunaespana.es\/wp-content\/uploads\/2017\/06\/TunaEspa\u00f1a-Tuna-Espa\u00f1a-DonDudo-Don-Dudo-Carlos-Espinosa-Celdran-Virgen-Almudena-Cardenal-Arzobisp-de-Madrid-Carlos-Osoro3-dism-300x200.jpg 300w\" sizes=\"(max-width: 576px) 100vw, 576px\" \/><\/a><\/span><\/p>\n<p align=\"CENTER\"><span style=\"color: #000000;\"><span style=\"font-family: Georgia,Times New Roman,Bitstream Charter,Times,serif;\"><span style=\"font-size: small;\">.https:\/\/archimadrid.org\/index.php\/2017-06-03-homenaje-de-tuna-espana-a-la-virgen-de-la-almudena#nanogallery\/nanoGallery\/6428087495786944305<br \/>\n<\/span><\/span><\/span><\/p>\n<p align=\"CENTER\"><span style=\"color: #000000;\">.<a href=\"https:\/\/twitter.com\/archimadrid\/status\/871721940414812161\" rel=\"attachment wp-att-32249\"><img decoding=\"async\" loading=\"lazy\" class=\"aligncenter size-full wp-image-32249\" src=\"http:\/\/www.tunaespana.es\/wp-content\/uploads\/2017\/06\/TunaEspa\u00f1a-Tuna-Espa\u00f1a-DonDudo-Don-Dudo-Carlos-Espinosa-Celdran-Virgen-Almudena-Cardenal-Arzobisp-de-Madrid-Carlos-Osoro1buena.jpg\" alt=\"TunaEspa\u00f1a, Tuna Espa\u00f1a, DonDudo, Don Dudo, Carlos Espinosa Celdran, Virgen Almudena, Cardenal Arzobisp de Madrid Carlos Osoro,1buena\" width=\"687\" height=\"425\" srcset=\"https:\/\/www.tunaespana.es\/wp-content\/uploads\/2017\/06\/TunaEspa\u00f1a-Tuna-Espa\u00f1a-DonDudo-Don-Dudo-Carlos-Espinosa-Celdran-Virgen-Almudena-Cardenal-Arzobisp-de-Madrid-Carlos-Osoro1buena.jpg 687w, https:\/\/www.tunaespana.es\/wp-content\/uploads\/2017\/06\/TunaEspa\u00f1a-Tuna-Espa\u00f1a-DonDudo-Don-Dudo-Carlos-Espinosa-Celdran-Virgen-Almudena-Cardenal-Arzobisp-de-Madrid-Carlos-Osoro1buena-300x186.jpg 300w\" sizes=\"(max-width: 687px) 100vw, 687px\" \/><\/a><\/span><\/p>\n<p align=\"CENTER\"><span style=\"color: #000000;\">.<\/span><\/p>\n<blockquote class=\"embedly-card\" data-card-controls=\"1\" data-card-align=\"center\" data-card-theme=\"light\">\n<h4><a href=\"https:\/\/twitter.com\/archimadrid\/status\/871721940414812161\">Archidi\u00f3cesis de Madrid on X (formerly Twitter): \u00abVe las fotos de la vigilia de Pentecost\u00e9s (https:\/\/t.co\/I2JeaJpUAl) y del homenaje de Tuna Espa\u00f1a a la Almudena (https:\/\/t.co\/VQ6NdMAD2Q) pic.twitter.com\/d9SIwn90S2 \/ X\u00bb<\/a><\/h4>\n<p>Ve las fotos de la vigilia de Pentecost\u00e9s (https:\/\/t.co\/I2JeaJpUAl) y del homenaje de Tuna Espa\u00f1a a la Almudena (https:\/\/t.co\/VQ6NdMAD2Q) pic.twitter.com\/d9SIwn90S2<\/p>\n<\/blockquote>\n<p><script async src=\"\/\/cdn.embedly.com\/widgets\/platform.js\" charset=\"UTF-8\"><\/script><\/p>\n<p align=\"CENTER\"><span style=\"color: #000000;\">.<a href=\"http:\/\/www.tunaespana.es\/?attachment_id=32248\" rel=\"attachment wp-att-32248\"><img decoding=\"async\" loading=\"lazy\" class=\"aligncenter size-full wp-image-32248\" src=\"http:\/\/www.tunaespana.es\/wp-content\/uploads\/2017\/06\/TunaEspa\u00f1a-Tuna-Espa\u00f1a-DonDudo-Don-Dudo-Carlos-Espinosa-Celdran-Virgen-Almudena-Cardenal-Arzobisp-de-Madrid-Carlos-Osoro12.jpg\" alt=\"TunaEspa\u00f1a, Tuna Espa\u00f1a, DonDudo, Don Dudo, Carlos Espinosa Celdran, Virgen Almudena, Cardenal Arzobisp de Madrid Carlos Osoro,12\" width=\"691\" height=\"365\" srcset=\"https:\/\/www.tunaespana.es\/wp-content\/uploads\/2017\/06\/TunaEspa\u00f1a-Tuna-Espa\u00f1a-DonDudo-Don-Dudo-Carlos-Espinosa-Celdran-Virgen-Almudena-Cardenal-Arzobisp-de-Madrid-Carlos-Osoro12.jpg 691w, https:\/\/www.tunaespana.es\/wp-content\/uploads\/2017\/06\/TunaEspa\u00f1a-Tuna-Espa\u00f1a-DonDudo-Don-Dudo-Carlos-Espinosa-Celdran-Virgen-Almudena-Cardenal-Arzobisp-de-Madrid-Carlos-Osoro12-300x158.jpg 300w\" sizes=\"(max-width: 691px) 100vw, 691px\" \/><\/a><\/span><\/p>\n<p align=\"CENTER\"><span style=\"color: #000000;\">.<a href=\"http:\/\/www.tunaespana.es\/?attachment_id=32253\" rel=\"attachment wp-att-32253\"><img decoding=\"async\" loading=\"lazy\" class=\"aligncenter size-full wp-image-32253\" src=\"http:\/\/www.tunaespana.es\/wp-content\/uploads\/2017\/06\/TunaEspa\u00f1a-Tuna-Espa\u00f1a-DonDudo-Don-Dudo-Carlos-Espinosa-Celdran-Virgen-Almudena-Cardenal-Arzobisp-de-Madrid-Carlos-Osoro14.jpg\" alt=\"TunaEspa\u00f1a, Tuna Espa\u00f1a, DonDudo, Don Dudo, Carlos Espinosa Celdran, Virgen Almudena, Cardenal Arzobisp de Madrid Carlos Osoro,14\" width=\"692\" height=\"326\" srcset=\"https:\/\/www.tunaespana.es\/wp-content\/uploads\/2017\/06\/TunaEspa\u00f1a-Tuna-Espa\u00f1a-DonDudo-Don-Dudo-Carlos-Espinosa-Celdran-Virgen-Almudena-Cardenal-Arzobisp-de-Madrid-Carlos-Osoro14.jpg 692w, https:\/\/www.tunaespana.es\/wp-content\/uploads\/2017\/06\/TunaEspa\u00f1a-Tuna-Espa\u00f1a-DonDudo-Don-Dudo-Carlos-Espinosa-Celdran-Virgen-Almudena-Cardenal-Arzobisp-de-Madrid-Carlos-Osoro14-300x141.jpg 300w\" sizes=\"(max-width: 692px) 100vw, 692px\" \/><\/a><\/span><\/p>\n<p align=\"CENTER\"><span style=\"color: #000000;\"><a href=\"http:\/\/www.tunaespana.es\/?attachment_id=32257\" rel=\"attachment wp-att-32257\"><img decoding=\"async\" loading=\"lazy\" class=\"aligncenter size-full wp-image-32257\" src=\"http:\/\/www.tunaespana.es\/wp-content\/uploads\/2017\/06\/TunaEspa\u00f1a-Tuna-Espa\u00f1a-DonDudo-Don-Dudo-Carlos-Espinosa-Celdran-Virgen-Almudena-Cardenal-Arzobisp-de-Madrid-Carlos-Osoro15-borrado.jpg\" alt=\"TunaEspa\u00f1a, Tuna Espa\u00f1a, DonDudo, Don Dudo, Carlos Espinosa Celdran, Virgen Almudena, Cardenal Arzobisp de Madrid Carlos Osoro,15 borrado\" width=\"625\" height=\"880\" srcset=\"https:\/\/www.tunaespana.es\/wp-content\/uploads\/2017\/06\/TunaEspa\u00f1a-Tuna-Espa\u00f1a-DonDudo-Don-Dudo-Carlos-Espinosa-Celdran-Virgen-Almudena-Cardenal-Arzobisp-de-Madrid-Carlos-Osoro15-borrado.jpg 625w, https:\/\/www.tunaespana.es\/wp-content\/uploads\/2017\/06\/TunaEspa\u00f1a-Tuna-Espa\u00f1a-DonDudo-Don-Dudo-Carlos-Espinosa-Celdran-Virgen-Almudena-Cardenal-Arzobisp-de-Madrid-Carlos-Osoro15-borrado-213x300.jpg 213w\" sizes=\"(max-width: 625px) 100vw, 625px\" \/><\/a>.<\/span><\/p>\n<blockquote class=\"embedly-card\" data-card-controls=\"1\" data-card-align=\"center\" data-card-theme=\"light\">\n<h4><a href=\"https:\/\/www.youtube.com\/watch?v=Ga3CnqsYatA\">TunaEspa\u00f1a @ Entrada a catedral Madrid acompa\u00f1ado del Emmo. y Rvdmo. Sr. Cardenal 2017 06 05<\/a><\/h4>\n<p>Ronda y Ofrenda Floral a la Patrona de Madrid Virgen de la Almudena, con la Presencia del Arzobispo de Madrid, Emmo. y Rvdmo. Sr. Cardenal Carlos Osoro.<\/p>\n<\/blockquote>\n<p><script async src=\"\/\/cdn.embedly.com\/widgets\/platform.js\" charset=\"UTF-8\"><\/script><\/p>\n<p align=\"CENTER\"><span style=\"color: #000000;\">.<\/span><\/p>\n<blockquote class=\"embedly-card\" data-card-controls=\"1\" data-card-align=\"center\" data-card-theme=\"light\">\n<h4><a href=\"https:\/\/www.archimadrid.org\/index.php\/oficina-de-informacion\/noticias-madrid\/2-madrid\/9019299-las-tunas-rinden-homenaje-a-la-virgen-de-la-almudena\">Archidiocesis de Madrid &#8211; Tuna Espa\u00f1a rinde homenaje a la Virgen de la Almudena<\/a><\/h4>\n<p>Este s\u00e1bado, 3 de junio, la catedral de Santa Mar\u00eda la Real de la Almudena acoger\u00e1 una ronda de Tuna Espa\u00f1a a la Virgen de la Almudena, que concluir\u00e1 con una ofrenda floral a la patrona de Madrid. Presidido por el cardenal Carlos Osoro, arzobispo de Madrid, dar\u00e1 comienzo a las 19:00 horas.<\/p>\n<\/blockquote>\n<p><script async src=\"\/\/cdn.embedly.com\/widgets\/platform.js\" charset=\"UTF-8\"><\/script><\/p>\n<p><span style=\"font-size: 10pt; color: #cc99ff;\">https:\/\/archimadrid.org\/index.php\/oficina-de-informacion\/noticias-madrid\/item\/9019299-las-tunas-rinden-homenaje-a-la-virgen-de-la-almudena<\/span><\/p>\n<p style=\"text-align: center;\"><strong><span style=\"color: #ff0000;\">Fotos\u00a0 web Archidi\u00f3cesis de Madrid<\/span><\/strong><\/p>\n<blockquote class=\"embedly-card\" data-card-controls=\"1\" data-card-align=\"center\" data-card-theme=\"light\">\n<h4><a href=\"https:\/\/www.flickr.com\/photos\/archimadrid\/sets\/72157681636534034\">2017-06-03 &#8211; Homenaje de Tuna Espa\u00f1a a la Virgen de la Almudena<\/a><\/h4>\n<p>No Description<\/p>\n<\/blockquote>\n<p><script async src=\"\/\/cdn.embedly.com\/widgets\/platform.js\" charset=\"UTF-8\"><\/script><\/p>\n<p align=\"LEFT\"><a href=\"https:\/\/www.flickr.com\/photos\/archimadrid\/sets\/72157681636534034\">https:\/\/www.flickr.com\/photos\/archimadrid\/sets\/72157681636534034<\/a><\/p>\n","protected":false},"excerpt":{"rendered":"<p>&nbsp; . Archidiocesis de Madrid &#8211; Tuna Espa\u00f1a rinde homenaje a la Virgen de la Almudena Este s\u00e1bado, 3 de junio, la catedral de Santa Mar\u00eda la Real de la Almudena acoger\u00e1 una ronda de Tuna Espa\u00f1a a la Virgen de la Almudena, que concluir\u00e1 con una ofrenda floral a la patrona de Madrid. Presidido [&hellip;]<\/p>\n","protected":false},"author":2,"featured_media":0,"parent":0,"menu_order":8,"comment_status":"closed","ping_status":"closed","template":"","meta":[],"_links":{"self":[{"href":"https:\/\/www.tunaespana.es\/index.php?rest_route=\/wp\/v2\/pages\/32239"}],"collection":[{"href":"https:\/\/www.tunaespana.es\/index.php?rest_route=\/wp\/v2\/pages"}],"about":[{"href":"https:\/\/www.tunaespana.es\/index.php?rest_route=\/wp\/v2\/types\/page"}],"author":[{"embeddable":true,"href":"https:\/\/www.tunaespana.es\/index.php?rest_route=\/wp\/v2\/users\/2"}],"replies":[{"embeddable":true,"href":"https:\/\/www.tunaespana.es\/index.php?rest_route=%2Fwp%2Fv2%2Fcomments&post=32239"}],"version-history":[{"count":16,"href":"https:\/\/www.tunaespana.es\/index.php?rest_route=\/wp\/v2\/pages\/32239\/revisions"}],"predecessor-version":[{"id":39391,"href":"https:\/\/www.tunaespana.es\/index.php?rest_route=\/wp\/v2\/pages\/32239\/revisions\/39391"}],"wp:attachment":[{"href":"https:\/\/www.tunaespana.es\/index.php?rest_route=%2Fwp%2Fv2%2Fmedia&parent=32239"}],"curies":[{"name":"wp","href":"https:\/\/api.w.org\/{rel}","templated":true}]}}