{"id":32359,"date":"2017-08-08T17:30:03","date_gmt":"2017-08-08T17:30:03","guid":{"rendered":"http:\/\/www.tunaespana.es\/?page_id=32359"},"modified":"2017-08-10T10:46:10","modified_gmt":"2017-08-10T10:46:10","slug":"cancionero-test","status":"publish","type":"page","link":"https:\/\/www.tunaespana.es\/?page_id=32359","title":{"rendered":"Cancionero TunaEspa\u00f1a"},"content":{"rendered":"<p>&nbsp;<\/p>\n<p><html><br \/>\n<head><br \/>\n<meta http-equiv=\"Refresh\" content=\"1;url=http:\/\/www.tunaespana.es\/?cat=4905\"><br \/>\n<\/head><\/p>\n<p><body><\/p>\n<p>Estamos en obras. Ser\u00e1s dirigido autom\u00e1ticamente en un segundo. En caso contrario, puedes acceder haciendo click <a href=\"http:\/\/www.tunaespana.es\/?cat=4905\">aqu\u00ed<\/a><\/p>\n<p><\/body><br \/>\n<\/html><\/p>\n<p>&nbsp;<\/p>\n","protected":false},"excerpt":{"rendered":"<p>&nbsp; Estamos en obras. Ser\u00e1s dirigido autom\u00e1ticamente en un segundo. En caso contrario, puedes acceder haciendo click aqu\u00ed &nbsp;<\/p>\n","protected":false},"author":2,"featured_media":0,"parent":0,"menu_order":30,"comment_status":"closed","ping_status":"closed","template":"","meta":[],"_links":{"self":[{"href":"https:\/\/www.tunaespana.es\/index.php?rest_route=\/wp\/v2\/pages\/32359"}],"collection":[{"href":"https:\/\/www.tunaespana.es\/index.php?rest_route=\/wp\/v2\/pages"}],"about":[{"href":"https:\/\/www.tunaespana.es\/index.php?rest_route=\/wp\/v2\/types\/page"}],"author":[{"embeddable":true,"href":"https:\/\/www.tunaespana.es\/index.php?rest_route=\/wp\/v2\/users\/2"}],"replies":[{"embeddable":true,"href":"https:\/\/www.tunaespana.es\/index.php?rest_route=%2Fwp%2Fv2%2Fcomments&post=32359"}],"version-history":[{"count":10,"href":"https:\/\/www.tunaespana.es\/index.php?rest_route=\/wp\/v2\/pages\/32359\/revisions"}],"predecessor-version":[{"id":32371,"href":"https:\/\/www.tunaespana.es\/index.php?rest_route=\/wp\/v2\/pages\/32359\/revisions\/32371"}],"wp:attachment":[{"href":"https:\/\/www.tunaespana.es\/index.php?rest_route=%2Fwp%2Fv2%2Fmedia&parent=32359"}],"curies":[{"name":"wp","href":"https:\/\/api.w.org\/{rel}","templated":true}]}}