{"id":32416,"date":"2017-09-13T15:41:46","date_gmt":"2017-09-13T15:41:46","guid":{"rendered":"http:\/\/www.tunaespana.es\/?page_id=32416"},"modified":"2018-12-02T10:18:30","modified_gmt":"2018-12-02T10:18:30","slug":"tunaespana-con-sus-mayores","status":"publish","type":"page","link":"https:\/\/www.tunaespana.es\/?page_id=32416","title":{"rendered":"TunaEspa\u00f1a con sus \u00abMayores\u00bb"},"content":{"rendered":"<p><span style=\"color: #cc99ff;\">Es un orgullo y una tradici\u00f3n para <span style=\"color: #ff0000;\"><strong>Tun<span style=\"color: #ffff00;\">aEsp<\/span>a\u00f1a<\/strong><\/span>,\u00a0acompa\u00f1ar, rondar y llevar alegr\u00eda, cari\u00f1o a nuestros queridos ancianos, que se encuentran en asilos, residencias, hospitales,,,,etc.<\/span><\/p>\n<p><span style=\"color: #000000;\">.<\/span><\/p>\n<p><span style=\"color: #000000;\">.<a href=\"http:\/\/www.tunaespana.es\/?attachment_id=32423\" rel=\"attachment wp-att-32423\"><img decoding=\"async\" loading=\"lazy\" class=\"aligncenter size-full wp-image-32423\" src=\"http:\/\/www.tunaespana.es\/wp-content\/uploads\/2017\/09\/TunaEspa\u00f1a-Discapacitados-Asilo-ancionos-geriatricos-Don-Dudo-Dondudo-Carlos-Espinosa-Celdran-discapacitados.jpg\" alt=\"TunaEspa\u00f1a, Discapacitados, Asilo ancionos, geriatricos; Don Dudo, Dondudo, Carlos Espinosa Celdran, discapacitados\" width=\"692\" height=\"489\" srcset=\"https:\/\/www.tunaespana.es\/wp-content\/uploads\/2017\/09\/TunaEspa\u00f1a-Discapacitados-Asilo-ancionos-geriatricos-Don-Dudo-Dondudo-Carlos-Espinosa-Celdran-discapacitados.jpg 692w, https:\/\/www.tunaespana.es\/wp-content\/uploads\/2017\/09\/TunaEspa\u00f1a-Discapacitados-Asilo-ancionos-geriatricos-Don-Dudo-Dondudo-Carlos-Espinosa-Celdran-discapacitados-300x212.jpg 300w\" sizes=\"(max-width: 692px) 100vw, 692px\" \/><\/a><\/span><\/p>\n<p><span style=\"color: #000000;\">.<\/span><\/p>\n<p><span style=\"color: #000000;\">.<a href=\"http:\/\/www.tunaespana.es\/?attachment_id=32420\" rel=\"attachment wp-att-32420\"><img decoding=\"async\" loading=\"lazy\" class=\"aligncenter size-full wp-image-32420\" src=\"http:\/\/www.tunaespana.es\/wp-content\/uploads\/2017\/09\/TunaEspa\u00f1a-Don-Dudo-Asilo-Ancianos-Monjitas-carlos-espinosa-celdran-Don-Dudo-DonDudo.jpg\" alt=\"TunaEspa\u00f1a, Don Dudo, Asilo Ancianos, Monjitas, carlos espinosa celdran, Don Dudo, DonDudo\" width=\"749\" height=\"296\" srcset=\"https:\/\/www.tunaespana.es\/wp-content\/uploads\/2017\/09\/TunaEspa\u00f1a-Don-Dudo-Asilo-Ancianos-Monjitas-carlos-espinosa-celdran-Don-Dudo-DonDudo.jpg 749w, https:\/\/www.tunaespana.es\/wp-content\/uploads\/2017\/09\/TunaEspa\u00f1a-Don-Dudo-Asilo-Ancianos-Monjitas-carlos-espinosa-celdran-Don-Dudo-DonDudo-300x119.jpg 300w\" sizes=\"(max-width: 749px) 100vw, 749px\" \/><\/a><\/span><\/p>\n<p><span style=\"color: #000000;\">.<\/span><\/p>\n<p><span style=\"color: #000000;\">.<a href=\"http:\/\/www.tunaespana.es\/?attachment_id=32421\" rel=\"attachment wp-att-32421\"><img decoding=\"async\" loading=\"lazy\" class=\"aligncenter size-full wp-image-32421\" src=\"http:\/\/www.tunaespana.es\/wp-content\/uploads\/2017\/09\/TunaEspa\u00f1a-Don-Dudo-Asilo-Ancianos-Monjitas-carlos-espinosa-celdran-Don-Dudo-DonDudo-geriatrico.jpg\" alt=\"TunaEspa\u00f1a, Don Dudo, Asilo Ancianos, Monjitas, carlos espinosa celdran, Don Dudo, DonDudo, geriatrico\" width=\"768\" height=\"432\" srcset=\"https:\/\/www.tunaespana.es\/wp-content\/uploads\/2017\/09\/TunaEspa\u00f1a-Don-Dudo-Asilo-Ancianos-Monjitas-carlos-espinosa-celdran-Don-Dudo-DonDudo-geriatrico.jpg 768w, https:\/\/www.tunaespana.es\/wp-content\/uploads\/2017\/09\/TunaEspa\u00f1a-Don-Dudo-Asilo-Ancianos-Monjitas-carlos-espinosa-celdran-Don-Dudo-DonDudo-geriatrico-300x169.jpg 300w\" sizes=\"(max-width: 768px) 100vw, 768px\" \/><\/a><\/span><\/p>\n<p>.<\/p>\n<p>.<a href=\"http:\/\/www.tunaespana.es\/?attachment_id=33417\" rel=\"attachment wp-att-33417\"><img decoding=\"async\" loading=\"lazy\" class=\"aligncenter size-full wp-image-33417\" src=\"http:\/\/www.tunaespana.es\/wp-content\/uploads\/2017\/09\/TunaEspa\u00f1a-Residencia-ancianos-Carlos-Espinosa-Celdran-Don-Dudo.jpg\" alt=\"TunaEspa\u00f1a, Residencia ancianos, Carlos Espinosa Celdran, Don Dudo\" width=\"672\" height=\"293\" srcset=\"https:\/\/www.tunaespana.es\/wp-content\/uploads\/2017\/09\/TunaEspa\u00f1a-Residencia-ancianos-Carlos-Espinosa-Celdran-Don-Dudo.jpg 672w, https:\/\/www.tunaespana.es\/wp-content\/uploads\/2017\/09\/TunaEspa\u00f1a-Residencia-ancianos-Carlos-Espinosa-Celdran-Don-Dudo-300x131.jpg 300w\" sizes=\"(max-width: 672px) 100vw, 672px\" \/><\/a><\/p>\n<p>.<a href=\"http:\/\/www.tunaespana.es\/?attachment_id=33418\" rel=\"attachment wp-att-33418\"><img decoding=\"async\" loading=\"lazy\" class=\"aligncenter size-full wp-image-33418\" src=\"http:\/\/www.tunaespana.es\/wp-content\/uploads\/2017\/09\/TunaEspa\u00f1a-Residencia-ancianos-Carlos-Espinosa-Celdran-Don-Dudo2.jpg\" alt=\"TunaEspa\u00f1a, Residencia ancianos, Carlos Espinosa Celdran, Don Dudo,2\" width=\"672\" height=\"296\" srcset=\"https:\/\/www.tunaespana.es\/wp-content\/uploads\/2017\/09\/TunaEspa\u00f1a-Residencia-ancianos-Carlos-Espinosa-Celdran-Don-Dudo2.jpg 672w, https:\/\/www.tunaespana.es\/wp-content\/uploads\/2017\/09\/TunaEspa\u00f1a-Residencia-ancianos-Carlos-Espinosa-Celdran-Don-Dudo2-300x132.jpg 300w\" sizes=\"(max-width: 672px) 100vw, 672px\" \/><\/a><\/p>\n","protected":false},"excerpt":{"rendered":"<p>Es un orgullo y una tradici\u00f3n para TunaEspa\u00f1a,\u00a0acompa\u00f1ar, rondar y llevar alegr\u00eda, cari\u00f1o a nuestros queridos ancianos, que se encuentran en asilos, residencias, hospitales,,,,etc. . . . . . . . . .<\/p>\n","protected":false},"author":2,"featured_media":0,"parent":0,"menu_order":7,"comment_status":"closed","ping_status":"closed","template":"","meta":[],"_links":{"self":[{"href":"https:\/\/www.tunaespana.es\/index.php?rest_route=\/wp\/v2\/pages\/32416"}],"collection":[{"href":"https:\/\/www.tunaespana.es\/index.php?rest_route=\/wp\/v2\/pages"}],"about":[{"href":"https:\/\/www.tunaespana.es\/index.php?rest_route=\/wp\/v2\/types\/page"}],"author":[{"embeddable":true,"href":"https:\/\/www.tunaespana.es\/index.php?rest_route=\/wp\/v2\/users\/2"}],"replies":[{"embeddable":true,"href":"https:\/\/www.tunaespana.es\/index.php?rest_route=%2Fwp%2Fv2%2Fcomments&post=32416"}],"version-history":[{"count":5,"href":"https:\/\/www.tunaespana.es\/index.php?rest_route=\/wp\/v2\/pages\/32416\/revisions"}],"predecessor-version":[{"id":33419,"href":"https:\/\/www.tunaespana.es\/index.php?rest_route=\/wp\/v2\/pages\/32416\/revisions\/33419"}],"wp:attachment":[{"href":"https:\/\/www.tunaespana.es\/index.php?rest_route=%2Fwp%2Fv2%2Fmedia&parent=32416"}],"curies":[{"name":"wp","href":"https:\/\/api.w.org\/{rel}","templated":true}]}}