{"id":32473,"date":"2017-10-06T11:29:34","date_gmt":"2017-10-06T11:29:34","guid":{"rendered":"http:\/\/www.tunaespana.es\/?page_id=32473"},"modified":"2021-01-27T12:08:45","modified_gmt":"2021-01-27T12:08:45","slug":"sello-de-correos-tunaespana","status":"publish","type":"page","link":"https:\/\/www.tunaespana.es\/?page_id=32473","title":{"rendered":"SELLO de Correos \u00abTunaEspa\u00f1a\u00bb; MATASELLOS y SOBRE del Primer D\u00eda."},"content":{"rendered":"<h2 style=\"text-align: center;\"><span style=\"color: #00ff00;\">\u00a1\u00a1\u00a1 <\/span><span style=\"color: #ff0000;\">Hecho Hist\u00f3rico<\/span> <span style=\"color: #00ff00;\">\u00abF\u00e1brica Nacional de Moneda y Timbre-Real Casa de la Moneda\u00bb , hace un sello dedicado a<\/span> <span style=\"color: #ff0000;\">Tun<span style=\"color: #ffff00;\">aEsp<\/span>a\u00f1a<\/span><span style=\"color: #00ff00;\">!!! No existe ning\u00fan otro sello dedicado a la Tuna.<\/span><\/h2>\n<div dir=\"auto\"><span style=\"color: #00ff00;\">De una tirada de casi 400.000 Sellos en solo un mes ya no quedaban en Ninguna Oficina de Correos de Toda Espa\u00f1a. A\u00f1o 2017.<\/span><\/div>\n<p><span style=\"color: #cc99ff;\">EL TEXTO DEL <strong>PLIEGO PREMIUM<\/strong> DICE :<\/span><\/p>\n<p><span style=\"color: #cc99ff;\">\u00abGracias a una de sus principales caracter\u00edsticas, su car\u00e1cter viajero, la Tuna se extendi\u00f3 por gran parte de Europa y Am\u00e9rica Latina, pero su aut\u00e9ntica esencia, queda reflejada en <strong><span style=\"color: #ff0000;\">Tun<span style=\"color: #ffff00;\">a Esp<\/span>a\u00f1a<\/span><\/strong>, que cultiva y promueve esa imagen, m\u00e1s all\u00e1 de nuestras fronteras, y le otorga<span class=\"text_exposed_show\">\u00a0constante valor.<\/span><\/span><\/p>\n<div class=\"text_exposed_show\">\n<p><span style=\"color: #cc99ff;\">En este orden de cosas, en concreto a<strong><span style=\"color: #ff0000;\"> \u201cTUN<span style=\"color: #ffff00;\">A ESP<\/span>A\u00d1A\u201d<\/span><\/strong> se le ha otorgado la concesi\u00f3n de <strong><span style=\"color: #ffff00;\">\u00abMARCA ESPA\u00d1A\u00bb<\/span><\/strong>, cuesti\u00f3n que redunda y certifica su origen, y no solo de esta Tuna en particular, sino de la Tuna como concepto.<\/span><\/p>\n<p><span style=\"color: #cc99ff;\"><strong><span style=\"color: #ff0000;\">\u201cTUN<span style=\"color: #ffff00;\">A ESP<\/span>A\u00d1A\u201d<\/span><\/strong>, es adem\u00e1s algo m\u00e1s que una asociaci\u00f3n <strong>universitaria<\/strong>. En sus filas se da cabida, a una aut\u00e9ntica hermandad de veteranos de todas las tunas universitarias, m\u00e9dicos, arquitectos, ingenieros, notarios, profesores, abogados &#8230; que deseen mantener viva tan emp\u00e1tica tradici\u00f3n\u00bb.<\/span><\/p>\n<p style=\"text-align: center;\"><span style=\"color: #cc99ff;\">Fecha de emisi\u00f3n:\u00a0<\/span><span style=\"color: #cc99ff;\">18\/10\/2017<\/span><\/p>\n<p style=\"text-align: center;\"><span style=\"color: #cc99ff;\">Caracter\u00edsticas T\u00e9cnicas:<\/span><br \/>\n<span style=\"color: #cc99ff;\">-Procedimiento de impresi\u00f3n : Offset engomado.<\/span><br \/>\n<span style=\"color: #cc99ff;\">-Soporte: Estucado, engomado, fosforecente.<\/span><br \/>\n<span style=\"color: #cc99ff;\">-Dentado del sello: 13 1\/4(Horizontal) y 13 3\/4 (Vertical)<span class=\"text_exposed_show\"><br \/>\n-Formato del Sello: 28,8 x 40,9 mm (Vertical)<br \/>\n-Formato del Pliego Premium: 260x200mm (horizontal)<br \/>\n&#8211; Efectos en Pliego Premium: 20 sellos.<br \/>\nValor postal del sello: 0,50 euros.<br \/>\nTirada: 260.000 sellos<\/span><\/span><\/p>\n<p style=\"text-align: center;\">.<a href=\"http:\/\/www.tunaespana.es\/?attachment_id=32629\" rel=\"attachment wp-att-32629\"><img decoding=\"async\" loading=\"lazy\" class=\"aligncenter size-full wp-image-32629\" src=\"http:\/\/www.tunaespana.es\/wp-content\/uploads\/2011\/04\/TunaEspa\u00f1a-Sello-Correos-DonDudo-Don-Dudo-Carlos-Espinosa-Celdran-Buena-Resolucion-Sello-Dism.jpg\" alt=\"TunaEspa\u00f1a, Sello, Correos, DonDudo, Don Dudo, Carlos Espinosa Celdran, Buena Resolucion Sello Dism\" width=\"960\" height=\"732\" srcset=\"https:\/\/www.tunaespana.es\/wp-content\/uploads\/2011\/04\/TunaEspa\u00f1a-Sello-Correos-DonDudo-Don-Dudo-Carlos-Espinosa-Celdran-Buena-Resolucion-Sello-Dism.jpg 960w, https:\/\/www.tunaespana.es\/wp-content\/uploads\/2011\/04\/TunaEspa\u00f1a-Sello-Correos-DonDudo-Don-Dudo-Carlos-Espinosa-Celdran-Buena-Resolucion-Sello-Dism-300x229.jpg 300w, https:\/\/www.tunaespana.es\/wp-content\/uploads\/2011\/04\/TunaEspa\u00f1a-Sello-Correos-DonDudo-Don-Dudo-Carlos-Espinosa-Celdran-Buena-Resolucion-Sello-Dism-768x586.jpg 768w\" sizes=\"(max-width: 960px) 100vw, 960px\" \/><\/a><\/p>\n<\/div>\n<p>&nbsp;<\/p>\n<p style=\"text-align: center;\"><span style=\"color: #000000;\">.<span style=\"color: #cc99ff;\">Tambi\u00e9n nos han concedido el<\/span>\u00a0<span style=\"color: #ff0000;\"><strong>Sobre del Primer d\u00eda<\/strong><\/span><span style=\"color: #cc99ff;\">, y el<\/span>\u00a0<span style=\"color: #ff0000;\"><strong>Matasellos del Primer D\u00eda.<\/strong><\/span><\/span><\/p>\n<p><a href=\"http:\/\/www.tunaespana.es\/?attachment_id=32557\" rel=\"attachment wp-att-32557\"><img decoding=\"async\" loading=\"lazy\" class=\"aligncenter size-full wp-image-32557\" src=\"http:\/\/www.tunaespana.es\/wp-content\/uploads\/2017\/10\/TunaEspa\u00f1a-Matasellos-Sello-TunaEspa\u00f1a-Correos-DonDudo-Don-Dudo-Carlos-Espinosa-Celdran-1.jpg\" alt=\"TunaEspa\u00f1a, Matasellos, Sello TunaEspa\u00f1a, Correos, DonDudo, Don Dudo, Carlos Espinosa Celdran\" width=\"691\" height=\"247\" srcset=\"https:\/\/www.tunaespana.es\/wp-content\/uploads\/2017\/10\/TunaEspa\u00f1a-Matasellos-Sello-TunaEspa\u00f1a-Correos-DonDudo-Don-Dudo-Carlos-Espinosa-Celdran-1.jpg 691w, https:\/\/www.tunaespana.es\/wp-content\/uploads\/2017\/10\/TunaEspa\u00f1a-Matasellos-Sello-TunaEspa\u00f1a-Correos-DonDudo-Don-Dudo-Carlos-Espinosa-Celdran-1-300x107.jpg 300w\" sizes=\"(max-width: 691px) 100vw, 691px\" \/><\/a><\/p>\n<p>.<\/p>\n<p><span style=\"color: #000000;\">.<a href=\"http:\/\/www.tunaespana.es\/?attachment_id=32758\" rel=\"attachment wp-att-32758\"><img decoding=\"async\" loading=\"lazy\" class=\"aligncenter size-full wp-image-32758\" src=\"http:\/\/www.tunaespana.es\/wp-content\/uploads\/2017\/10\/TunaEspa\u00f1a-Carlos-Espinosa-Celdran-Don-Dudo-Sello-de-Correos-Matasellos-Sobre.jpg\" alt=\"TunaEspa\u00f1a, Carlos Espinosa Celdran, Don Dudo, Sello de Correos, Matasellos, Sobre\" width=\"682\" height=\"429\" srcset=\"https:\/\/www.tunaespana.es\/wp-content\/uploads\/2017\/10\/TunaEspa\u00f1a-Carlos-Espinosa-Celdran-Don-Dudo-Sello-de-Correos-Matasellos-Sobre.jpg 682w, https:\/\/www.tunaespana.es\/wp-content\/uploads\/2017\/10\/TunaEspa\u00f1a-Carlos-Espinosa-Celdran-Don-Dudo-Sello-de-Correos-Matasellos-Sobre-300x189.jpg 300w\" sizes=\"(max-width: 682px) 100vw, 682px\" \/><\/a><\/span><\/p>\n<p><span style=\"color: #000000;\">.<\/span><\/p>\n<p>&nbsp;<\/p>\n<p><span style=\"color: #000000;\"><a href=\"http:\/\/www.tunaespana.es\/?attachment_id=32489\" rel=\"attachment wp-att-32489\"><img decoding=\"async\" loading=\"lazy\" class=\"aligncenter size-full wp-image-32489\" src=\"http:\/\/www.tunaespana.es\/wp-content\/uploads\/2017\/10\/Sello-TunaEspa\u00f1a-Sello-Tuna-Espa\u00f1a-Don-Dudo-Carlos-Espinosa-Celdr\u00e1n-DonDudo01.jpg\" alt=\"Sello TunaEspa\u00f1a, Sello Tuna Espa\u00f1a, Don Dudo, Carlos Espinosa Celdr\u00e1n, DonDudo,01\" width=\"595\" height=\"563\" srcset=\"https:\/\/www.tunaespana.es\/wp-content\/uploads\/2017\/10\/Sello-TunaEspa\u00f1a-Sello-Tuna-Espa\u00f1a-Don-Dudo-Carlos-Espinosa-Celdr\u00e1n-DonDudo01.jpg 595w, https:\/\/www.tunaespana.es\/wp-content\/uploads\/2017\/10\/Sello-TunaEspa\u00f1a-Sello-Tuna-Espa\u00f1a-Don-Dudo-Carlos-Espinosa-Celdr\u00e1n-DonDudo01-300x284.jpg 300w\" sizes=\"(max-width: 595px) 100vw, 595px\" \/><\/a><\/span><\/p>\n<p>.<\/p>\n<p>.<a href=\"http:\/\/www.tunaespana.es\/?attachment_id=32492\" rel=\"attachment wp-att-32492\"><img decoding=\"async\" loading=\"lazy\" class=\"aligncenter size-full wp-image-32492\" src=\"http:\/\/www.tunaespana.es\/wp-content\/uploads\/2017\/10\/Sello-TunaEspa\u00f1a-Sello-Tuna-Espa\u00f1a-Don-Dudo-Carlos-Espinosa-Celdr\u00e1n-DonDudo02a-subrayado-1.jpg\" alt=\"Sello TunaEspa\u00f1a, Sello Tuna Espa\u00f1a, Don Dudo, Carlos Espinosa Celdr\u00e1n, DonDudo,02a subrayado\" width=\"603\" height=\"555\" srcset=\"https:\/\/www.tunaespana.es\/wp-content\/uploads\/2017\/10\/Sello-TunaEspa\u00f1a-Sello-Tuna-Espa\u00f1a-Don-Dudo-Carlos-Espinosa-Celdr\u00e1n-DonDudo02a-subrayado-1.jpg 603w, https:\/\/www.tunaespana.es\/wp-content\/uploads\/2017\/10\/Sello-TunaEspa\u00f1a-Sello-Tuna-Espa\u00f1a-Don-Dudo-Carlos-Espinosa-Celdr\u00e1n-DonDudo02a-subrayado-1-300x276.jpg 300w\" sizes=\"(max-width: 603px) 100vw, 603px\" \/><\/a><\/p>\n<p><span style=\"color: #000000;\">.<\/span><\/p>\n<p style=\"text-align: center;\"><span style=\"color: #000000;\">.<a href=\"http:\/\/www.tunaespana.es\/?attachment_id=32760\" rel=\"attachment wp-att-32760\"><img decoding=\"async\" loading=\"lazy\" class=\"aligncenter size-full wp-image-32760\" src=\"http:\/\/www.tunaespana.es\/wp-content\/uploads\/2017\/10\/TunaEspa\u00f1a-Carlos-Espinosa-Celdran-Don-Dudo-Tarjeta-maxima.jpg\" alt=\"TunaEspa\u00f1a, Carlos Espinosa Celdran, Don Dudo, Tarjeta maxima\" width=\"663\" height=\"446\" srcset=\"https:\/\/www.tunaespana.es\/wp-content\/uploads\/2017\/10\/TunaEspa\u00f1a-Carlos-Espinosa-Celdran-Don-Dudo-Tarjeta-maxima.jpg 663w, https:\/\/www.tunaespana.es\/wp-content\/uploads\/2017\/10\/TunaEspa\u00f1a-Carlos-Espinosa-Celdran-Don-Dudo-Tarjeta-maxima-300x202.jpg 300w\" sizes=\"(max-width: 663px) 100vw, 663px\" \/><\/a><span style=\"color: #cc99ff;\"><span style=\"color: #ff00ff;\"><strong>Tarjeta m\u00e1xima de <span style=\"color: #ff0000;\">Tun<span style=\"color: #ffff00;\">aEsp<\/span>a\u00f1a<\/span>:<\/strong><\/span>El conjunto concordante de sello, matasellos y tarjeta postal se denomina <span style=\"color: #ff00ff;\"><strong>tarjeta m\u00e1xima<\/strong><\/span>.<\/span><\/span><\/p>\n<div class=\"\" data-block=\"true\" data-editor=\"fhcj6\" data-offset-key=\"650rn-0-0\"><\/div>\n<div class=\"\" data-block=\"true\" data-editor=\"fhcj6\" data-offset-key=\"epj9f-0-0\"><\/div>\n<p><span style=\"color: #000000;\">.<a href=\"http:\/\/www.tunaespana.es\/?attachment_id=32477\" rel=\"attachment wp-att-32477\"><img decoding=\"async\" loading=\"lazy\" class=\"aligncenter size-full wp-image-32477\" src=\"http:\/\/www.tunaespana.es\/wp-content\/uploads\/2017\/10\/TunaEspa\u00f1a-Sello-Correos-DonDudo-Don-Dudo-Carlos-Espinosa-Celdran-Sello-Correos.jpg\" alt=\"TunaEspa\u00f1a, Sello, Correos, DonDudo, Don Dudo, Carlos Espinosa Celdran, Sello Correos\" width=\"668\" height=\"896\" srcset=\"https:\/\/www.tunaespana.es\/wp-content\/uploads\/2017\/10\/TunaEspa\u00f1a-Sello-Correos-DonDudo-Don-Dudo-Carlos-Espinosa-Celdran-Sello-Correos.jpg 668w, https:\/\/www.tunaespana.es\/wp-content\/uploads\/2017\/10\/TunaEspa\u00f1a-Sello-Correos-DonDudo-Don-Dudo-Carlos-Espinosa-Celdran-Sello-Correos-224x300.jpg 224w\" sizes=\"(max-width: 668px) 100vw, 668px\" \/><\/a><\/span><\/p>\n<p style=\"text-align: center;\"><span style=\"color: #cc99ff;\">Fecha emisi\u00f3n del sello de <span style=\"color: #ff0000;\"><strong>\u00abTun<span style=\"color: #ffff00;\">aEsp<\/span>a\u00f1a\u00bb<\/strong><\/span>, 18 de Octubre 2017<\/span><\/p>\n<p><span style=\"color: #000000;\">.<\/span><\/p>\n<p>.<a href=\"http:\/\/www.tunaespana.es\/?attachment_id=32496\" rel=\"attachment wp-att-32496\"><img decoding=\"async\" loading=\"lazy\" class=\"aligncenter size-full wp-image-32496\" src=\"http:\/\/www.tunaespana.es\/wp-content\/uploads\/2017\/10\/TunaEspa\u00f1a-Carlos-Espinosa-Celdran-JuntamentoDon-Dudo-DonDudo-Rector-Universidad-Valladolid-Sello-de-Correos-TunaEspa\u00f1a104a.jpg\" alt=\"TunaEspa\u00f1a, Carlos Espinosa Celdran, Juntamento,Don Dudo, DonDudo, Rector Universidad Valladolid, Sello de Correos TunaEspa\u00f1a,104a\" width=\"645\" height=\"824\" srcset=\"https:\/\/www.tunaespana.es\/wp-content\/uploads\/2017\/10\/TunaEspa\u00f1a-Carlos-Espinosa-Celdran-JuntamentoDon-Dudo-DonDudo-Rector-Universidad-Valladolid-Sello-de-Correos-TunaEspa\u00f1a104a.jpg 645w, https:\/\/www.tunaespana.es\/wp-content\/uploads\/2017\/10\/TunaEspa\u00f1a-Carlos-Espinosa-Celdran-JuntamentoDon-Dudo-DonDudo-Rector-Universidad-Valladolid-Sello-de-Correos-TunaEspa\u00f1a104a-235x300.jpg 235w\" sizes=\"(max-width: 645px) 100vw, 645px\" \/><\/a><\/p>\n<p style=\"text-align: center;\"><span style=\"color: #000000;\">.<span style=\"color: #cc99ff;\">Presentaci\u00f3n del Sello de <strong><span style=\"color: #ff0000;\">\u00abTun<span style=\"color: #ffff00;\">aEsp<\/span>a\u00f1a\u00bb<\/span><\/strong>, en la Universidad de Valladolid, en presencia de\u00a0D. Daniel Miguel San Jos\u00e9, <strong>Excmo. y Magfco. Sr. Rector<\/strong> de la Universidad de\u00a0Valladolid y de la <strong>Vicerrectora<\/strong> de Estudiantes y Extensi\u00f3n Universitaria<strong>\u00a0<\/strong>D.\u00aa Felicidad Viejo Valverde<\/span><\/span><\/p>\n<h1><span style=\"color: #000000;\"><a href=\"http:\/\/www.tunaespana.es\/?attachment_id=32479\" rel=\"attachment wp-att-32479\"><img decoding=\"async\" loading=\"lazy\" class=\"aligncenter size-full wp-image-32479\" src=\"http:\/\/www.tunaespana.es\/wp-content\/uploads\/2017\/10\/TunaEspa\u00f1a-Sello-Correos-DonDudo-Don-Dudo-Carlos-Espinosa-Celdran-Tuna-Universitaria.jpg\" alt=\"TunaEspa\u00f1a, Sello, Correos, DonDudo, Don Dudo, Carlos Espinosa Celdran, Tuna Universitaria\" width=\"689\" height=\"524\" srcset=\"https:\/\/www.tunaespana.es\/wp-content\/uploads\/2017\/10\/TunaEspa\u00f1a-Sello-Correos-DonDudo-Don-Dudo-Carlos-Espinosa-Celdran-Tuna-Universitaria.jpg 689w, https:\/\/www.tunaespana.es\/wp-content\/uploads\/2017\/10\/TunaEspa\u00f1a-Sello-Correos-DonDudo-Don-Dudo-Carlos-Espinosa-Celdran-Tuna-Universitaria-300x228.jpg 300w\" sizes=\"(max-width: 689px) 100vw, 689px\" \/><\/a><\/span><\/h1>\n<p style=\"text-align: center;\"><span style=\"color: #000000;\"><span style=\"color: #cc99ff;\">.<\/span><\/span><\/p>\n<p>&nbsp;<\/p>\n<p style=\"text-align: center;\"><span style=\"color: #000000;\"><a href=\"http:\/\/www.tunaespana.es\/?attachment_id=32480\" rel=\"attachment wp-att-32480\"><img decoding=\"async\" loading=\"lazy\" class=\"aligncenter size-full wp-image-32480\" src=\"http:\/\/www.tunaespana.es\/wp-content\/uploads\/2017\/10\/TunaEspa\u00f1a-Sello-Correos-DonDudo-Don-Dudo-Carlos-Espinosa-Celdran-Tarjeta-Tuna-Universitaria.jpg\" alt=\"TunaEspa\u00f1a, Sello, Correos, DonDudo, Don Dudo, Carlos Espinosa Celdran, Tarjeta, Tuna Universitaria\" width=\"633\" height=\"896\" srcset=\"https:\/\/www.tunaespana.es\/wp-content\/uploads\/2017\/10\/TunaEspa\u00f1a-Sello-Correos-DonDudo-Don-Dudo-Carlos-Espinosa-Celdran-Tarjeta-Tuna-Universitaria.jpg 633w, https:\/\/www.tunaespana.es\/wp-content\/uploads\/2017\/10\/TunaEspa\u00f1a-Sello-Correos-DonDudo-Don-Dudo-Carlos-Espinosa-Celdran-Tarjeta-Tuna-Universitaria-212x300.jpg 212w\" sizes=\"(max-width: 633px) 100vw, 633px\" \/><\/a><\/span><\/p>\n<p style=\"text-align: center;\"><span style=\"color: #000000;\">.<span style=\"color: #cc99ff;\">El conjunto concordante de sello, matasellos y tarjeta postal se denomina <strong>tarjeta m\u00e1xima<\/strong>.<\/span><\/span><\/p>\n","protected":false},"excerpt":{"rendered":"<p>\u00a1\u00a1\u00a1 Hecho Hist\u00f3rico \u00abF\u00e1brica Nacional de Moneda y Timbre-Real Casa de la Moneda\u00bb , hace un sello dedicado a TunaEspa\u00f1a!!! No existe ning\u00fan otro sello dedicado a la Tuna. De una tirada de casi 400.000 Sellos en solo un mes ya no quedaban en Ninguna Oficina de Correos de Toda Espa\u00f1a. A\u00f1o 2017. EL TEXTO [&hellip;]<\/p>\n","protected":false},"author":2,"featured_media":0,"parent":0,"menu_order":1,"comment_status":"closed","ping_status":"closed","template":"","meta":[],"_links":{"self":[{"href":"https:\/\/www.tunaespana.es\/index.php?rest_route=\/wp\/v2\/pages\/32473"}],"collection":[{"href":"https:\/\/www.tunaespana.es\/index.php?rest_route=\/wp\/v2\/pages"}],"about":[{"href":"https:\/\/www.tunaespana.es\/index.php?rest_route=\/wp\/v2\/types\/page"}],"author":[{"embeddable":true,"href":"https:\/\/www.tunaespana.es\/index.php?rest_route=\/wp\/v2\/users\/2"}],"replies":[{"embeddable":true,"href":"https:\/\/www.tunaespana.es\/index.php?rest_route=%2Fwp%2Fv2%2Fcomments&post=32473"}],"version-history":[{"count":21,"href":"https:\/\/www.tunaespana.es\/index.php?rest_route=\/wp\/v2\/pages\/32473\/revisions"}],"predecessor-version":[{"id":32482,"href":"https:\/\/www.tunaespana.es\/index.php?rest_route=\/wp\/v2\/pages\/32473\/revisions\/32482"}],"wp:attachment":[{"href":"https:\/\/www.tunaespana.es\/index.php?rest_route=%2Fwp%2Fv2%2Fmedia&parent=32473"}],"curies":[{"name":"wp","href":"https:\/\/api.w.org\/{rel}","templated":true}]}}