{"id":32509,"date":"2017-10-10T17:11:12","date_gmt":"2017-10-10T17:11:12","guid":{"rendered":"http:\/\/www.tunaespana.es\/?page_id=32509"},"modified":"2021-03-06T12:28:59","modified_gmt":"2021-03-06T12:28:59","slug":"tunaespana-tunaespana-honra-la-virgen-de-san-lorenzo-en-el-centenario-de-su-coronacion-canonica","status":"publish","type":"page","link":"https:\/\/www.tunaespana.es\/?page_id=32509","title":{"rendered":"TunaEspa\u00f1a, honra \u00abLa Virgen de San Lorenzo\u00bb (Patrona de Valladolid)"},"content":{"rendered":"<p style=\"text-align: center;\"><span style=\"font-size: 14pt;\"><span style=\"color: #ff0000;\"><strong>Tun<span style=\"color: #ffff00;\">aEsp<\/span>a\u00f1a<\/strong><\/span><span style=\"color: #cc99ff;\">, honra <strong>\u00abLa Virgen de San Lorenzo\u00bb<\/strong> (patrona de Valladolid) en el CENTENARIO de su Coronaci\u00f3n Can\u00f3nica. \u00abJuntamento en Valladolid\u00bb.<\/span><\/span><\/p>\n<blockquote class=\"embedly-card\" data-card-controls=\"1\" data-card-align=\"center\" data-card-theme=\"light\">\n<h4><a href=\"http:\/\/www.archivalladolid.org\/web\/tuna-espana-honra-a-la-virgen-de-san-lorenzo-patrona-de-valladolid\/\">Tuna Espa\u00f1a honra a la Virgen de San Lorenzo, patrona de Valladolid<\/a><\/h4>\n<p>Tuna Espa\u00f1a honra a la Virgen de San Lorenzo, patrona de Valladolid La asociaci\u00f3n TunaEspa\u00f1a ha celebrado el 29 y 30 de septiembre su VI Juntamento en Valladolid, con diversos actos en la ciudad y la provincia y, entre ellos, la visita a la patrona de la capital, Nuestra Se\u00f1ora de San Lorenzo, coronada can\u00f3nicamente hace un siglo.<\/p>\n<\/blockquote>\n<p><script async src=\"\/\/cdn.embedly.com\/widgets\/platform.js\" charset=\"UTF-8\"><\/script><\/p>\n<p><a href=\"http:\/\/www.tunaespana.es\/?attachment_id=32510\" rel=\"attachment wp-att-32510\"><img decoding=\"async\" loading=\"lazy\" class=\"aligncenter size-full wp-image-32510\" src=\"http:\/\/www.tunaespana.es\/wp-content\/uploads\/2017\/10\/TunaEspa\u00f1a-Carlos-Espinosa-Celdran-DonDudo-Don-Dudo-Virgen-de-SAn-Lorenzo-Tuna-Espa\u00f1a-Juntamento-Valladolid.jpg\" alt=\"TunaEspa\u00f1a, Carlos Espinosa Celdran, DonDudo, Don Dudo, Virgen de SAn Lorenzo, Tuna Espa\u00f1a, Juntamento Valladolid\" width=\"629\" height=\"891\" srcset=\"https:\/\/www.tunaespana.es\/wp-content\/uploads\/2017\/10\/TunaEspa\u00f1a-Carlos-Espinosa-Celdran-DonDudo-Don-Dudo-Virgen-de-SAn-Lorenzo-Tuna-Espa\u00f1a-Juntamento-Valladolid.jpg 629w, https:\/\/www.tunaespana.es\/wp-content\/uploads\/2017\/10\/TunaEspa\u00f1a-Carlos-Espinosa-Celdran-DonDudo-Don-Dudo-Virgen-de-SAn-Lorenzo-Tuna-Espa\u00f1a-Juntamento-Valladolid-212x300.jpg 212w\" sizes=\"(max-width: 629px) 100vw, 629px\" \/><\/a><\/p>\n<p>.<\/p>\n<p style=\"text-align: center;\"><span style=\"color: #000000;\">.<\/span><\/p>\n<blockquote class=\"embedly-card\" data-card-controls=\"1\" data-card-align=\"center\" data-card-theme=\"light\">\n<h4><a href=\"https:\/\/www.youtube.com\/watch?v=BnSGCOINfw8\">Tuna Espa\u00f1a honra a la Virgen de San Lorenzo, patrona de Valladolid<\/a><\/h4>\n<p>30-9-2017 &#8211; Tuna Espa\u00f1a celebr\u00f3 su VI Juntamento en Valladolid y los participantes no quisieron perder la oprtunidad de honrar a la patrona de la ciudad, Nu&#8230;<\/p>\n<\/blockquote>\n<p><script async src=\"\/\/cdn.embedly.com\/widgets\/platform.js\" charset=\"UTF-8\"><\/script><\/p>\n<p>.<a href=\"http:\/\/www.tunaespana.es\/?attachment_id=32525\" rel=\"attachment wp-att-32525\"><img decoding=\"async\" loading=\"lazy\" class=\"aligncenter size-full wp-image-32525\" src=\"http:\/\/www.tunaespana.es\/wp-content\/uploads\/2017\/10\/TunaEspa\u00f1a-Carlos-Espinosa-Celdran-DonDudo-Don-Dudo-Tuna-Espa\u00f1a-Virgen-de-San-Lorenzo-juntamento-de-valladolid-01ab.jpg\" alt=\"TunaEspa\u00f1a, Carlos Espinosa Celdran, DonDudo, Don Dudo, Tuna Espa\u00f1a, Virgen de San Lorenzo, juntamento de valladolid, 01ab\" width=\"778\" height=\"267\" srcset=\"https:\/\/www.tunaespana.es\/wp-content\/uploads\/2017\/10\/TunaEspa\u00f1a-Carlos-Espinosa-Celdran-DonDudo-Don-Dudo-Tuna-Espa\u00f1a-Virgen-de-San-Lorenzo-juntamento-de-valladolid-01ab.jpg 778w, https:\/\/www.tunaespana.es\/wp-content\/uploads\/2017\/10\/TunaEspa\u00f1a-Carlos-Espinosa-Celdran-DonDudo-Don-Dudo-Tuna-Espa\u00f1a-Virgen-de-San-Lorenzo-juntamento-de-valladolid-01ab-300x103.jpg 300w, https:\/\/www.tunaespana.es\/wp-content\/uploads\/2017\/10\/TunaEspa\u00f1a-Carlos-Espinosa-Celdran-DonDudo-Don-Dudo-Tuna-Espa\u00f1a-Virgen-de-San-Lorenzo-juntamento-de-valladolid-01ab-768x264.jpg 768w\" sizes=\"(max-width: 778px) 100vw, 778px\" \/><\/a><\/p>\n<p>.<\/p>\n<p>.<a href=\"http:\/\/www.tunaespana.es\/?attachment_id=32512\" rel=\"attachment wp-att-32512\"><img decoding=\"async\" loading=\"lazy\" class=\"aligncenter size-full wp-image-32512\" src=\"http:\/\/www.tunaespana.es\/wp-content\/uploads\/2017\/10\/TunaEspa\u00f1a-Carlos-Espinosa-Celdran-DonDudo-Don-Dudo-Tuna-Espa\u00f1a-Virgen-de-San-Lorenzo-juntamento-de-valladolid-02.jpg\" alt=\"TunaEspa\u00f1a, Carlos Espinosa Celdran, DonDudo, Don Dudo, Tuna Espa\u00f1a, Virgen de San Lorenzo, juntamento de valladolid, 02\" width=\"841\" height=\"777\" srcset=\"https:\/\/www.tunaespana.es\/wp-content\/uploads\/2017\/10\/TunaEspa\u00f1a-Carlos-Espinosa-Celdran-DonDudo-Don-Dudo-Tuna-Espa\u00f1a-Virgen-de-San-Lorenzo-juntamento-de-valladolid-02.jpg 841w, https:\/\/www.tunaespana.es\/wp-content\/uploads\/2017\/10\/TunaEspa\u00f1a-Carlos-Espinosa-Celdran-DonDudo-Don-Dudo-Tuna-Espa\u00f1a-Virgen-de-San-Lorenzo-juntamento-de-valladolid-02-300x277.jpg 300w, https:\/\/www.tunaespana.es\/wp-content\/uploads\/2017\/10\/TunaEspa\u00f1a-Carlos-Espinosa-Celdran-DonDudo-Don-Dudo-Tuna-Espa\u00f1a-Virgen-de-San-Lorenzo-juntamento-de-valladolid-02-768x710.jpg 768w\" sizes=\"(max-width: 841px) 100vw, 841px\" \/><\/a><\/p>\n<p>.<\/p>\n<p>.<a href=\"http:\/\/www.tunaespana.es\/?attachment_id=32513\" rel=\"attachment wp-att-32513\"><img decoding=\"async\" loading=\"lazy\" class=\"aligncenter size-full wp-image-32513\" src=\"http:\/\/www.tunaespana.es\/wp-content\/uploads\/2017\/10\/TunaEspa\u00f1a-Carlos-Espinosa-Celdran-DonDudo-Don-Dudo-Tuna-Espa\u00f1a-Virgen-de-San-Lorenzo-juntamento-de-valladolid-03.jpg\" alt=\"TunaEspa\u00f1a, Carlos Espinosa Celdran, DonDudo, Don Dudo, Tuna Espa\u00f1a, Virgen de San Lorenzo, juntamento de valladolid, 03\" width=\"639\" height=\"960\" srcset=\"https:\/\/www.tunaespana.es\/wp-content\/uploads\/2017\/10\/TunaEspa\u00f1a-Carlos-Espinosa-Celdran-DonDudo-Don-Dudo-Tuna-Espa\u00f1a-Virgen-de-San-Lorenzo-juntamento-de-valladolid-03.jpg 639w, https:\/\/www.tunaespana.es\/wp-content\/uploads\/2017\/10\/TunaEspa\u00f1a-Carlos-Espinosa-Celdran-DonDudo-Don-Dudo-Tuna-Espa\u00f1a-Virgen-de-San-Lorenzo-juntamento-de-valladolid-03-200x300.jpg 200w\" sizes=\"(max-width: 639px) 100vw, 639px\" \/><\/a><\/p>\n<p>.<\/p>\n<p><a href=\"http:\/\/www.tunaespana.es\/?attachment_id=32514\" rel=\"attachment wp-att-32514\"><img decoding=\"async\" loading=\"lazy\" class=\"aligncenter size-full wp-image-32514\" src=\"http:\/\/www.tunaespana.es\/wp-content\/uploads\/2017\/10\/TunaEspa\u00f1a-Carlos-Espinosa-Celdran-DonDudo-Don-Dudo-Tuna-Espa\u00f1a-Virgen-de-San-Lorenzo-juntamento-de-valladolid-04.jpg\" alt=\"TunaEspa\u00f1a, Carlos Espinosa Celdran, DonDudo, Don Dudo, Tuna Espa\u00f1a, Virgen de San Lorenzo, juntamento de valladolid, 04\" width=\"720\" height=\"480\" srcset=\"https:\/\/www.tunaespana.es\/wp-content\/uploads\/2017\/10\/TunaEspa\u00f1a-Carlos-Espinosa-Celdran-DonDudo-Don-Dudo-Tuna-Espa\u00f1a-Virgen-de-San-Lorenzo-juntamento-de-valladolid-04.jpg 720w, https:\/\/www.tunaespana.es\/wp-content\/uploads\/2017\/10\/TunaEspa\u00f1a-Carlos-Espinosa-Celdran-DonDudo-Don-Dudo-Tuna-Espa\u00f1a-Virgen-de-San-Lorenzo-juntamento-de-valladolid-04-300x200.jpg 300w\" sizes=\"(max-width: 720px) 100vw, 720px\" \/><\/a><\/p>\n<p>.<\/p>\n<p>.<a href=\"http:\/\/www.tunaespana.es\/?attachment_id=32515\" rel=\"attachment wp-att-32515\"><img decoding=\"async\" loading=\"lazy\" class=\"aligncenter size-full wp-image-32515\" src=\"http:\/\/www.tunaespana.es\/wp-content\/uploads\/2017\/10\/TunaEspa\u00f1a-Carlos-Espinosa-Celdran-DonDudo-Don-Dudo-Tuna-Espa\u00f1a-Virgen-de-San-Lorenzo-juntamento-de-valladolid-05.jpg\" alt=\"TunaEspa\u00f1a, Carlos Espinosa Celdran, DonDudo, Don Dudo, Tuna Espa\u00f1a, Virgen de San Lorenzo, juntamento de valladolid, 05\" width=\"640\" height=\"692\" srcset=\"https:\/\/www.tunaespana.es\/wp-content\/uploads\/2017\/10\/TunaEspa\u00f1a-Carlos-Espinosa-Celdran-DonDudo-Don-Dudo-Tuna-Espa\u00f1a-Virgen-de-San-Lorenzo-juntamento-de-valladolid-05.jpg 640w, https:\/\/www.tunaespana.es\/wp-content\/uploads\/2017\/10\/TunaEspa\u00f1a-Carlos-Espinosa-Celdran-DonDudo-Don-Dudo-Tuna-Espa\u00f1a-Virgen-de-San-Lorenzo-juntamento-de-valladolid-05-277x300.jpg 277w\" sizes=\"(max-width: 640px) 100vw, 640px\" \/><\/a><\/p>\n<p>.<\/p>\n<p>.<a href=\"http:\/\/www.tunaespana.es\/?attachment_id=32516\" rel=\"attachment wp-att-32516\"><img decoding=\"async\" loading=\"lazy\" class=\"aligncenter size-full wp-image-32516\" src=\"http:\/\/www.tunaespana.es\/wp-content\/uploads\/2017\/10\/TunaEspa\u00f1a-Carlos-Espinosa-Celdran-DonDudo-Don-Dudo-Tuna-Espa\u00f1a-Virgen-de-San-Lorenzo-juntamento-de-valladolid-06.jpg\" alt=\"TunaEspa\u00f1a, Carlos Espinosa Celdran, DonDudo, Don Dudo, Tuna Espa\u00f1a, Virgen de San Lorenzo, juntamento de valladolid, 06\" width=\"557\" height=\"960\" srcset=\"https:\/\/www.tunaespana.es\/wp-content\/uploads\/2017\/10\/TunaEspa\u00f1a-Carlos-Espinosa-Celdran-DonDudo-Don-Dudo-Tuna-Espa\u00f1a-Virgen-de-San-Lorenzo-juntamento-de-valladolid-06.jpg 557w, https:\/\/www.tunaespana.es\/wp-content\/uploads\/2017\/10\/TunaEspa\u00f1a-Carlos-Espinosa-Celdran-DonDudo-Don-Dudo-Tuna-Espa\u00f1a-Virgen-de-San-Lorenzo-juntamento-de-valladolid-06-174x300.jpg 174w\" sizes=\"(max-width: 557px) 100vw, 557px\" \/><\/a><\/p>\n<p>.<\/p>\n<p>.<a href=\"http:\/\/www.tunaespana.es\/?attachment_id=32517\" rel=\"attachment wp-att-32517\"><img decoding=\"async\" loading=\"lazy\" class=\"aligncenter size-full wp-image-32517\" src=\"http:\/\/www.tunaespana.es\/wp-content\/uploads\/2017\/10\/TunaEspa\u00f1a-Carlos-Espinosa-Celdran-DonDudo-Don-Dudo-Tuna-Espa\u00f1a-Virgen-de-San-Lorenzo-juntamento-de-valladolid-07.jpg\" alt=\"TunaEspa\u00f1a, Carlos Espinosa Celdran, DonDudo, Don Dudo, Tuna Espa\u00f1a, Virgen de San Lorenzo, juntamento de valladolid, 07\" width=\"846\" height=\"436\" srcset=\"https:\/\/www.tunaespana.es\/wp-content\/uploads\/2017\/10\/TunaEspa\u00f1a-Carlos-Espinosa-Celdran-DonDudo-Don-Dudo-Tuna-Espa\u00f1a-Virgen-de-San-Lorenzo-juntamento-de-valladolid-07.jpg 846w, https:\/\/www.tunaespana.es\/wp-content\/uploads\/2017\/10\/TunaEspa\u00f1a-Carlos-Espinosa-Celdran-DonDudo-Don-Dudo-Tuna-Espa\u00f1a-Virgen-de-San-Lorenzo-juntamento-de-valladolid-07-300x155.jpg 300w, https:\/\/www.tunaespana.es\/wp-content\/uploads\/2017\/10\/TunaEspa\u00f1a-Carlos-Espinosa-Celdran-DonDudo-Don-Dudo-Tuna-Espa\u00f1a-Virgen-de-San-Lorenzo-juntamento-de-valladolid-07-768x396.jpg 768w\" sizes=\"(max-width: 846px) 100vw, 846px\" \/><\/a><\/p>\n<p>.<\/p>\n<p>.<a href=\"http:\/\/www.tunaespana.es\/?attachment_id=32518\" rel=\"attachment wp-att-32518\"><img decoding=\"async\" loading=\"lazy\" class=\"aligncenter size-full wp-image-32518\" src=\"http:\/\/www.tunaespana.es\/wp-content\/uploads\/2017\/10\/TunaEspa\u00f1a-Carlos-Espinosa-Celdran-DonDudo-Don-Dudo-Tuna-Espa\u00f1a-Virgen-de-San-Lorenzo-juntamento-de-valladolid-08.jpg\" alt=\"TunaEspa\u00f1a, Carlos Espinosa Celdran, DonDudo, Don Dudo, Tuna Espa\u00f1a, Virgen de San Lorenzo, juntamento de valladolid, 08\" width=\"848\" height=\"437\" srcset=\"https:\/\/www.tunaespana.es\/wp-content\/uploads\/2017\/10\/TunaEspa\u00f1a-Carlos-Espinosa-Celdran-DonDudo-Don-Dudo-Tuna-Espa\u00f1a-Virgen-de-San-Lorenzo-juntamento-de-valladolid-08.jpg 848w, https:\/\/www.tunaespana.es\/wp-content\/uploads\/2017\/10\/TunaEspa\u00f1a-Carlos-Espinosa-Celdran-DonDudo-Don-Dudo-Tuna-Espa\u00f1a-Virgen-de-San-Lorenzo-juntamento-de-valladolid-08-300x155.jpg 300w, https:\/\/www.tunaespana.es\/wp-content\/uploads\/2017\/10\/TunaEspa\u00f1a-Carlos-Espinosa-Celdran-DonDudo-Don-Dudo-Tuna-Espa\u00f1a-Virgen-de-San-Lorenzo-juntamento-de-valladolid-08-768x396.jpg 768w\" sizes=\"(max-width: 848px) 100vw, 848px\" \/><\/a><\/p>\n<p style=\"text-align: center;\">.<\/p>\n<blockquote class=\"embedly-card\" data-card-controls=\"1\" data-card-align=\"center\" data-card-theme=\"light\">\n<h4><a href=\"https:\/\/www.youtube.com\/watch?v=TpxremYa8qU\">Testigos de la Pasi\u00f3n: En Marcha con Jes\u00fas (Pedro J. Mu\u00f1oz y Chema Concell\u00f3n)<\/a><\/h4>\n<p>Los d\u00edas cuaresmales nos preparan para celebrar los d\u00edas santos de la Pascua. Es la fiesta principal de los cristianos y en ella podemos festejar que nuestro&#8230;<\/p>\n<\/blockquote>\n<p><script async src=\"\/\/cdn.embedly.com\/widgets\/platform.js\" charset=\"UTF-8\"><\/script><\/p>\n<p style=\"text-align: center;\"><span style=\"color: #999999;\">Nuestro Muy Querido Hermanico Pedro J. Mu\u00f1oz \u00abDonCangrejo\u00bb Jefe (Maestre Tunae) Tuna ing. industriales Valladolid 1989-1992, Tuna de Ciencias de Valladolid, Tuna Universitaria de Valladolid, Presidente Fundador y Jefe (Maestre Tunae) \u00abCuarentuna Universitaria de Valladolid\u00bb. Dios nos lo Bendiga<\/span><br \/>\n<span style=\"color: #999999;\"> A partir del Minuto 20:30, Habla de TunaEspa\u00f1a, y se ven im\u00e1genes de nuestro Juntamento en Valladolid<\/span><\/p>\n<p style=\"text-align: center;\">.<\/p>\n","protected":false},"excerpt":{"rendered":"<p>TunaEspa\u00f1a, honra \u00abLa Virgen de San Lorenzo\u00bb (patrona de Valladolid) en el CENTENARIO de su Coronaci\u00f3n Can\u00f3nica. \u00abJuntamento en Valladolid\u00bb. Tuna Espa\u00f1a honra a la Virgen de San Lorenzo, patrona de Valladolid Tuna Espa\u00f1a honra a la Virgen de San Lorenzo, patrona de Valladolid La asociaci\u00f3n TunaEspa\u00f1a ha celebrado el 29 y 30 de septiembre [&hellip;]<\/p>\n","protected":false},"author":2,"featured_media":0,"parent":0,"menu_order":8,"comment_status":"closed","ping_status":"closed","template":"","meta":[],"_links":{"self":[{"href":"https:\/\/www.tunaespana.es\/index.php?rest_route=\/wp\/v2\/pages\/32509"}],"collection":[{"href":"https:\/\/www.tunaespana.es\/index.php?rest_route=\/wp\/v2\/pages"}],"about":[{"href":"https:\/\/www.tunaespana.es\/index.php?rest_route=\/wp\/v2\/types\/page"}],"author":[{"embeddable":true,"href":"https:\/\/www.tunaespana.es\/index.php?rest_route=\/wp\/v2\/users\/2"}],"replies":[{"embeddable":true,"href":"https:\/\/www.tunaespana.es\/index.php?rest_route=%2Fwp%2Fv2%2Fcomments&post=32509"}],"version-history":[{"count":11,"href":"https:\/\/www.tunaespana.es\/index.php?rest_route=\/wp\/v2\/pages\/32509\/revisions"}],"predecessor-version":[{"id":34890,"href":"https:\/\/www.tunaespana.es\/index.php?rest_route=\/wp\/v2\/pages\/32509\/revisions\/34890"}],"wp:attachment":[{"href":"https:\/\/www.tunaespana.es\/index.php?rest_route=%2Fwp%2Fv2%2Fmedia&parent=32509"}],"curies":[{"name":"wp","href":"https:\/\/api.w.org\/{rel}","templated":true}]}}