{"id":32782,"date":"2018-01-29T17:28:24","date_gmt":"2018-01-29T17:28:24","guid":{"rendered":"http:\/\/www.tunaespana.es\/?page_id=32782"},"modified":"2026-03-06T18:40:16","modified_gmt":"2026-03-06T17:40:16","slug":"monograficos-de-tunaespana","status":"publish","type":"page","link":"https:\/\/www.tunaespana.es\/?page_id=32782","title":{"rendered":"Monogr\u00e1ficos de TunaEspa\u00f1a"},"content":{"rendered":"<p><span style=\"color: #000000;\">.<\/span><span style=\"color: #000000;\"><a href=\"http:\/\/www.tunaespana.es\/?attachment_id=33462\" rel=\"attachment wp-att-33462\"><img decoding=\"async\" loading=\"lazy\" class=\"aligncenter size-full wp-image-33462\" src=\"http:\/\/www.tunaespana.es\/wp-content\/uploads\/2018\/01\/TunaEspa\u00f1a-Don-Dudo-Carlos-Espinosa-CeldranMonografico.jpg\" alt=\"TunaEspa\u00f1a Don Dudo, Carlos Espinosa Celdran,Monografico,\" width=\"571\" height=\"807\" srcset=\"https:\/\/www.tunaespana.es\/wp-content\/uploads\/2018\/01\/TunaEspa\u00f1a-Don-Dudo-Carlos-Espinosa-CeldranMonografico.jpg 571w, https:\/\/www.tunaespana.es\/wp-content\/uploads\/2018\/01\/TunaEspa\u00f1a-Don-Dudo-Carlos-Espinosa-CeldranMonografico-212x300.jpg 212w\" sizes=\"(max-width: 571px) 100vw, 571px\" \/><\/a><\/span><\/p>\n<p><span style=\"color: #000000;\">.<\/span><\/p>\n<p><a href=\"https:\/\/www.tunaespana.es\/?attachment_id=35020\" rel=\"attachment wp-att-35020\"><img decoding=\"async\" loading=\"lazy\" class=\"aligncenter size-full wp-image-35020\" src=\"https:\/\/www.tunaespana.es\/wp-content\/uploads\/2018\/01\/Quiero-ser-tuno-TunaEspa\u00f1a-Don-Dudo-Carlos-Espinosa-CeldranSin-t\u00edtulo-00.jpg\" alt=\"Quiero ser tuno, TunaEspa\u00f1a, Don Dudo, Carlos Espinosa CeldranSin t\u00edtulo 00\" width=\"393\" height=\"559\" srcset=\"https:\/\/www.tunaespana.es\/wp-content\/uploads\/2018\/01\/Quiero-ser-tuno-TunaEspa\u00f1a-Don-Dudo-Carlos-Espinosa-CeldranSin-t\u00edtulo-00.jpg 393w, https:\/\/www.tunaespana.es\/wp-content\/uploads\/2018\/01\/Quiero-ser-tuno-TunaEspa\u00f1a-Don-Dudo-Carlos-Espinosa-CeldranSin-t\u00edtulo-00-211x300.jpg 211w\" sizes=\"(max-width: 393px) 100vw, 393px\" \/><\/a><\/p>\n<p><span style=\"color: #000000;\">.<\/span><\/p>\n<p>0.<\/p>\n<p><a href=\"https:\/\/www.tunaespana.es\/?attachment_id=38839\" rel=\"attachment wp-att-38839\"><img decoding=\"async\" loading=\"lazy\" class=\"aligncenter size-full wp-image-38839\" src=\"https:\/\/www.tunaespana.es\/wp-content\/uploads\/Sin-titulo-28.jpg\" alt=\"\" width=\"490\" height=\"368\" srcset=\"https:\/\/www.tunaespana.es\/wp-content\/uploads\/Sin-titulo-28.jpg 490w, https:\/\/www.tunaespana.es\/wp-content\/uploads\/Sin-titulo-28-300x225.jpg 300w\" sizes=\"(max-width: 490px) 100vw, 490px\" \/><\/a><\/p>\n<p>. <span style=\"color: #999999;\">Rafael Basurto Lara, junto a nuestro querido hermano de TunaEspa\u00f1a, Autor de Dicho cuento \u00abQuiero ser Tuno\u00bb,<\/span> <span style=\"color: #00ff00;\">Eduardo Tenorio Gonz\u00e1lez<strong>\u00bb DonAttila \u00ab<\/strong><\/span>\u00a0<span style=\"color: #999999;\">,\u00a0Tuna Universitaria del Estado de\u00a0M\u00e9xico, y\u00a0 \u00a0Tuna de la Universidad del Valle de\u00a0M\u00e9xico\u00a0Campus Hispano\u00a0<strong><span style=\"color: #ff0000;\">M\u00e9xico.<span style=\"color: #00ffff;\">\u00a0<\/span><\/span><\/strong><\/span><\/p>\n<p><a href=\"https:\/\/www.tunaespana.es\/?attachment_id=38840\" rel=\"attachment wp-att-38840\"><img decoding=\"async\" loading=\"lazy\" class=\"aligncenter size-full wp-image-38840\" src=\"https:\/\/www.tunaespana.es\/wp-content\/uploads\/Sin-titulo2-12.jpg\" alt=\"\" width=\"511\" height=\"746\" srcset=\"https:\/\/www.tunaespana.es\/wp-content\/uploads\/Sin-titulo2-12.jpg 511w, https:\/\/www.tunaespana.es\/wp-content\/uploads\/Sin-titulo2-12-205x300.jpg 205w\" sizes=\"(max-width: 511px) 100vw, 511px\" \/><\/a><\/p>\n<p>.<\/p>\n<p>.<\/p>\n<p><span style=\"color: #000000;\"><a href=\"http:\/\/www.tunaespana.es\/?attachment_id=33463\" rel=\"attachment wp-att-33463\"><img decoding=\"async\" loading=\"lazy\" class=\"aligncenter size-full wp-image-33463\" src=\"http:\/\/www.tunaespana.es\/wp-content\/uploads\/2018\/01\/TunaEspa\u00f1a-Monografico-Don-Dudo-Carlos-Espinosa-Celdran.jpg\" alt=\"TunaEspa\u00f1a Monografico, Don Dudo, Carlos Espinosa Celdran\" width=\"561\" height=\"791\" srcset=\"https:\/\/www.tunaespana.es\/wp-content\/uploads\/2018\/01\/TunaEspa\u00f1a-Monografico-Don-Dudo-Carlos-Espinosa-Celdran.jpg 561w, https:\/\/www.tunaespana.es\/wp-content\/uploads\/2018\/01\/TunaEspa\u00f1a-Monografico-Don-Dudo-Carlos-Espinosa-Celdran-213x300.jpg 213w\" sizes=\"(max-width: 561px) 100vw, 561px\" \/><\/a><\/span><\/p>\n<p><span style=\"color: #000000;\">.<\/span><\/p>\n<p>PDF del I Monogr\u00e1fico lo puedes ver en este enlace:\u00a0<a href=\"https:\/\/www.tunaespana.es\/?attachment_id=35054\" rel=\"attachment wp-att-35054\">MONOGRAFICO I 2016 COMPLETO DINA4<\/a><\/p>\n<p><span style=\"color: #000000;\">.<a href=\"http:\/\/www.tunaespana.es\/?attachment_id=33464\" rel=\"attachment wp-att-33464\"><img decoding=\"async\" loading=\"lazy\" class=\"aligncenter size-full wp-image-33464\" src=\"http:\/\/www.tunaespana.es\/wp-content\/uploads\/2018\/01\/TunaEspa\u00f1a-Monografico-Don-Dudo-Carlos-Espinosa-Celdran-Puerto-Rico.jpg\" alt=\"TunaEspa\u00f1a Monografico, Don Dudo, Carlos Espinosa Celdran, Puerto Rico\" width=\"586\" height=\"821\" srcset=\"https:\/\/www.tunaespana.es\/wp-content\/uploads\/2018\/01\/TunaEspa\u00f1a-Monografico-Don-Dudo-Carlos-Espinosa-Celdran-Puerto-Rico.jpg 586w, https:\/\/www.tunaespana.es\/wp-content\/uploads\/2018\/01\/TunaEspa\u00f1a-Monografico-Don-Dudo-Carlos-Espinosa-Celdran-Puerto-Rico-214x300.jpg 214w\" sizes=\"(max-width: 586px) 100vw, 586px\" \/><\/a><\/span><\/p>\n<p style=\"text-align: left;\"><span style=\"color: #000000;\">.<\/span><\/p>\n<p style=\"text-align: left;\"><a href=\"http:\/\/www.tunaespana.es\/?attachment_id=33465\" rel=\"attachment wp-att-33465\"><img decoding=\"async\" loading=\"lazy\" class=\"aligncenter size-full wp-image-33465\" src=\"http:\/\/www.tunaespana.es\/wp-content\/uploads\/2018\/01\/TunaEspa\u00f1a-Monografico-Don-Dudo-Carlos-Espinosa-Celdran-Permisos-y-sanciones.jpg\" alt=\"TunaEspa\u00f1a Monografico, Don Dudo, Carlos Espinosa Celdran, Permisos y sanciones\" width=\"587\" height=\"821\" srcset=\"https:\/\/www.tunaespana.es\/wp-content\/uploads\/2018\/01\/TunaEspa\u00f1a-Monografico-Don-Dudo-Carlos-Espinosa-Celdran-Permisos-y-sanciones.jpg 587w, https:\/\/www.tunaespana.es\/wp-content\/uploads\/2018\/01\/TunaEspa\u00f1a-Monografico-Don-Dudo-Carlos-Espinosa-Celdran-Permisos-y-sanciones-214x300.jpg 214w\" sizes=\"(max-width: 587px) 100vw, 587px\" \/><\/a><\/p>\n<p style=\"text-align: center;\"><span style=\"color: #000000;\">. <span style=\"color: #cc99ff;\">Presentado por nuestro Hermano Magistrado Don Jos\u00e9 Mar\u00eda Mag\u00e1n Perales\u00a0en 2016 en el Aula Magna Universidad de Zaragoza, durante el acto de imposici\u00f3n Insignia de Oro de <strong><span style=\"color: #ff0000;\">Tun<span style=\"color: #ffff00;\">aEsp<\/span>a\u00f1a<\/span><\/strong> a su Rector y Presidente de la Conferencia de Rectores de las Universidades Espa\u00f1olas (CRUE), Don Manuel Jos\u00e9 L\u00f3pez P\u00e9rez.<\/span><\/span><\/p>\n<p style=\"text-align: center;\">PDF del III Monogr\u00e1fico lo puedes ver en este enlace:\u00a0<a href=\"https:\/\/www.tunaespana.es\/?attachment_id=35050\" rel=\"attachment wp-att-35050\">MONOGRAFICO III MONTADO<\/a><\/p>\n<p><span style=\"color: #000000;\">.<a href=\"http:\/\/www.tunaespana.es\/?attachment_id=32784\" rel=\"attachment wp-att-32784\"><img decoding=\"async\" loading=\"lazy\" class=\"aligncenter size-full wp-image-32784\" src=\"http:\/\/www.tunaespana.es\/wp-content\/uploads\/2018\/01\/TunaEspa\u00f1a-Universidad-de-Zaragoza-Carlos-Espinosa-Celdran-Don-Dudo-dism.jpg\" alt=\"TunaEspa\u00f1a, Universidad de Zaragoza, Carlos Espinosa Celdran, Don Dudo, dism\" width=\"584\" height=\"493\" srcset=\"https:\/\/www.tunaespana.es\/wp-content\/uploads\/2018\/01\/TunaEspa\u00f1a-Universidad-de-Zaragoza-Carlos-Espinosa-Celdran-Don-Dudo-dism.jpg 584w, https:\/\/www.tunaespana.es\/wp-content\/uploads\/2018\/01\/TunaEspa\u00f1a-Universidad-de-Zaragoza-Carlos-Espinosa-Celdran-Don-Dudo-dism-300x253.jpg 300w\" sizes=\"(max-width: 584px) 100vw, 584px\" \/><\/a><\/span><\/p>\n<p><span style=\"color: #000000;\">.<\/span><\/p>\n<p><a href=\"https:\/\/www.tunaespana.es\/?attachment_id=37929\" rel=\"attachment wp-att-37929\"><img decoding=\"async\" loading=\"lazy\" class=\"aligncenter size-full wp-image-37929\" src=\"https:\/\/www.tunaespana.es\/wp-content\/uploads\/TunaEspana-Juntamento-Zaragoza-Aula-Albert-EinsteinRector-y-Presidente-de-la-Conferencia-de-Rectores-de-las-Universidades-Espanolas-CRUE-Don-Manuel-Jose-Lopez-Perez.jpg\" alt=\"\" width=\"633\" height=\"422\" srcset=\"https:\/\/www.tunaespana.es\/wp-content\/uploads\/TunaEspana-Juntamento-Zaragoza-Aula-Albert-EinsteinRector-y-Presidente-de-la-Conferencia-de-Rectores-de-las-Universidades-Espanolas-CRUE-Don-Manuel-Jose-Lopez-Perez.jpg 633w, https:\/\/www.tunaespana.es\/wp-content\/uploads\/TunaEspana-Juntamento-Zaragoza-Aula-Albert-EinsteinRector-y-Presidente-de-la-Conferencia-de-Rectores-de-las-Universidades-Espanolas-CRUE-Don-Manuel-Jose-Lopez-Perez-300x200.jpg 300w\" sizes=\"(max-width: 633px) 100vw, 633px\" \/><\/a><\/p>\n<p><span style=\"color: #000000;\">.<\/span><\/p>\n<p><a href=\"https:\/\/www.tunaespana.es\/?attachment_id=37931\" rel=\"attachment wp-att-37931\"><img decoding=\"async\" loading=\"lazy\" class=\"aligncenter size-full wp-image-37931\" src=\"https:\/\/www.tunaespana.es\/wp-content\/uploads\/TunaEspana-Juntamento-Zaragoza-Aula-Albert-EinsteinRector-y-Presidente-de-la-Conferencia-de-Rectores-de-las-Universidades-Espanolas-CRUE-Don-Manuel-Jose-Lopez-Perez-dondudo-36.jpg\" alt=\"\" width=\"2048\" height=\"1280\" srcset=\"https:\/\/www.tunaespana.es\/wp-content\/uploads\/TunaEspana-Juntamento-Zaragoza-Aula-Albert-EinsteinRector-y-Presidente-de-la-Conferencia-de-Rectores-de-las-Universidades-Espanolas-CRUE-Don-Manuel-Jose-Lopez-Perez-dondudo-36.jpg 2048w, https:\/\/www.tunaespana.es\/wp-content\/uploads\/TunaEspana-Juntamento-Zaragoza-Aula-Albert-EinsteinRector-y-Presidente-de-la-Conferencia-de-Rectores-de-las-Universidades-Espanolas-CRUE-Don-Manuel-Jose-Lopez-Perez-dondudo-36-300x188.jpg 300w, https:\/\/www.tunaespana.es\/wp-content\/uploads\/TunaEspana-Juntamento-Zaragoza-Aula-Albert-EinsteinRector-y-Presidente-de-la-Conferencia-de-Rectores-de-las-Universidades-Espanolas-CRUE-Don-Manuel-Jose-Lopez-Perez-dondudo-36-1024x640.jpg 1024w, https:\/\/www.tunaespana.es\/wp-content\/uploads\/TunaEspana-Juntamento-Zaragoza-Aula-Albert-EinsteinRector-y-Presidente-de-la-Conferencia-de-Rectores-de-las-Universidades-Espanolas-CRUE-Don-Manuel-Jose-Lopez-Perez-dondudo-36-768x480.jpg 768w, https:\/\/www.tunaespana.es\/wp-content\/uploads\/TunaEspana-Juntamento-Zaragoza-Aula-Albert-EinsteinRector-y-Presidente-de-la-Conferencia-de-Rectores-de-las-Universidades-Espanolas-CRUE-Don-Manuel-Jose-Lopez-Perez-dondudo-36-1536x960.jpg 1536w\" sizes=\"(max-width: 2048px) 100vw, 2048px\" \/><\/a><\/p>\n<p>.<\/p>\n<p><a href=\"https:\/\/www.tunaespana.es\/?attachment_id=37930\" rel=\"attachment wp-att-37930\"><img decoding=\"async\" loading=\"lazy\" class=\"aligncenter size-full wp-image-37930\" src=\"https:\/\/www.tunaespana.es\/wp-content\/uploads\/TunaEspana-Juntamento-Zaragoza-Aula-Albert-EinsteinRector-y-Presidente-de-la-Conferencia-de-Rectores-de-las-Universidades-Espanolas-CRUE-Don-Manuel-Jose-Lopez-Perez-3.jpg\" alt=\"\" width=\"627\" height=\"340\" srcset=\"https:\/\/www.tunaespana.es\/wp-content\/uploads\/TunaEspana-Juntamento-Zaragoza-Aula-Albert-EinsteinRector-y-Presidente-de-la-Conferencia-de-Rectores-de-las-Universidades-Espanolas-CRUE-Don-Manuel-Jose-Lopez-Perez-3.jpg 627w, https:\/\/www.tunaespana.es\/wp-content\/uploads\/TunaEspana-Juntamento-Zaragoza-Aula-Albert-EinsteinRector-y-Presidente-de-la-Conferencia-de-Rectores-de-las-Universidades-Espanolas-CRUE-Don-Manuel-Jose-Lopez-Perez-3-300x163.jpg 300w\" sizes=\"(max-width: 627px) 100vw, 627px\" \/><\/a><\/p>\n<p><span style=\"color: #000000;\"><a href=\"http:\/\/www.tunaespana.es\/?attachment_id=33466\" rel=\"attachment wp-att-33466\">Quien quiera descargarse este Monogr\u00e1fico, Presentado en el Juntamento de Zaragoza por nuestro Hermano de TunaEspa\u00f1a :Jos\u00e9 M. Mag\u00e1n Perales , Magistrado del Juzgado de lo Contencioso y Profesor Titular de Derecho Administrativo de la Universidad de Castilla- La Mancha en 2016 en nuestro juntamento en Zaragoza en el Acto de imposici\u00f3n de la Insignia de Oro de Tuna Espa\u00f1a al Se\u00f1or Rector Magn\u00edfico de la Universidad de Zaragoza,y Presidente de la La Conferencia de Rectores de las Universidades Espa\u00f1olas D. Manuel Jos\u00e9 L\u00f3pez P\u00e9rez, que ha tenido lugar en el Aula Magna del Paraninfo, donde estuvo dando clase \u00abAlbert Einstein\u00bb, puede descargarlo en este enlace, .<\/a><\/span><\/p>\n<p><span style=\"color: #000000;\"><a href=\"http:\/\/www.tunaespana.es\/?attachment_id=33466\" rel=\"attachment wp-att-33466\">.<\/a><\/span><\/p>\n<p><a href=\"https:\/\/www.tunaespana.es\/?attachment_id=37932\" rel=\"attachment wp-att-37932\"><img decoding=\"async\" loading=\"lazy\" class=\"aligncenter size-full wp-image-37932\" src=\"https:\/\/www.tunaespana.es\/wp-content\/uploads\/TunaEspana-Juntamento-Zaragoza-Aula-Albert-EinsteinRector-y-Presidente-de-la-Conferencia-de-Rectores-de-las-Universidades-Espanolas-CRUE-Don-Manuel-Jose-Lopez-Perez-don-dudo.jpg\" alt=\"\" width=\"960\" height=\"720\" srcset=\"https:\/\/www.tunaespana.es\/wp-content\/uploads\/TunaEspana-Juntamento-Zaragoza-Aula-Albert-EinsteinRector-y-Presidente-de-la-Conferencia-de-Rectores-de-las-Universidades-Espanolas-CRUE-Don-Manuel-Jose-Lopez-Perez-don-dudo.jpg 960w, https:\/\/www.tunaespana.es\/wp-content\/uploads\/TunaEspana-Juntamento-Zaragoza-Aula-Albert-EinsteinRector-y-Presidente-de-la-Conferencia-de-Rectores-de-las-Universidades-Espanolas-CRUE-Don-Manuel-Jose-Lopez-Perez-don-dudo-300x225.jpg 300w, https:\/\/www.tunaespana.es\/wp-content\/uploads\/TunaEspana-Juntamento-Zaragoza-Aula-Albert-EinsteinRector-y-Presidente-de-la-Conferencia-de-Rectores-de-las-Universidades-Espanolas-CRUE-Don-Manuel-Jose-Lopez-Perez-don-dudo-768x576.jpg 768w\" sizes=\"(max-width: 960px) 100vw, 960px\" \/><\/a><\/p>\n<p><span style=\"color: #000000;\"><a href=\"http:\/\/www.tunaespana.es\/?attachment_id=33466\" rel=\"attachment wp-att-33466\">.<\/a><\/span><\/p>\n<p><span style=\"color: #000000;\"><a href=\"http:\/\/www.tunaespana.es\/?attachment_id=33466\" rel=\"attachment wp-att-33466\">.<img decoding=\"async\" loading=\"lazy\" class=\"aligncenter size-full wp-image-33466\" src=\"http:\/\/www.tunaespana.es\/wp-content\/uploads\/2018\/01\/TunaEspa\u00f1a-Monografico-Don-Dudo-Carlos-Espinosa-Celdran-Buenos-usos-de-la-Tuneria.jpg\" alt=\"TunaEspa\u00f1a Monografico, Don Dudo, Carlos Espinosa Celdran, Buenos usos de la Tuneria\" width=\"592\" height=\"851\" srcset=\"https:\/\/www.tunaespana.es\/wp-content\/uploads\/2018\/01\/TunaEspa\u00f1a-Monografico-Don-Dudo-Carlos-Espinosa-Celdran-Buenos-usos-de-la-Tuneria.jpg 592w, https:\/\/www.tunaespana.es\/wp-content\/uploads\/2018\/01\/TunaEspa\u00f1a-Monografico-Don-Dudo-Carlos-Espinosa-Celdran-Buenos-usos-de-la-Tuneria-209x300.jpg 209w\" sizes=\"(max-width: 592px) 100vw, 592px\" \/><\/a><\/span><\/p>\n<p><span style=\"color: #000000;\">.<\/span><\/p>\n<p>PDF del IV Monogr\u00e1fico lo puedes ver en este enlace:\u00a0<a href=\"https:\/\/www.tunaespana.es\/?attachment_id=35051\" rel=\"attachment wp-att-35051\">MONOGRAFICO IV COMPLETO<\/a><\/p>\n<p><span style=\"color: #000000;\">.<a href=\"http:\/\/www.tunaespana.es\/?attachment_id=33467\" rel=\"attachment wp-att-33467\"><img decoding=\"async\" loading=\"lazy\" class=\"aligncenter size-full wp-image-33467\" src=\"http:\/\/www.tunaespana.es\/wp-content\/uploads\/2018\/01\/TunaEspa\u00f1a-Monografico-Don-Dudo-Carlos-Espinosa-Celdran-Imagenes-de-ayer.jpg\" alt=\"TunaEspa\u00f1a Monografico, Don Dudo, Carlos Espinosa Celdran, Imagenes de ayer\" width=\"427\" height=\"591\" srcset=\"https:\/\/www.tunaespana.es\/wp-content\/uploads\/2018\/01\/TunaEspa\u00f1a-Monografico-Don-Dudo-Carlos-Espinosa-Celdran-Imagenes-de-ayer.jpg 427w, https:\/\/www.tunaespana.es\/wp-content\/uploads\/2018\/01\/TunaEspa\u00f1a-Monografico-Don-Dudo-Carlos-Espinosa-Celdran-Imagenes-de-ayer-217x300.jpg 217w\" sizes=\"(max-width: 427px) 100vw, 427px\" \/><\/a><\/span><\/p>\n<p><span style=\"color: #000000;\">.<\/span><\/p>\n","protected":false},"excerpt":{"rendered":"<p>. . . 0. . Rafael Basurto Lara, junto a nuestro querido hermano de TunaEspa\u00f1a, Autor de Dicho cuento \u00abQuiero ser Tuno\u00bb, Eduardo Tenorio Gonz\u00e1lez\u00bb DonAttila \u00ab\u00a0,\u00a0Tuna Universitaria del Estado de\u00a0M\u00e9xico, y\u00a0 \u00a0Tuna de la Universidad del Valle de\u00a0M\u00e9xico\u00a0Campus Hispano\u00a0M\u00e9xico.\u00a0 . . . PDF del I Monogr\u00e1fico lo puedes ver en este enlace:\u00a0MONOGRAFICO I 2016 [&hellip;]<\/p>\n","protected":false},"author":2,"featured_media":0,"parent":0,"menu_order":15,"comment_status":"closed","ping_status":"closed","template":"","meta":[],"_links":{"self":[{"href":"https:\/\/www.tunaespana.es\/index.php?rest_route=\/wp\/v2\/pages\/32782"}],"collection":[{"href":"https:\/\/www.tunaespana.es\/index.php?rest_route=\/wp\/v2\/pages"}],"about":[{"href":"https:\/\/www.tunaespana.es\/index.php?rest_route=\/wp\/v2\/types\/page"}],"author":[{"embeddable":true,"href":"https:\/\/www.tunaespana.es\/index.php?rest_route=\/wp\/v2\/users\/2"}],"replies":[{"embeddable":true,"href":"https:\/\/www.tunaespana.es\/index.php?rest_route=%2Fwp%2Fv2%2Fcomments&post=32782"}],"version-history":[{"count":19,"href":"https:\/\/www.tunaespana.es\/index.php?rest_route=\/wp\/v2\/pages\/32782\/revisions"}],"predecessor-version":[{"id":39568,"href":"https:\/\/www.tunaespana.es\/index.php?rest_route=\/wp\/v2\/pages\/32782\/revisions\/39568"}],"wp:attachment":[{"href":"https:\/\/www.tunaespana.es\/index.php?rest_route=%2Fwp%2Fv2%2Fmedia&parent=32782"}],"curies":[{"name":"wp","href":"https:\/\/api.w.org\/{rel}","templated":true}]}}