{"id":33480,"date":"2019-02-26T18:11:09","date_gmt":"2019-02-26T18:11:09","guid":{"rendered":"http:\/\/www.tunaespana.es\/?page_id=33480"},"modified":"2019-02-26T18:17:56","modified_gmt":"2019-02-26T18:17:56","slug":"otros","status":"publish","type":"page","link":"https:\/\/www.tunaespana.es\/?page_id=33480","title":{"rendered":"Otros"},"content":{"rendered":"<blockquote class=\"embedly-card\" data-card-controls=\"1\" data-card-align=\"center\" data-card-theme=\"light\">\n<h4><a href=\"http:\/\/elcorreoweb.es\/sevilla\/sevilla-acoge-el-encuentro-anual-de-tuna-espana-MB5056428?fbclid=IwAR15XxzBBrBxf9F0z5_m4ylC-vPss6dOCIGmci5lf30KXugiKOrfeJ_xExI\">Sevilla acoge el encuentro anual de Tuna Espa\u00f1a<\/a><\/h4>\n<p>La capilla de la Divina Pastora, en la calle Amparo, recibi\u00f3 este s\u00e1bado por la ma\u00f1ana la visita de TunaEspa\u00f1a, una confederaci\u00f3n de tunos veteranos p&#8230;<\/p>\n<\/blockquote>\n<p><script async src=\"\/\/cdn.embedly.com\/widgets\/platform.js\" charset=\"UTF-8\"><\/script><\/p>\n<p>https:\/\/www.facebook.com\/watch\/?v=1990683990964760<\/p>\n<p>&#8211;<\/p>\n","protected":false},"excerpt":{"rendered":"<p>Sevilla acoge el encuentro anual de Tuna Espa\u00f1a La capilla de la Divina Pastora, en la calle Amparo, recibi\u00f3 este s\u00e1bado por la ma\u00f1ana la visita de TunaEspa\u00f1a, una confederaci\u00f3n de tunos veteranos p&#8230; https:\/\/www.facebook.com\/watch\/?v=1990683990964760 &#8211;<\/p>\n","protected":false},"author":2,"featured_media":0,"parent":0,"menu_order":30,"comment_status":"closed","ping_status":"closed","template":"","meta":[],"_links":{"self":[{"href":"https:\/\/www.tunaespana.es\/index.php?rest_route=\/wp\/v2\/pages\/33480"}],"collection":[{"href":"https:\/\/www.tunaespana.es\/index.php?rest_route=\/wp\/v2\/pages"}],"about":[{"href":"https:\/\/www.tunaespana.es\/index.php?rest_route=\/wp\/v2\/types\/page"}],"author":[{"embeddable":true,"href":"https:\/\/www.tunaespana.es\/index.php?rest_route=\/wp\/v2\/users\/2"}],"replies":[{"embeddable":true,"href":"https:\/\/www.tunaespana.es\/index.php?rest_route=%2Fwp%2Fv2%2Fcomments&post=33480"}],"version-history":[{"count":4,"href":"https:\/\/www.tunaespana.es\/index.php?rest_route=\/wp\/v2\/pages\/33480\/revisions"}],"predecessor-version":[{"id":33484,"href":"https:\/\/www.tunaespana.es\/index.php?rest_route=\/wp\/v2\/pages\/33480\/revisions\/33484"}],"wp:attachment":[{"href":"https:\/\/www.tunaespana.es\/index.php?rest_route=%2Fwp%2Fv2%2Fmedia&parent=33480"}],"curies":[{"name":"wp","href":"https:\/\/api.w.org\/{rel}","templated":true}]}}