{"id":33501,"date":"2019-03-11T16:41:53","date_gmt":"2019-03-11T16:41:53","guid":{"rendered":"http:\/\/www.tunaespana.es\/?page_id=33501"},"modified":"2021-08-28T11:59:25","modified_gmt":"2021-08-28T11:59:25","slug":"tunaespana-catedral-de-sevilla-cristobal-colon","status":"publish","type":"page","link":"https:\/\/www.tunaespana.es\/?page_id=33501","title":{"rendered":"TunaEspa\u00f1a &#038; Catedral de Sevilla &#038; Crist\u00f3bal Col\u00f3n"},"content":{"rendered":"<p style=\"text-align: center;\">.<span style=\"color: #800000;\"><span style=\"font-size: medium;\"><span style=\"color: #efe4b0;\"><span style=\"font-family: Verdana, sans-serif;\"><span style=\"font-size: large;\"><span lang=\"\"><b>Homenaje de <\/b><\/span><\/span><\/span><\/span><span style=\"color: #ed1c24;\"><span style=\"font-family: Verdana, sans-serif;\"><span style=\"font-size: large;\"><span lang=\"\"><b>Tun<\/b><\/span><\/span><\/span><\/span><span style=\"color: #fff200;\"><span style=\"font-family: Verdana, sans-serif;\"><span style=\"font-size: large;\"><span lang=\"\"><b>aEsp<\/b><\/span><\/span><\/span><\/span><span style=\"color: #ed1c24;\"><span style=\"font-family: Verdana, sans-serif;\"><span style=\"font-size: large;\"><span lang=\"\"><b>a\u00f1a<\/b><\/span><\/span><\/span><\/span><span style=\"color: #efe4b0;\"><span style=\"font-family: Verdana, sans-serif;\"><span style=\"font-size: large;\"><span lang=\"\"><b> a Crist\u00f3bal Col\u00f3n, en su mausoleo de la Catedral de Sevilla.<\/b><\/span><\/span><\/span><\/span><\/span><\/span><\/p>\n<p><a href=\"http:\/\/www.tunaespana.es\/?attachment_id=33502\" rel=\"attachment wp-att-33502\"><img decoding=\"async\" loading=\"lazy\" class=\"aligncenter size-full wp-image-33502\" src=\"http:\/\/www.tunaespana.es\/wp-content\/uploads\/2019\/03\/TunaEspa\u00f1aSevilla-Catedral-Sevilla-Cristobal-ColonCarlos-Espinosa-Celdran-Don-Dudo.jpg\" alt=\"TunaEspa\u00f1a,Sevilla, Catedral Sevilla, Cristobal Colon,Carlos Espinosa Celdran, Don Dudo,\" width=\"651\" height=\"916\" srcset=\"https:\/\/www.tunaespana.es\/wp-content\/uploads\/2019\/03\/TunaEspa\u00f1aSevilla-Catedral-Sevilla-Cristobal-ColonCarlos-Espinosa-Celdran-Don-Dudo.jpg 651w, https:\/\/www.tunaespana.es\/wp-content\/uploads\/2019\/03\/TunaEspa\u00f1aSevilla-Catedral-Sevilla-Cristobal-ColonCarlos-Espinosa-Celdran-Don-Dudo-213x300.jpg 213w\" sizes=\"(max-width: 651px) 100vw, 651px\" \/><\/a><\/p>\n<p style=\"text-align: center;\">.<span style=\"color: #cc99ff;\">La tumba de Crist\u00f3bal Col\u00f3n en Sevilla. Sostenido por 4 figuras aleg\u00f3ricas que representan a los reinos de Castilla, Arag\u00f3n, Le\u00f3n y Navarra<\/span><\/p>\n<p><a href=\"http:\/\/www.tunaespana.es\/?attachment_id=33503\" rel=\"attachment wp-att-33503\"><img decoding=\"async\" loading=\"lazy\" class=\"aligncenter size-full wp-image-33503\" src=\"http:\/\/www.tunaespana.es\/wp-content\/uploads\/2019\/03\/TunaEspa\u00f1aHomenaje-de-TunaEspa\u00f1a-a-CRIST\u00d3BAL-COL\u00d3N-CATEDRAL-de-SEVILLA..jpg\" alt=\"TunaEspa\u00f1a,Homenaje de TunaEspa\u00f1a a CRIST\u00d3BAL COL\u00d3N, CATEDRAL de SEVILLA.\" width=\"600\" height=\"960\" srcset=\"https:\/\/www.tunaespana.es\/wp-content\/uploads\/2019\/03\/TunaEspa\u00f1aHomenaje-de-TunaEspa\u00f1a-a-CRIST\u00d3BAL-COL\u00d3N-CATEDRAL-de-SEVILLA..jpg 600w, https:\/\/www.tunaespana.es\/wp-content\/uploads\/2019\/03\/TunaEspa\u00f1aHomenaje-de-TunaEspa\u00f1a-a-CRIST\u00d3BAL-COL\u00d3N-CATEDRAL-de-SEVILLA.-188x300.jpg 188w\" sizes=\"(max-width: 600px) 100vw, 600px\" \/><\/a><\/p>\n<p style=\"text-align: center;\">.<span data-offset-key=\"c9pe3-2-0\"><span data-text=\"true\"><span style=\"color: #cc99ff;\">Crist\u00f3bal Col\u00f3n fue inicialmente enterrado en el convento de San Francisco de la ciudad espa\u00f1ola de Valladolid, porque en esos momentos era la Capital de Espa\u00f1a, (donde estaban Los Reyes Cat\u00f3licos). Tres a\u00f1os m\u00e1s tarde, sus restos fueron trasladados al monasterio de La Cartuja, en Sevilla, porque era el Nueva York de la \u00e9poca, La Capital del mundo. Posterior fue enterrado en Santo Domingo en homenaje a descubrir el nuevo mundo, pero al perderse HispanoAmerica, se trasladaron sus restos a suelo Espa\u00f1ol (Catedral de La Habana). Cuando en 1898 se perdi\u00f3 Cuba junto con Puerto Rico y Filipinas, fue llevado a suelo Espa\u00f1ol, concretamente a la Catedral de Sevilla. Estudios de DNA, autentifican su identidad.\u00a0<\/span><\/span><\/span><\/p>\n<p><a href=\"http:\/\/www.tunaespana.es\/?attachment_id=33504\" rel=\"attachment wp-att-33504\"><img decoding=\"async\" loading=\"lazy\" class=\"aligncenter size-full wp-image-33504\" src=\"http:\/\/www.tunaespana.es\/wp-content\/uploads\/2019\/03\/TunaEspa\u00f1aHomenaje-de-TunaEspa\u00f1a-a-CRIST\u00d3BAL-COL\u00d3N-CATEDRAL-de-SEVILLA.-2.jpg\" alt=\"TunaEspa\u00f1a,Homenaje de TunaEspa\u00f1a a CRIST\u00d3BAL COL\u00d3N, CATEDRAL de SEVILLA. 2\" width=\"684\" height=\"456\" srcset=\"https:\/\/www.tunaespana.es\/wp-content\/uploads\/2019\/03\/TunaEspa\u00f1aHomenaje-de-TunaEspa\u00f1a-a-CRIST\u00d3BAL-COL\u00d3N-CATEDRAL-de-SEVILLA.-2.jpg 684w, https:\/\/www.tunaespana.es\/wp-content\/uploads\/2019\/03\/TunaEspa\u00f1aHomenaje-de-TunaEspa\u00f1a-a-CRIST\u00d3BAL-COL\u00d3N-CATEDRAL-de-SEVILLA.-2-300x200.jpg 300w\" sizes=\"(max-width: 684px) 100vw, 684px\" \/><\/a><\/p>\n<p>.<\/p>\n<p><a href=\"http:\/\/www.tunaespana.es\/?attachment_id=33505\" rel=\"attachment wp-att-33505\"><img decoding=\"async\" loading=\"lazy\" class=\"aligncenter size-full wp-image-33505\" src=\"http:\/\/www.tunaespana.es\/wp-content\/uploads\/2019\/03\/TunaEspa\u00f1aHomenaje-de-TunaEspa\u00f1a-a-CRIST\u00d3BAL-COL\u00d3N-CATEDRAL-de-SEVILLA.-3.jpg\" alt=\"TunaEspa\u00f1a,Homenaje de TunaEspa\u00f1a a CRIST\u00d3BAL COL\u00d3N, CATEDRAL de SEVILLA. 3\" width=\"672\" height=\"479\" srcset=\"https:\/\/www.tunaespana.es\/wp-content\/uploads\/2019\/03\/TunaEspa\u00f1aHomenaje-de-TunaEspa\u00f1a-a-CRIST\u00d3BAL-COL\u00d3N-CATEDRAL-de-SEVILLA.-3.jpg 672w, https:\/\/www.tunaespana.es\/wp-content\/uploads\/2019\/03\/TunaEspa\u00f1aHomenaje-de-TunaEspa\u00f1a-a-CRIST\u00d3BAL-COL\u00d3N-CATEDRAL-de-SEVILLA.-3-300x214.jpg 300w\" sizes=\"(max-width: 672px) 100vw, 672px\" \/><\/a><\/p>\n<p>.<\/p>\n<p><a href=\"http:\/\/www.tunaespana.es\/?attachment_id=33506\" rel=\"attachment wp-att-33506\"><img decoding=\"async\" loading=\"lazy\" class=\"aligncenter size-full wp-image-33506\" src=\"http:\/\/www.tunaespana.es\/wp-content\/uploads\/2019\/03\/TunaEspa\u00f1aHomenaje-de-TunaEspa\u00f1a-a-CRIST\u00d3BAL-COL\u00d3N-CATEDRAL-de-SEVILLA.-5.jpg\" alt=\"TunaEspa\u00f1a,Homenaje de TunaEspa\u00f1a a CRIST\u00d3BAL COL\u00d3N, CATEDRAL de SEVILLA. 5\" width=\"720\" height=\"479\" srcset=\"https:\/\/www.tunaespana.es\/wp-content\/uploads\/2019\/03\/TunaEspa\u00f1aHomenaje-de-TunaEspa\u00f1a-a-CRIST\u00d3BAL-COL\u00d3N-CATEDRAL-de-SEVILLA.-5.jpg 720w, https:\/\/www.tunaespana.es\/wp-content\/uploads\/2019\/03\/TunaEspa\u00f1aHomenaje-de-TunaEspa\u00f1a-a-CRIST\u00d3BAL-COL\u00d3N-CATEDRAL-de-SEVILLA.-5-300x200.jpg 300w\" sizes=\"(max-width: 720px) 100vw, 720px\" \/><\/a><\/p>\n<p>.<\/p>\n<p><a href=\"http:\/\/www.tunaespana.es\/?attachment_id=33507\" rel=\"attachment wp-att-33507\"><img decoding=\"async\" loading=\"lazy\" class=\"aligncenter size-full wp-image-33507\" src=\"http:\/\/www.tunaespana.es\/wp-content\/uploads\/2019\/03\/TunaEspa\u00f1aHomenaje-de-TunaEspa\u00f1a-a-CRIST\u00d3BAL-COL\u00d3N-CATEDRAL-de-SEVILLA.-4.jpg\" alt=\"TunaEspa\u00f1a,Homenaje de TunaEspa\u00f1a a CRIST\u00d3BAL COL\u00d3N, CATEDRAL de SEVILLA. 4\" width=\"639\" height=\"960\" srcset=\"https:\/\/www.tunaespana.es\/wp-content\/uploads\/2019\/03\/TunaEspa\u00f1aHomenaje-de-TunaEspa\u00f1a-a-CRIST\u00d3BAL-COL\u00d3N-CATEDRAL-de-SEVILLA.-4.jpg 639w, https:\/\/www.tunaespana.es\/wp-content\/uploads\/2019\/03\/TunaEspa\u00f1aHomenaje-de-TunaEspa\u00f1a-a-CRIST\u00d3BAL-COL\u00d3N-CATEDRAL-de-SEVILLA.-4-200x300.jpg 200w\" sizes=\"(max-width: 639px) 100vw, 639px\" \/><\/a><\/p>\n<p>.<\/p>\n<blockquote class=\"embedly-card\" data-card-controls=\"1\" data-card-align=\"center\" data-card-theme=\"light\">\n<h4><a href=\"https:\/\/www.youtube.com\/watch?v=7sv0Dm2c04k\">TunaEspa\u00f1a: Sevilla Inmaculada 2016<\/a><\/h4>\n<p>No Description<\/p>\n<\/blockquote>\n<p><script async src=\"\/\/cdn.embedly.com\/widgets\/platform.js\" charset=\"UTF-8\"><\/script><\/p>\n<p>.<\/p>\n<p><a href=\"https:\/\/www.tunaespana.es\/?attachment_id=34895\" rel=\"attachment wp-att-34895\"><img decoding=\"async\" loading=\"lazy\" class=\"aligncenter size-full wp-image-34895\" src=\"https:\/\/www.tunaespana.es\/wp-content\/uploads\/2019\/03\/Dean-Catedral-Sevilla-TunaEspa\u00f1a-Don-Dudo.jpg\" alt=\"Dean Catedral Sevilla, TunaEspa\u00f1a, Don Dudo\" width=\"295\" height=\"340\" srcset=\"https:\/\/www.tunaespana.es\/wp-content\/uploads\/2019\/03\/Dean-Catedral-Sevilla-TunaEspa\u00f1a-Don-Dudo.jpg 295w, https:\/\/www.tunaespana.es\/wp-content\/uploads\/2019\/03\/Dean-Catedral-Sevilla-TunaEspa\u00f1a-Don-Dudo-260x300.jpg 260w\" sizes=\"(max-width: 295px) 100vw, 295px\" \/><\/a><\/p>\n<p style=\"text-align: center;\">.<span style=\"color: #cc99ff;\">Don Manuel Campillo Rold\u00e1n, can\u00f3nigo Catedral de Sevilla<\/span><\/p>\n<p style=\"text-align: center;\">.<\/p>\n<p style=\"text-align: center;\"><a href=\"https:\/\/www.tunaespana.es\/?attachment_id=34954\" rel=\"attachment wp-att-34954\"><img decoding=\"async\" loading=\"lazy\" class=\"aligncenter size-full wp-image-34954\" src=\"https:\/\/www.tunaespana.es\/wp-content\/uploads\/2019\/03\/Catedral-Sevilla-TunaEspa\u00f1a.jpg\" alt=\"Catedral Sevilla TunaEspa\u00f1a\" width=\"692\" height=\"922\" srcset=\"https:\/\/www.tunaespana.es\/wp-content\/uploads\/2019\/03\/Catedral-Sevilla-TunaEspa\u00f1a.jpg 692w, https:\/\/www.tunaespana.es\/wp-content\/uploads\/2019\/03\/Catedral-Sevilla-TunaEspa\u00f1a-225x300.jpg 225w\" sizes=\"(max-width: 692px) 100vw, 692px\" \/><\/a><\/p>\n<p style=\"text-align: center;\">.<\/p>\n<p>&nbsp;<\/p>\n<p>&nbsp;<\/p>\n","protected":false},"excerpt":{"rendered":"<p>.Homenaje de TunaEspa\u00f1a a Crist\u00f3bal Col\u00f3n, en su mausoleo de la Catedral de Sevilla. .La tumba de Crist\u00f3bal Col\u00f3n en Sevilla. Sostenido por 4 figuras aleg\u00f3ricas que representan a los reinos de Castilla, Arag\u00f3n, Le\u00f3n y Navarra .Crist\u00f3bal Col\u00f3n fue inicialmente enterrado en el convento de San Francisco de la ciudad espa\u00f1ola de Valladolid, porque [&hellip;]<\/p>\n","protected":false},"author":2,"featured_media":0,"parent":0,"menu_order":6,"comment_status":"closed","ping_status":"closed","template":"","meta":[],"_links":{"self":[{"href":"https:\/\/www.tunaespana.es\/index.php?rest_route=\/wp\/v2\/pages\/33501"}],"collection":[{"href":"https:\/\/www.tunaespana.es\/index.php?rest_route=\/wp\/v2\/pages"}],"about":[{"href":"https:\/\/www.tunaespana.es\/index.php?rest_route=\/wp\/v2\/types\/page"}],"author":[{"embeddable":true,"href":"https:\/\/www.tunaespana.es\/index.php?rest_route=\/wp\/v2\/users\/2"}],"replies":[{"embeddable":true,"href":"https:\/\/www.tunaespana.es\/index.php?rest_route=%2Fwp%2Fv2%2Fcomments&post=33501"}],"version-history":[{"count":8,"href":"https:\/\/www.tunaespana.es\/index.php?rest_route=\/wp\/v2\/pages\/33501\/revisions"}],"predecessor-version":[{"id":35121,"href":"https:\/\/www.tunaespana.es\/index.php?rest_route=\/wp\/v2\/pages\/33501\/revisions\/35121"}],"wp:attachment":[{"href":"https:\/\/www.tunaespana.es\/index.php?rest_route=%2Fwp%2Fv2%2Fmedia&parent=33501"}],"curies":[{"name":"wp","href":"https:\/\/api.w.org\/{rel}","templated":true}]}}