{"id":35186,"date":"2021-09-25T16:58:59","date_gmt":"2021-09-25T16:58:59","guid":{"rendered":"https:\/\/www.tunaespana.es\/?page_id=35186"},"modified":"2023-06-19T18:53:34","modified_gmt":"2023-06-19T16:53:34","slug":"tunaespana-honra-a-la-patrona-de-costa-rica","status":"publish","type":"page","link":"https:\/\/www.tunaespana.es\/?page_id=35186","title":{"rendered":"TunaEspa\u00f1a honra a la Patrona de Costa Rica"},"content":{"rendered":"<blockquote class=\"embedly-card\" data-card-controls=\"1\" data-card-align=\"center\" data-card-theme=\"light\">\n<h4><a href=\"https:\/\/www.youtube.com\/watch?v=gyUvB74cmnE\">TunaEspa\u00f1a honra a la Patrona de Costa Rica, Nuestra Se\u00f1ora de los \u00c1ngeles.<\/a><\/h4>\n<p>TunaEspa\u00f1a es una Asociaci\u00f3n Mundial de Antiguos Tunos Universitarios nacidos en las 8 \u00faltimas d\u00e9cadas, ayer estudiantes, hoy doctores y licenciados. Sus integrantes proceden de muy diversas facultades de m\u00faltiples Universidades espa\u00f1olas e iberoamericanas, dando cabida a tunos que deseen mantener viva la tradici\u00f3n secular de la tuna.<\/p>\n<\/blockquote>\n<p><script async src=\"\/\/cdn.embedly.com\/widgets\/platform.js\" charset=\"UTF-8\"><\/script><\/p>\n<p>.<\/p>\n<p style=\"text-align: center;\"><span style=\"color: #cc99ff;\"><span style=\"color: #ff0000;\"><strong>Tun<span style=\"color: #ffff00;\">aEsp<\/span>a\u00f1a<\/strong> <\/span>honra a la Patrona de Costa Rica, en su Bas\u00edlica de la ciudad de Cartago, Nuestra Se\u00f1ora de los \u00c1ngeles, acompa\u00f1ado de Monse\u00f1or don Francisco Ulloa Obispo de Cartago, se\u00f1or alcalde Rolando Rodr\u00edguez Brenes y por la Embajadora de Espa\u00f1a en Costa Rica D\u00f1a Cristina P\u00e9rez Guti\u00e9rrez. <\/span><\/p>\n<p>.<\/p>\n<p><a href=\"https:\/\/www.tunaespana.es\/?attachment_id=36972\" rel=\"attachment wp-att-36972\"><img decoding=\"async\" loading=\"lazy\" class=\"aligncenter size-full wp-image-36972\" src=\"https:\/\/www.tunaespana.es\/wp-content\/uploads\/TunaEspana-Costa-Rica-DonDudo-Patrona.jpg\" alt=\"\" width=\"721\" height=\"465\" srcset=\"https:\/\/www.tunaespana.es\/wp-content\/uploads\/TunaEspana-Costa-Rica-DonDudo-Patrona.jpg 721w, https:\/\/www.tunaespana.es\/wp-content\/uploads\/TunaEspana-Costa-Rica-DonDudo-Patrona-300x193.jpg 300w\" sizes=\"(max-width: 721px) 100vw, 721px\" \/><\/a><\/p>\n<p>.<\/p>\n<p><a href=\"https:\/\/www.tunaespana.es\/?attachment_id=37855\" rel=\"attachment wp-att-37855\"><img decoding=\"async\" loading=\"lazy\" class=\"aligncenter size-full wp-image-37855\" src=\"https:\/\/www.tunaespana.es\/wp-content\/uploads\/TunaEspana-Costa-Rica-DonDudo-Carlos-Espinosa.jpg\" alt=\"\" width=\"701\" height=\"985\" srcset=\"https:\/\/www.tunaespana.es\/wp-content\/uploads\/TunaEspana-Costa-Rica-DonDudo-Carlos-Espinosa.jpg 701w, https:\/\/www.tunaespana.es\/wp-content\/uploads\/TunaEspana-Costa-Rica-DonDudo-Carlos-Espinosa-214x300.jpg 214w\" sizes=\"(max-width: 701px) 100vw, 701px\" \/><\/a><\/p>\n<p>.<\/p>\n","protected":false},"excerpt":{"rendered":"<p>TunaEspa\u00f1a honra a la Patrona de Costa Rica, Nuestra Se\u00f1ora de los \u00c1ngeles. TunaEspa\u00f1a es una Asociaci\u00f3n Mundial de Antiguos Tunos Universitarios nacidos en las 8 \u00faltimas d\u00e9cadas, ayer estudiantes, hoy doctores y licenciados. Sus integrantes proceden de muy diversas facultades de m\u00faltiples Universidades espa\u00f1olas e iberoamericanas, dando cabida a tunos que deseen mantener viva [&hellip;]<\/p>\n","protected":false},"author":2,"featured_media":0,"parent":0,"menu_order":11,"comment_status":"closed","ping_status":"closed","template":"","meta":[],"_links":{"self":[{"href":"https:\/\/www.tunaespana.es\/index.php?rest_route=\/wp\/v2\/pages\/35186"}],"collection":[{"href":"https:\/\/www.tunaespana.es\/index.php?rest_route=\/wp\/v2\/pages"}],"about":[{"href":"https:\/\/www.tunaespana.es\/index.php?rest_route=\/wp\/v2\/types\/page"}],"author":[{"embeddable":true,"href":"https:\/\/www.tunaespana.es\/index.php?rest_route=\/wp\/v2\/users\/2"}],"replies":[{"embeddable":true,"href":"https:\/\/www.tunaespana.es\/index.php?rest_route=%2Fwp%2Fv2%2Fcomments&post=35186"}],"version-history":[{"count":4,"href":"https:\/\/www.tunaespana.es\/index.php?rest_route=\/wp\/v2\/pages\/35186\/revisions"}],"predecessor-version":[{"id":37856,"href":"https:\/\/www.tunaespana.es\/index.php?rest_route=\/wp\/v2\/pages\/35186\/revisions\/37856"}],"wp:attachment":[{"href":"https:\/\/www.tunaespana.es\/index.php?rest_route=%2Fwp%2Fv2%2Fmedia&parent=35186"}],"curies":[{"name":"wp","href":"https:\/\/api.w.org\/{rel}","templated":true}]}}