{"id":35224,"date":"2021-10-09T16:13:20","date_gmt":"2021-10-09T16:13:20","guid":{"rendered":"https:\/\/www.tunaespana.es\/?page_id=35224"},"modified":"2023-01-11T11:54:47","modified_gmt":"2023-01-11T11:54:47","slug":"tunaespana-juntamento-en-san-lorenzo-de-el-escorial","status":"publish","type":"page","link":"https:\/\/www.tunaespana.es\/?page_id=35224","title":{"rendered":"TunaEspa\u00f1a Juntamento en  San Lorenzo de El Escorial"},"content":{"rendered":"<p>.<\/p>\n<p><a href=\"https:\/\/www.tunaespana.es\/?attachment_id=35718\" rel=\"attachment wp-att-35718\"><img decoding=\"async\" loading=\"lazy\" class=\"aligncenter size-full wp-image-35718\" src=\"https:\/\/www.tunaespana.es\/wp-content\/uploads\/2021\/10\/TunaEspa\u00f1a-El-Escorial-DonDudo-Carlos-Espinosa-Celdran.jpg\" alt=\"TunaEspa\u00f1a, El Escorial, DonDudo, Carlos Espinosa Celdran\" width=\"620\" height=\"800\" srcset=\"https:\/\/www.tunaespana.es\/wp-content\/uploads\/2021\/10\/TunaEspa\u00f1a-El-Escorial-DonDudo-Carlos-Espinosa-Celdran.jpg 620w, https:\/\/www.tunaespana.es\/wp-content\/uploads\/2021\/10\/TunaEspa\u00f1a-El-Escorial-DonDudo-Carlos-Espinosa-Celdran-233x300.jpg 233w\" sizes=\"(max-width: 620px) 100vw, 620px\" \/><\/a><\/p>\n<p>&nbsp;<\/p>\n<p>.<\/p>\n<p><a href=\"https:\/\/www.tunaespana.es\/?attachment_id=35719\" rel=\"attachment wp-att-35719\"><img decoding=\"async\" loading=\"lazy\" class=\"aligncenter size-full wp-image-35719\" src=\"https:\/\/www.tunaespana.es\/wp-content\/uploads\/2021\/10\/TunaEspa\u00f1a-El-Escorial.jpg\" alt=\"TunaEspa\u00f1a, El Escorial,\" width=\"508\" height=\"727\" srcset=\"https:\/\/www.tunaespana.es\/wp-content\/uploads\/2021\/10\/TunaEspa\u00f1a-El-Escorial.jpg 508w, https:\/\/www.tunaespana.es\/wp-content\/uploads\/2021\/10\/TunaEspa\u00f1a-El-Escorial-210x300.jpg 210w\" sizes=\"(max-width: 508px) 100vw, 508px\" \/><\/a><\/p>\n<p style=\"text-align: center;\">.<span style=\"color: #999999;\">Pintura de la escultura de Leone Leoni de Felipe II y su familia en el altar principal de El Escorial, Juan Pantoja de la Cruz,1599.<\/span><\/p>\n<p>.<\/p>\n<p><img decoding=\"async\" src=\"http:\/\/www.tunaespana.es\/wp-content\/uploads\/2016\/03\/tunaespa%C3%B1a-carlos-espinosa-celdran-don-dudo-el-escorial.jpg\" alt=\"tunaespa\u00f1a-carlos-espinosa-celdran-don-dudo-el-escorial\" \/><\/p>\n<p>.<\/p>\n<p><img decoding=\"async\" src=\"http:\/\/www.tunaespana.es\/wp-content\/uploads\/2016\/03\/tunaespa%C3%B1a-carlos-espinosa-celdran-don-dudo-el-escorial-juntamento.jpg\" alt=\"tunaespa\u00f1a-carlos-espinosa-celdran-don-dudo-el-escorial-juntamento\" \/><\/p>\n<p>.<\/p>\n<blockquote class=\"embedly-card\" data-card-controls=\"1\" data-card-align=\"center\" data-card-theme=\"light\">\n<h4><a href=\"https:\/\/www.youtube.com\/watch?v=51ZHnmWxcAc\">TunaEspa\u00f1a Honra a Nuestra Se\u00f1ora de Gracia, Patrona de San Lorenzo de El Escorial\u00bb<\/a><\/h4>\n<p>Ofrenda Floral de TunaEspa\u00f1a a Nuestra Se\u00f1ora de Gracia, Patrona de San Lorenzo de El Escorial\u00bb Un Muy Fuerte DonDudoAbrazo.<\/p>\n<\/blockquote>\n<p><script async src=\"\/\/cdn.embedly.com\/widgets\/platform.js\" charset=\"UTF-8\"><\/script><\/p>\n<p>.<\/p>\n<p><a href=\"https:\/\/www.tunaespana.es\/?attachment_id=36974\" rel=\"attachment wp-att-36974\"><img decoding=\"async\" loading=\"lazy\" class=\"aligncenter size-full wp-image-36974\" src=\"https:\/\/www.tunaespana.es\/wp-content\/uploads\/TunaEspana-Patrona-del-Escorial.jpg\" alt=\"\" width=\"683\" height=\"384\" srcset=\"https:\/\/www.tunaespana.es\/wp-content\/uploads\/TunaEspana-Patrona-del-Escorial.jpg 683w, https:\/\/www.tunaespana.es\/wp-content\/uploads\/TunaEspana-Patrona-del-Escorial-300x169.jpg 300w\" sizes=\"(max-width: 683px) 100vw, 683px\" \/><\/a><\/p>\n<p>.<\/p>\n<h3 class=\"title style-scope ytd-video-primary-info-renderer\" style=\"text-align: center;\"><span style=\"color: #cc99ff;\">TunaEspa\u00f1a Honra a Nuestra Se\u00f1ora de Gracia, Patrona de San Lorenzo de El Escorial\u00bb<\/span><\/h3>\n<p><img decoding=\"async\" src=\"http:\/\/www.tunaespana.es\/wp-content\/uploads\/2012\/06\/Carlos-Espinosa-Celdran-Don-Dudo-Juntamento-El-Escorial-TunaEspa%C3%B1a.jpg\" alt=\"Tuna Espa\u00f1a \u2013 Universitaria \u00bb Blog Archive \u00bb Carlos Espinosa Celdran, Don Dudo, Juntamento El Escorial, TunaEspa\u00f1a\" \/><\/p>\n<p>.<\/p>\n<blockquote class=\"embedly-card\" data-card-controls=\"1\" data-card-align=\"center\" data-card-theme=\"light\">\n<h4><a href=\"https:\/\/www.youtube.com\/watch?v=vTqGl7cQjJE\">TunaEspa\u00f1a en el Real Monasterio de San Lorenzo de El Escorial \u00abSoy Espa\u00f1ol\u00bb<\/a><\/h4>\n<p>Homenaje a los Reyes de Espa\u00f1a Yacentes en el Pante\u00f3n Real del Monasterio de San Lorenzo de El Escorial, con una ofrenda Floral, en el Altar Mayor de su Real Bas\u00edlica. Un Muy Fuerte DonDudoAbrazo.<\/p>\n<\/blockquote>\n<p><script async src=\"\/\/cdn.embedly.com\/widgets\/platform.js\" charset=\"UTF-8\"><\/script><\/p>\n<p>.<\/p>\n<p><img decoding=\"async\" src=\"https:\/\/www.tunaespana.es\/wp-content\/uploads\/2016\/03\/Carlos-Espinosa-Celdran-Don-Dudo-Rector-El-Escorial-TunaEspa%C3%B1a-Marcelino-Arranz-Rodrigo.jpg\" \/><\/p>\n<p>.<\/p>\n","protected":false},"excerpt":{"rendered":"<p>. &nbsp; . .Pintura de la escultura de Leone Leoni de Felipe II y su familia en el altar principal de El Escorial, Juan Pantoja de la Cruz,1599. . . . TunaEspa\u00f1a Honra a Nuestra Se\u00f1ora de Gracia, Patrona de San Lorenzo de El Escorial\u00bb Ofrenda Floral de TunaEspa\u00f1a a Nuestra Se\u00f1ora de Gracia, Patrona [&hellip;]<\/p>\n","protected":false},"author":2,"featured_media":0,"parent":0,"menu_order":11,"comment_status":"closed","ping_status":"closed","template":"","meta":[],"_links":{"self":[{"href":"https:\/\/www.tunaespana.es\/index.php?rest_route=\/wp\/v2\/pages\/35224"}],"collection":[{"href":"https:\/\/www.tunaespana.es\/index.php?rest_route=\/wp\/v2\/pages"}],"about":[{"href":"https:\/\/www.tunaespana.es\/index.php?rest_route=\/wp\/v2\/types\/page"}],"author":[{"embeddable":true,"href":"https:\/\/www.tunaespana.es\/index.php?rest_route=\/wp\/v2\/users\/2"}],"replies":[{"embeddable":true,"href":"https:\/\/www.tunaespana.es\/index.php?rest_route=%2Fwp%2Fv2%2Fcomments&post=35224"}],"version-history":[{"count":4,"href":"https:\/\/www.tunaespana.es\/index.php?rest_route=\/wp\/v2\/pages\/35224\/revisions"}],"predecessor-version":[{"id":36975,"href":"https:\/\/www.tunaespana.es\/index.php?rest_route=\/wp\/v2\/pages\/35224\/revisions\/36975"}],"wp:attachment":[{"href":"https:\/\/www.tunaespana.es\/index.php?rest_route=%2Fwp%2Fv2%2Fmedia&parent=35224"}],"curies":[{"name":"wp","href":"https:\/\/api.w.org\/{rel}","templated":true}]}}