{"id":35226,"date":"2021-10-09T16:19:42","date_gmt":"2021-10-09T16:19:42","guid":{"rendered":"https:\/\/www.tunaespana.es\/?page_id=35226"},"modified":"2021-11-23T12:52:11","modified_gmt":"2021-11-23T12:52:11","slug":"tunaespana-juntamento-en-oviedo","status":"publish","type":"page","link":"https:\/\/www.tunaespana.es\/?page_id=35226","title":{"rendered":"TunaEspa\u00f1a Juntamento en Oviedo"},"content":{"rendered":"<p>.<\/p>\n<p><img decoding=\"async\" src=\"http:\/\/www.tunaespana.es\/wp-content\/uploads\/2016\/03\/juntamento-tunaespa%C3%B1a-oviedo-don-dudo-carlos-espinosa-celdran-2.jpg\" alt=\"Tuna Espa\u00f1a \u2013 Universitaria \u00bb TunaEspa\u00f1a: \u00daltimos Eventos\" \/><\/p>\n<p>.<\/p>\n<p><img decoding=\"async\" src=\"http:\/\/www.tunaespana.es\/wp-content\/uploads\/2016\/03\/TunaEspa-Rector-Universidad-Oviedo-Carlos-ESpinosa-Celdran-Don-Dudo-Santiago-Garcia-Granda.jpg\" alt=\"Tuna Espa\u00f1a \u2013 Universitaria \u00bb Blog Archive \u00bb TunaEspa, Rector Universidad Oviedo, Carlos ESpinosa Celdran, Don Dudo, Santiago Garcia Granda\" \/><\/p>\n<p>.<\/p>\n<p><img decoding=\"async\" src=\"http:\/\/www.tunaespana.es\/wp-content\/uploads\/2016\/03\/TunaEspa%C3%B1a-Rector-Universidad-de-Oviedo-Carlos-Espinosa-Celdran-Don-Dudo.jpg\" alt=\"Tuna Espa\u00f1a \u2013 Universitaria \u00bb Blog Archive \u00bb TunaEspa\u00f1a, Rector Universidad de Oviedo, Carlos Espinosa Celdran, Don Dudo\" \/><\/p>\n<p>.<\/p>\n<blockquote class=\"embedly-card\" data-card-controls=\"1\" data-card-align=\"center\" data-card-theme=\"light\">\n<h4><a href=\"https:\/\/www.elcomercio.es\/oviedo\/concierto-tuna-colegio-20190929011917-ntvo.html\">Concierto de la Tuna en el Colegio de M\u00e9dicos<\/a><\/h4>\n<p>Tuna Espa\u00f1a ofreci\u00f3 ayer por la tarde un concierto solidario en beneficio de la asociaci\u00f3n S\u00edndrome de Down de Asturias en la sede del Colegio Oficial de M\u00e9dicos. Las en<\/p>\n<\/blockquote>\n<p><script async src=\"\/\/cdn.embedly.com\/widgets\/platform.js\" charset=\"UTF-8\"><\/script><\/p>\n<p><img decoding=\"async\" src=\"https:\/\/pbs.twimg.com\/media\/EEp2Ac9X4AA-owh.jpg\" alt=\"tunaespa\u00f1a hashtag on Twitter\" \/><\/p>\n<p>.<\/p>\n<blockquote class=\"embedly-card\" data-card-controls=\"1\" data-card-align=\"center\" data-card-theme=\"light\">\n<h4><a href=\"https:\/\/www.youtube.com\/watch?v=4HaSZcIoD7I\">TunaEspa\u00f1a Honra a la Virgen de Covadonga en la Catedral de Oviedo<\/a><\/h4>\n<p>La Santa Iglesia Catedral Bas\u00edlica Metropolitana de San Salvador de Oviedo.Bienvenidos a la pagina oficial de la Catedral de Oviedo. Una catedral de estilo &#8230;<\/p>\n<\/blockquote>\n<p><script async src=\"\/\/cdn.embedly.com\/widgets\/platform.js\" charset=\"UTF-8\"><\/script><\/p>\n<p>.<\/p>\n<p><a href=\"https:\/\/www.tunaespana.es\/?attachment_id=35391\" rel=\"attachment wp-att-35391\"><img decoding=\"async\" loading=\"lazy\" class=\"aligncenter size-full wp-image-35391\" src=\"https:\/\/www.tunaespana.es\/wp-content\/uploads\/2021\/10\/TunaEspa\u00f1a-Catedral-Oviedo-DonDudo-Carlos-Espinosa-Celdran.jpg\" alt=\"TunaEspa\u00f1a Catedral Oviedo, DonDudo, Carlos Espinosa Celdran\" width=\"594\" height=\"823\" srcset=\"https:\/\/www.tunaespana.es\/wp-content\/uploads\/2021\/10\/TunaEspa\u00f1a-Catedral-Oviedo-DonDudo-Carlos-Espinosa-Celdran.jpg 594w, https:\/\/www.tunaespana.es\/wp-content\/uploads\/2021\/10\/TunaEspa\u00f1a-Catedral-Oviedo-DonDudo-Carlos-Espinosa-Celdran-217x300.jpg 217w\" sizes=\"(max-width: 594px) 100vw, 594px\" \/><\/a><\/p>\n<p>.<\/p>\n<p><img decoding=\"async\" src=\"http:\/\/www.tunaespana.es\/wp-content\/uploads\/2016\/03\/juntamento-tunaespa%C3%B1a-oviedo-actuacion-benefica-sindrome-de-Down-don-dudo-carlos-espinosa-celdran.jpg\" alt=\"Tuna Espa\u00f1a \u2013 Universitaria \u00bb Blog Archive \u00bb juntamento-tunaespa\u00f1a-oviedo -actuacion-benefica-sindrome-de-Down-don-dudo-carlos-espinosa-celdran\" \/><\/p>\n<blockquote class=\"embedly-card\" data-card-controls=\"1\" data-card-align=\"center\" data-card-theme=\"light\">\n<h4><a href=\"https:\/\/www.youtube.com\/watch?v=gFYWxmEHKo4\">TunaEspa\u00f1a Catedral de Oviedo<\/a><\/h4>\n<p>La Santa Iglesia Catedral Bas\u00edlica Metropolitana de San Salvador de Oviedo.Bienvenidos a la pagina oficial de la Catedral de Oviedo. Una catedral de estilo &#8230;<\/p>\n<\/blockquote>\n<p><script async src=\"\/\/cdn.embedly.com\/widgets\/platform.js\" charset=\"UTF-8\"><\/script><\/p>\n<p>.<\/p>\n<p><img decoding=\"async\" src=\"http:\/\/www.tunaespana.es\/wp-content\/uploads\/2016\/03\/juntamento-tunaespa%C3%B1a-oviedo-homenaje-virgen-de-Covadonga-don-dudo-carlos-espinosa-celdran-1.jpg\" alt=\"Tuna Espa\u00f1a \u2013 Universitaria \u00bb Blog Archive \u00bb juntamento-tunaespa\u00f1a-oviedo -homenaje-virgen-de-Covadonga-don-dudo-carlos-espinosa-celdran-1\" \/><\/p>\n<blockquote class=\"embedly-card\" data-card-controls=\"1\" data-card-align=\"center\" data-card-theme=\"light\">\n<h4><a href=\"https:\/\/www.youtube.com\/watch?v=W4N-lBN2spE\">TunaEspa\u00f1a: Catedral de Oviedo \u00abSan Salvador\u00bb<\/a><\/h4>\n<p>La Santa Iglesia Catedral Bas\u00edlica Metropolitana de San Salvador de Oviedo.La Catedral de Oviedo tiene sus or\u00edgenes en la bas\u00edlica mandada construir por el r&#8230;<\/p>\n<\/blockquote>\n<p><script async src=\"\/\/cdn.embedly.com\/widgets\/platform.js\" charset=\"UTF-8\"><\/script><\/p>\n<p>.<\/p>\n<p><img decoding=\"async\" src=\"http:\/\/www.tunaespana.es\/wp-content\/uploads\/2012\/06\/LapicitoTunaEspa%C3%B1a-Pegatina-Juntamento-Oviedo-Carlos-Espinosa-Celdran.jpg\" alt=\"Tuna Espa\u00f1a \u2013 Universitaria \u00bb Blog Archive \u00bb LapicitoTunaEspa\u00f1a-Pegatina-Juntamento-Oviedo-Carlos-Espinosa-Celdran\" \/><\/p>\n<p>.<\/p>\n<p>&nbsp;<\/p>\n<p>&nbsp;<\/p>\n","protected":false},"excerpt":{"rendered":"<p>. . . . Concierto de la Tuna en el Colegio de M\u00e9dicos Tuna Espa\u00f1a ofreci\u00f3 ayer por la tarde un concierto solidario en beneficio de la asociaci\u00f3n S\u00edndrome de Down de Asturias en la sede del Colegio Oficial de M\u00e9dicos. Las en . TunaEspa\u00f1a Honra a la Virgen de Covadonga en la Catedral de [&hellip;]<\/p>\n","protected":false},"author":2,"featured_media":0,"parent":0,"menu_order":11,"comment_status":"closed","ping_status":"closed","template":"","meta":[],"_links":{"self":[{"href":"https:\/\/www.tunaespana.es\/index.php?rest_route=\/wp\/v2\/pages\/35226"}],"collection":[{"href":"https:\/\/www.tunaespana.es\/index.php?rest_route=\/wp\/v2\/pages"}],"about":[{"href":"https:\/\/www.tunaespana.es\/index.php?rest_route=\/wp\/v2\/types\/page"}],"author":[{"embeddable":true,"href":"https:\/\/www.tunaespana.es\/index.php?rest_route=\/wp\/v2\/users\/2"}],"replies":[{"embeddable":true,"href":"https:\/\/www.tunaespana.es\/index.php?rest_route=%2Fwp%2Fv2%2Fcomments&post=35226"}],"version-history":[{"count":3,"href":"https:\/\/www.tunaespana.es\/index.php?rest_route=\/wp\/v2\/pages\/35226\/revisions"}],"predecessor-version":[{"id":35392,"href":"https:\/\/www.tunaespana.es\/index.php?rest_route=\/wp\/v2\/pages\/35226\/revisions\/35392"}],"wp:attachment":[{"href":"https:\/\/www.tunaespana.es\/index.php?rest_route=%2Fwp%2Fv2%2Fmedia&parent=35226"}],"curies":[{"name":"wp","href":"https:\/\/api.w.org\/{rel}","templated":true}]}}