{"id":35228,"date":"2021-10-09T16:35:11","date_gmt":"2021-10-09T16:35:11","guid":{"rendered":"https:\/\/www.tunaespana.es\/?page_id=35228"},"modified":"2021-10-09T16:44:53","modified_gmt":"2021-10-09T16:44:53","slug":"tunaespana-juntamento-costa-rica","status":"publish","type":"page","link":"https:\/\/www.tunaespana.es\/?page_id=35228","title":{"rendered":"TunaEspa\u00f1a Juntamento Costa Rica"},"content":{"rendered":"<p>.<\/p>\n<p><img decoding=\"async\" src=\"https:\/\/www.tunaespana.es\/wp-content\/uploads\/2014\/09\/Tuna-Espa%C3%B1a-Embajada-Costa-Rica-136.jpg\" alt=\"Tuna Espa\u00f1a \u2013 Universitaria \u00bb Blog Archive \u00bb Tuna Espa\u00f1a, Embajada Costa Rica (1)36\" \/><\/p>\n<p>.<\/p>\n<blockquote class=\"embedly-card\" data-card-controls=\"1\" data-card-align=\"center\" data-card-theme=\"light\">\n<h4><a href=\"https:\/\/camacoes.cr\/eventos-y-noticias\/tuna-espanola-en-costa-rica\/\">Tuna Espa\u00f1ola en Costa Rica<\/a><\/h4>\n<p>Una tuna o estudiantina es una agrupaci\u00f3n o hermandad de estudiantes universitarios que, portando la vestimenta antigua de la universidad, se caracteriza por viajar por Espa\u00f1a y el mundo cantando y tocando, as\u00ed como haciendo uso generalmente de instrumentos de cuerda y percusi\u00f3n.<\/p>\n<\/blockquote>\n<p><script async src=\"\/\/cdn.embedly.com\/widgets\/platform.js\" charset=\"UTF-8\"><\/script><\/p>\n<p>.<\/p>\n<p><img decoding=\"async\" src=\"https:\/\/i.ytimg.com\/vi\/2o0xnXPWeTU\/hqdefault.jpg\" alt=\"Luna Liberiana TunaEspa\u00f1a, Ensayo Tio Sentao - YouTube\" \/><\/p>\n<p>.<\/p>\n<p>.<\/p>\n<blockquote class=\"embedly-card\" data-card-controls=\"1\" data-card-align=\"center\" data-card-theme=\"light\">\n<h4><a href=\"https:\/\/www.youtube.com\/watch?v=gyUvB74cmnE\">TunaEspa\u00f1a honra a la Patrona de Costa Rica, Nuestra Se\u00f1ora de los \u00c1ngeles.<\/a><\/h4>\n<p>TunaEspa\u00f1a es una Asociaci\u00f3n Mundial de Antiguos Tunos Universitarios nacidos en las 8 \u00faltimas d\u00e9cadas, ayer estudiantes, hoy doctores y licenciados. Sus in&#8230;<\/p>\n<\/blockquote>\n<p><script async src=\"\/\/cdn.embedly.com\/widgets\/platform.js\" charset=\"UTF-8\"><\/script><\/p>\n<p>.<\/p>\n<p style=\"text-align: center;\"><span style=\"color: #cc99ff;\"><strong>TunaEspa\u00f1a<\/strong>\u00a0honra a la Patrona de Costa Rica, en su Bas\u00edlica de la ciudad de Cartago, Nuestra Se\u00f1ora de los \u00c1ngeles, acompa\u00f1ado de Monse\u00f1or don Francisco Ulloa Obispo de Cartago, se\u00f1or alcalde Rolando Rodr\u00edguez Brenes y por la Embajadora de Espa\u00f1a en Costa Rica D\u00f1a Cristina P\u00e9rez Guti\u00e9rrez.<\/span><\/p>\n<p>.<\/p>\n<blockquote class=\"embedly-card\" data-card-controls=\"1\" data-card-align=\"center\" data-card-theme=\"light\">\n<h4><a href=\"https:\/\/www.youtube.com\/watch?v=XVP_mon7JAo\">\u00a1TunaEspa\u00f1a &#038; Costa Rica, Caballeros y Madrina!<\/a><\/h4>\n<p>\u00a1Viva Costa Rica, Viva Espa\u00f1a, Viva La Hispanidad! Magn\u00edfica recepci\u00f3n en la Embajada de Espa\u00f1a en Costa Rica, en que impusimos becas de Tuna Espa\u00f1a a los Sr&#8230;<\/p>\n<\/blockquote>\n<p><script async src=\"\/\/cdn.embedly.com\/widgets\/platform.js\" charset=\"UTF-8\"><\/script><\/p>\n<p>.<\/p>\n<p><img decoding=\"async\" src=\"http:\/\/www.tunaespana.es\/wp-content\/uploads\/2017\/06\/TunaEspa%C3%B1a-Don-Dudo-Carlos-Espinosa-Ministro-de-Presidencia.jpg\" alt=\"Tuna Espa\u00f1a \u2013 Universitaria \u00bb TunaEspa\u00f1a: Insignias de oro \u00abCaballero Espa\u00f1ol\u00bb\" \/><\/p>\n<p>.<\/p>\n<blockquote class=\"embedly-card\" data-card-controls=\"1\" data-card-align=\"center\" data-card-theme=\"light\">\n<h4><a href=\"https:\/\/www.youtube.com\/watch?v=AA8nnE7YGbg\">TunaEspa\u00f1a Homenaje a REINA ISABEL \u00abLA CAT\u00d3LICA\u00bb en Costa Rica<\/a><\/h4>\n<p>\u00a1Viva Costa Rica, Viva Espa\u00f1a, Viva La Hispanidad!TunaEspa\u00f1a honra a la Reina Isabel, en Parque Espa\u00f1a, de la Capital de Costa Rica, San Jos\u00e9, en presencia D&#8230;<\/p>\n<\/blockquote>\n<p><script async src=\"\/\/cdn.embedly.com\/widgets\/platform.js\" charset=\"UTF-8\"><\/script><\/p>\n<p>.<\/p>\n<p><img decoding=\"async\" src=\"http:\/\/www.tunaespana.es\/wp-content\/uploads\/2016\/03\/TunaEspa%C3%B1a-Don-Dudo-Carlos-Espinosa-Celdran-Rector-Universidad-de-Costa-Rica.jpg\" alt=\"Tuna Espa\u00f1a \u2013 Universitaria \u00bb Blog Archive \u00bb TunaEspa\u00f1a, Don Dudo, Carlos Espinosa Celdran, Rector Universidad de Costa Rica\" \/><\/p>\n<p>.<\/p>\n<p><img decoding=\"async\" src=\"https:\/\/scontent-mad1-1.xx.fbcdn.net\/v\/t1.6435-9\/61018734_1572467232884080_6818732637960536064_n.jpg?_nc_cat=107&amp;ccb=1-5&amp;_nc_sid=8bfeb9&amp;_nc_ohc=8azZ_SFbZtcAX-ptAk2&amp;_nc_ht=scontent-mad1-1.xx&amp;oh=84e1c30efc35513f7201d44c37500149&amp;oe=6187BB12\" alt=\"Puede ser una imagen de 2 personas y personas sonriendo\" \/><\/p>\n<blockquote class=\"embedly-card\" data-card-controls=\"1\" data-card-align=\"center\" data-card-theme=\"light\">\n<h4><a href=\"https:\/\/www.youtube.com\/watch?v=Pj1uXik7W5g\">Insignia de Oro de TunaEspa\u00f1a a la Universidad de Costa Rica<\/a><\/h4>\n<p>La Universidad de Costa Rica es una de las cinco universidades p\u00fablicas de la Rep\u00fablica de Costa Rica y una de las m\u00e1s prestigiosas y reconocidas en HispanoA&#8230;<\/p>\n<\/blockquote>\n<p><script async src=\"\/\/cdn.embedly.com\/widgets\/platform.js\" charset=\"UTF-8\"><\/script><\/p>\n<p>.<\/p>\n<p><img decoding=\"async\" src=\"https:\/\/scontent-mad1-1.xx.fbcdn.net\/v\/t1.6435-9\/60969234_1572467326217404_7121895550248550400_n.jpg?_nc_cat=105&amp;ccb=1-5&amp;_nc_sid=8bfeb9&amp;_nc_ohc=T0Q4H3uAItcAX8DTkU4&amp;_nc_ht=scontent-mad1-1.xx&amp;oh=61f4bcb6919a682084c7590493a0e62d&amp;oe=61880C41\" alt=\"Puede ser una imagen de 1 persona\" \/><\/p>\n<p>.<\/p>\n<blockquote class=\"embedly-card\" data-card-controls=\"1\" data-card-align=\"center\" data-card-theme=\"light\">\n<h4><a href=\"https:\/\/www.youtube.com\/watch?v=LJMmDGXEUB0\">La Excma. Sra. Embajadora da la bienvenida a Tuna Espa\u00f1a<\/a><\/h4>\n<p>En el marco de las actividades de la Feria Enam\u00f3rate de Espa\u00f1a, la Tuna Espa\u00f1a realiz\u00f3 un Homenaje a la Reina Isabel La Cat\u00f3lica en el Parque Espa\u00f1a. Se cont&#8230;<\/p>\n<\/blockquote>\n<p><script async src=\"\/\/cdn.embedly.com\/widgets\/platform.js\" charset=\"UTF-8\"><\/script><\/p>\n<p>.<\/p>\n","protected":false},"excerpt":{"rendered":"<p>. . Tuna Espa\u00f1ola en Costa Rica Una tuna o estudiantina es una agrupaci\u00f3n o hermandad de estudiantes universitarios que, portando la vestimenta antigua de la universidad, se caracteriza por viajar por Espa\u00f1a y el mundo cantando y tocando, as\u00ed como haciendo uso generalmente de instrumentos de cuerda y percusi\u00f3n. . . . TunaEspa\u00f1a honra [&hellip;]<\/p>\n","protected":false},"author":2,"featured_media":0,"parent":0,"menu_order":11,"comment_status":"closed","ping_status":"closed","template":"","meta":[],"_links":{"self":[{"href":"https:\/\/www.tunaespana.es\/index.php?rest_route=\/wp\/v2\/pages\/35228"}],"collection":[{"href":"https:\/\/www.tunaespana.es\/index.php?rest_route=\/wp\/v2\/pages"}],"about":[{"href":"https:\/\/www.tunaespana.es\/index.php?rest_route=\/wp\/v2\/types\/page"}],"author":[{"embeddable":true,"href":"https:\/\/www.tunaespana.es\/index.php?rest_route=\/wp\/v2\/users\/2"}],"replies":[{"embeddable":true,"href":"https:\/\/www.tunaespana.es\/index.php?rest_route=%2Fwp%2Fv2%2Fcomments&post=35228"}],"version-history":[{"count":2,"href":"https:\/\/www.tunaespana.es\/index.php?rest_route=\/wp\/v2\/pages\/35228\/revisions"}],"predecessor-version":[{"id":35230,"href":"https:\/\/www.tunaespana.es\/index.php?rest_route=\/wp\/v2\/pages\/35228\/revisions\/35230"}],"wp:attachment":[{"href":"https:\/\/www.tunaespana.es\/index.php?rest_route=%2Fwp%2Fv2%2Fmedia&parent=35228"}],"curies":[{"name":"wp","href":"https:\/\/api.w.org\/{rel}","templated":true}]}}