{"id":35572,"date":"2022-05-15T09:12:01","date_gmt":"2022-05-15T09:12:01","guid":{"rendered":"https:\/\/www.tunaespana.es\/?page_id=35572"},"modified":"2022-07-30T15:57:27","modified_gmt":"2022-07-30T15:57:27","slug":"tunaespana-isaac-peral","status":"publish","type":"page","link":"https:\/\/www.tunaespana.es\/?page_id=35572","title":{"rendered":"TunaEspa\u00f1a &#038; Museo Naval Militar Cartagena &#038; Isaac Peral"},"content":{"rendered":"<blockquote class=\"embedly-card\" data-card-controls=\"1\" data-card-align=\"center\" data-card-theme=\"light\">\n<h4><a href=\"https:\/\/www.laverdad.es\/murcia\/cartagena\/tuna-espana-homenajea-20220515001216-ntvo.html?ref=https%3A%2F%2Fwww.google.com%2F\">Tuna Espa\u00f1a homenajea a Isaac Peral y toca en el Parque Torres<\/a><\/h4>\n<p>M\u00e1s de 200 miembros de la organizaci\u00f3n llenan de canciones tradicionales y alegr\u00eda el casco hist\u00f3rico durante toda la jornada<\/p>\n<\/blockquote>\n<p><script async src=\"\/\/cdn.embedly.com\/widgets\/platform.js\" charset=\"UTF-8\"><\/script><\/p>\n<p>&nbsp;<\/p>\n<p><a href=\"https:\/\/www.tunaespana.es\/?attachment_id=35574\" rel=\"attachment wp-att-35574\"><img decoding=\"async\" loading=\"lazy\" class=\"aligncenter size-full wp-image-35574\" src=\"https:\/\/www.tunaespana.es\/wp-content\/uploads\/2022\/05\/TunaEspa\u00f1a-Juntamento-Cartagena-Issac-Peral-Don-Dudo-Carlos-Espinosa-Celdran.jpg\" alt=\"TunaEspa\u00f1a Juntamento Cartagena Issac Peral Don Dudo, Carlos Espinosa Celdran\" width=\"917\" height=\"1247\" srcset=\"https:\/\/www.tunaespana.es\/wp-content\/uploads\/2022\/05\/TunaEspa\u00f1a-Juntamento-Cartagena-Issac-Peral-Don-Dudo-Carlos-Espinosa-Celdran.jpg 917w, https:\/\/www.tunaespana.es\/wp-content\/uploads\/2022\/05\/TunaEspa\u00f1a-Juntamento-Cartagena-Issac-Peral-Don-Dudo-Carlos-Espinosa-Celdran-221x300.jpg 221w, https:\/\/www.tunaespana.es\/wp-content\/uploads\/2022\/05\/TunaEspa\u00f1a-Juntamento-Cartagena-Issac-Peral-Don-Dudo-Carlos-Espinosa-Celdran-768x1044.jpg 768w, https:\/\/www.tunaespana.es\/wp-content\/uploads\/2022\/05\/TunaEspa\u00f1a-Juntamento-Cartagena-Issac-Peral-Don-Dudo-Carlos-Espinosa-Celdran-753x1024.jpg 753w\" sizes=\"(max-width: 917px) 100vw, 917px\" \/><\/a><\/p>\n<p>.<\/p>\n<blockquote class=\"embedly-card\" data-card-controls=\"1\" data-card-align=\"center\" data-card-theme=\"light\">\n<h4><a href=\"https:\/\/www.youtube.com\/watch?v=LSWJQ6g3sxM\">TunaEspa\u00f1a &#038; Homenaje a Isaac Peral &#038; Museo Naval de la Armada Espa\u00f1ola en Cartagena &#038; Soy Espa\u00f1ol<\/a><\/h4>\n<p>TunaEspa\u00f1a realiza un Homenaje al Insigne Espa\u00f1ol, inventor del PRIMER submarino moderno en el museo naval militar de Cartagena en Presencia AUTORIDADES E IN&#8230;<\/p>\n<\/blockquote>\n<p><script async src=\"\/\/cdn.embedly.com\/widgets\/platform.js\" charset=\"UTF-8\"><\/script><\/p>\n<p>.<\/p>\n<p><a href=\"https:\/\/www.tunaespana.es\/?attachment_id=35578\" rel=\"attachment wp-att-35578\"><img decoding=\"async\" loading=\"lazy\" class=\"aligncenter size-full wp-image-35578\" src=\"https:\/\/www.tunaespana.es\/wp-content\/uploads\/2022\/05\/TunaEspa\u00f1a-Juntamento-Cartagena-Issac-Peral-Don-Dudo-Carlos-Espinosa-Celdran-Almirante-de-Accion-Maritima.jpg\" alt=\"TunaEspa\u00f1a Juntamento Cartagena Issac Peral Don Dudo, Carlos Espinosa Celdran, Almirante de Accion Maritima\" width=\"953\" height=\"474\" srcset=\"https:\/\/www.tunaespana.es\/wp-content\/uploads\/2022\/05\/TunaEspa\u00f1a-Juntamento-Cartagena-Issac-Peral-Don-Dudo-Carlos-Espinosa-Celdran-Almirante-de-Accion-Maritima.jpg 953w, https:\/\/www.tunaespana.es\/wp-content\/uploads\/2022\/05\/TunaEspa\u00f1a-Juntamento-Cartagena-Issac-Peral-Don-Dudo-Carlos-Espinosa-Celdran-Almirante-de-Accion-Maritima-300x149.jpg 300w, https:\/\/www.tunaespana.es\/wp-content\/uploads\/2022\/05\/TunaEspa\u00f1a-Juntamento-Cartagena-Issac-Peral-Don-Dudo-Carlos-Espinosa-Celdran-Almirante-de-Accion-Maritima-768x382.jpg 768w\" sizes=\"(max-width: 953px) 100vw, 953px\" \/><\/a><\/p>\n<p>.<\/p>\n<p><a href=\"https:\/\/www.tunaespana.es\/?attachment_id=35579\" rel=\"attachment wp-att-35579\"><img decoding=\"async\" loading=\"lazy\" class=\"aligncenter size-full wp-image-35579\" src=\"https:\/\/www.tunaespana.es\/wp-content\/uploads\/2022\/05\/TunaEspa\u00f1a-Juntamento-Cartagena-Issac-Peral-Don-Dudo-Carlos-Espinosa-Celdran-Almirante-de-Accion-Maritima-de-Cartagena.jpg\" alt=\"TunaEspa\u00f1a Juntamento Cartagena Issac Peral Don Dudo, Carlos Espinosa Celdran, Almirante de Accion Maritima de Cartagena\" width=\"574\" height=\"383\" srcset=\"https:\/\/www.tunaespana.es\/wp-content\/uploads\/2022\/05\/TunaEspa\u00f1a-Juntamento-Cartagena-Issac-Peral-Don-Dudo-Carlos-Espinosa-Celdran-Almirante-de-Accion-Maritima-de-Cartagena.jpg 574w, https:\/\/www.tunaespana.es\/wp-content\/uploads\/2022\/05\/TunaEspa\u00f1a-Juntamento-Cartagena-Issac-Peral-Don-Dudo-Carlos-Espinosa-Celdran-Almirante-de-Accion-Maritima-de-Cartagena-300x200.jpg 300w\" sizes=\"(max-width: 574px) 100vw, 574px\" \/><\/a><\/p>\n<p>.<\/p>\n<p><a href=\"https:\/\/www.tunaespana.es\/?attachment_id=35580\" rel=\"attachment wp-att-35580\"><img decoding=\"async\" loading=\"lazy\" class=\"aligncenter size-full wp-image-35580\" src=\"https:\/\/www.tunaespana.es\/wp-content\/uploads\/2022\/05\/TunaEspa\u00f1a-Juntamento-Cartagena-Issac-Peral-Don-Dudo-Carlos-Espinosa-Celdran-Almirante-de-Accion-Maritima-en-Cartagena.jpg\" alt=\"TunaEspa\u00f1a Juntamento Cartagena Issac Peral Don Dudo, Carlos Espinosa Celdran, Almirante de Accion Maritima en Cartagena\" width=\"818\" height=\"627\" srcset=\"https:\/\/www.tunaespana.es\/wp-content\/uploads\/2022\/05\/TunaEspa\u00f1a-Juntamento-Cartagena-Issac-Peral-Don-Dudo-Carlos-Espinosa-Celdran-Almirante-de-Accion-Maritima-en-Cartagena.jpg 818w, https:\/\/www.tunaespana.es\/wp-content\/uploads\/2022\/05\/TunaEspa\u00f1a-Juntamento-Cartagena-Issac-Peral-Don-Dudo-Carlos-Espinosa-Celdran-Almirante-de-Accion-Maritima-en-Cartagena-300x230.jpg 300w, https:\/\/www.tunaespana.es\/wp-content\/uploads\/2022\/05\/TunaEspa\u00f1a-Juntamento-Cartagena-Issac-Peral-Don-Dudo-Carlos-Espinosa-Celdran-Almirante-de-Accion-Maritima-en-Cartagena-768x589.jpg 768w\" sizes=\"(max-width: 818px) 100vw, 818px\" \/><\/a><\/p>\n<p>.<\/p>\n<p><a href=\"https:\/\/www.tunaespana.es\/?attachment_id=35611\" rel=\"attachment wp-att-35611\"><img decoding=\"async\" loading=\"lazy\" class=\"aligncenter size-full wp-image-35611\" src=\"https:\/\/www.tunaespana.es\/wp-content\/uploads\/2022\/05\/TunaEspa\u00f1a-DonDudo-Carlos-Espinosa-Celdran-Isaac-Peral-Almirante-Accion-Maritima-cartagena.jpg\" alt=\"TunaEspa\u00f1a, DonDudo, Carlos Espinosa Celdran, Isaac Peral, Almirante Accion Maritima cartagena\" width=\"623\" height=\"714\" srcset=\"https:\/\/www.tunaespana.es\/wp-content\/uploads\/2022\/05\/TunaEspa\u00f1a-DonDudo-Carlos-Espinosa-Celdran-Isaac-Peral-Almirante-Accion-Maritima-cartagena.jpg 623w, https:\/\/www.tunaespana.es\/wp-content\/uploads\/2022\/05\/TunaEspa\u00f1a-DonDudo-Carlos-Espinosa-Celdran-Isaac-Peral-Almirante-Accion-Maritima-cartagena-262x300.jpg 262w\" sizes=\"(max-width: 623px) 100vw, 623px\" \/><\/a><\/p>\n<p>.<\/p>\n<div dir=\"auto\"><span style=\"color: #999999;\">TunaEspa\u00f1a<\/span><\/div>\n<div dir=\"auto\"><span style=\"color: #999999;\">Homenaje a Isaac Peral en el Museo Naval Militar de Cartagena en Presencia del Almirante de Acci\u00f3n Mar\u00edtima Juan Luis Sobrino P\u00e9rez Crespo (tambi\u00e9n estaba entre otras muchas autoridades el Almirante del Arsenal Militar)<\/span><\/div>\n<div dir=\"auto\"><span style=\"color: #999999;\">TunaEspa\u00f1a realiza un Homenaje al Insigne Espa\u00f1ol, inventor del PRIMER submarino moderno en el museo naval militar de Cartagena en Presencia<\/span><\/div>\n<div dir=\"auto\"><span style=\"color: #999999;\">AUTORIDADES E INVITADOS MILITARES:<\/span><\/div>\n<div dir=\"auto\"><span style=\"color: #999999;\">&#8211; ALMIRANTE DE ACCI\u00d3N MAR\u00cdTIMA<\/span><\/div>\n<div dir=\"auto\"><span style=\"color: #999999;\">&#8211; ALMIRANTE JEFE DEL ARSENAL DE CARTAGENA<\/span><\/div>\n<div dir=\"auto\"><span style=\"color: #999999;\">&#8211; COR. CIM. COMANDANTE DEL TERCIO DE LEVANTE DE INFANTER\u00cdA DE MARINA<\/span><\/div>\n<div dir=\"auto\"><span style=\"color: #999999;\">&#8211; COR. CIM. DIRECTOR DE LA ESCUELA DE INFANTER\u00cdA DE MARINA \u201cGENERAL ALBACETE Y FUSTER\u201d<\/span><\/div>\n<div dir=\"auto\"><span style=\"color: #999999;\">&#8211; COR. CIM. COMANDANTE DE LA FUERZA DE GUERRA NAVAL ESPECIAL<\/span><\/div>\n<div dir=\"auto\"><span style=\"color: #999999;\">&#8211; CN. CGA. JEFE DEL OAJ DE ARCART<\/span><\/div>\n<div dir=\"auto\"><span style=\"color: #999999;\">&#8211; CN. CGA. JEFE DEL EM DE LA FAM<\/span><\/div>\n<div dir=\"auto\"><span style=\"color: #999999;\">&#8211; CN. CGA. JEFE DEL CENTRO DE BUCEO DE LA ARMADA CBA<\/span><\/div>\n<div dir=\"auto\"><span style=\"color: #999999;\">&#8211; CN. CGA. COMANDANTE DE LAS UNIDADES DE ACCI\u00d3N MAR\u00cdTIMA EN CARTAGENA<\/span><\/div>\n<div dir=\"auto\"><span style=\"color: #999999;\">&#8211; CN. CGA. COMANDANTE DE LA FUERZA DE MEDIDAS CONTRAMINAS.<\/span><\/div>\n<div dir=\"auto\"><span style=\"color: #999999;\">&#8211; CN. CGA. COMANDANTE DE LA FLOTILLA DE SUBMARINOS<\/span><\/div>\n<div dir=\"auto\"><span style=\"color: #999999;\">&#8211; COR. CINA. DIRECTOR DEL ARCHIVO NAVAL DE CARTAGENA<\/span><\/div>\n<div dir=\"auto\"><span style=\"color: #999999;\">&#8211; COR. CINA. INTENDENTE DE CARTAGENA.<\/span><\/div>\n<div dir=\"auto\"><span style=\"color: #999999;\">&#8211; CN. CIA. JEFE DE LA ICOCART<\/span><\/div>\n<div dir=\"auto\"><span style=\"color: #999999;\">&#8211; COR. ART. ET. JEFE DEL RAAA-73.<\/span><\/div>\n<div dir=\"auto\"><span style=\"color: #999999;\">&#8211; CAP. GC. JEFE DE LA COMANDANCIA DE LA GUARDIA CIVIL EN CARTAGENA.<\/span><\/div>\n<div dir=\"auto\"><span style=\"color: #999999;\">&#8211; COMANDANTE ART. ET. DIRECTOR MUSEO MILITAR CARTAGENA<\/span><\/div>\n<div dir=\"auto\"><span style=\"color: #999999;\">&#8211; CF. CGA. AYUDANTE PERSONAL DEL ALMART<\/span><\/div>\n<div dir=\"auto\"><span style=\"color: #999999;\">AUTORIDADES E INVITADOS CIVILES:<\/span><\/div>\n<div dir=\"auto\"><span style=\"color: #999999;\">&#8211; ALCALDESA DE CARTAGENA<\/span><\/div>\n<div dir=\"auto\"><span style=\"color: #999999;\">&#8211; VICEALCALDESA DE CARTAGENA<\/span><\/div>\n<div dir=\"auto\"><span style=\"color: #999999;\">&#8211; RECTORA DE LA UPCT<\/span><\/div>\n<div dir=\"auto\"><span style=\"color: #999999;\">&#8211; PRESIDENTA DE LA AUTORIDAD PORTUARIA DE CARTAGENA<\/span><\/div>\n<div dir=\"auto\"><span style=\"color: #999999;\">&#8211; CONCEJAL DE TURISMO DEL AYUNTAMIENTO DE CARTAGENA<\/span><\/div>\n<div dir=\"auto\"><span style=\"color: #999999;\">&#8211; CONCEJAL DE CULTURA DEL AYUNTAMIENTO DE CARTAGENA<\/span><\/div>\n<div dir=\"auto\"><span style=\"color: #999999;\">&#8211; CONCEJAL DE SEGURIDAD CIUDADANA DEL AYUNTAMIENTO DE CARTAGENA<\/span><\/div>\n<div dir=\"auto\"><span style=\"color: #999999;\">&#8211; RECTOR DE LA UMU<\/span><\/div>\n<div dir=\"auto\"><span style=\"color: #999999;\">&#8211; PRESIDENTE UCAM<\/span><\/div>\n<div dir=\"auto\"><span style=\"color: #999999;\">&#8211; RECTOR DE LA UCAM<\/span><\/div>\n<div dir=\"auto\"><span style=\"color: #999999;\">&#8211; RECTOR DE LA UNED<\/span><\/div>\n<div dir=\"auto\"><span style=\"color: #999999;\">&#8211; INSPECTOR JEFE DE LA POLICIA NACIONAL DE CARTAGENA<\/span><\/div>\n<div dir=\"auto\"><span style=\"color: #999999;\">&#8211; INSPECTOR JEFE DE LA POLICIA LOCAL DE CARTAGENA<\/span><\/div>\n<div dir=\"auto\"><span style=\"color: #999999;\">&#8211; D. CARLOS DE MIGUEL PERAL Y SRA. (BIZNIETO de ISAAC PERAL)<\/span><\/div>\n<div dir=\"auto\"><span style=\"color: #999999;\">&#8211; D. DIEGO QUEVEDO<\/span><\/div>\n<div dir=\"auto\"><span style=\"color: #999999;\">La Infanteria de Marina Espa\u00f1ola es la m\u00e1s ANTIGUA del Mundo, ya exist\u00eda antes de la Batalla de Lepanto (1571). La Infanter\u00eda de Marina m\u00e1s antigua del mundo fue la Infanter\u00eda Espa\u00f1ola, creada como tal por Carlos I de Espa\u00f1a en 1537.<\/span><\/div>\n<p>.<\/p>\n<blockquote class=\"embedly-card\" data-card-controls=\"1\" data-card-align=\"center\" data-card-theme=\"light\">\n<h4><a href=\"https:\/\/www.youtube.com\/watch?v=CNpCe1Bt-60\">TunaEspa\u00f1a &#038; Homenaje a Isaac Peral &#038; Museo Naval de la Armada Espa\u00f1ola en Cartagena &#038; SOY ESPA\u00d1OL<\/a><\/h4>\n<p>TunaEspa\u00f1a realiza un Homenaje al Insigne Espa\u00f1ol, inventor del PRIMER submarino moderno en el museo naval militar de Cartagena en Presencia AUTORIDADES E IN&#8230;<\/p>\n<\/blockquote>\n<p><script async src=\"\/\/cdn.embedly.com\/widgets\/platform.js\" charset=\"UTF-8\"><\/script><\/p>\n<p>.<\/p>\n<p><a href=\"https:\/\/www.tunaespana.es\/?attachment_id=35613\" rel=\"attachment wp-att-35613\"><img decoding=\"async\" loading=\"lazy\" class=\"aligncenter size-full wp-image-35613\" src=\"https:\/\/www.tunaespana.es\/wp-content\/uploads\/2022\/05\/TunaEspa\u00f1a-DonDudo-Carlos-Espinosa-Celdran-Isaac-Peral-Almirante-Accion-Maritima-trimilenaria-cartagena.jpg\" alt=\"TunaEspa\u00f1a, DonDudo, Carlos Espinosa Celdran, Isaac Peral, Almirante Accion Maritima trimilenaria cartagena\" width=\"719\" height=\"899\" srcset=\"https:\/\/www.tunaespana.es\/wp-content\/uploads\/2022\/05\/TunaEspa\u00f1a-DonDudo-Carlos-Espinosa-Celdran-Isaac-Peral-Almirante-Accion-Maritima-trimilenaria-cartagena.jpg 719w, https:\/\/www.tunaespana.es\/wp-content\/uploads\/2022\/05\/TunaEspa\u00f1a-DonDudo-Carlos-Espinosa-Celdran-Isaac-Peral-Almirante-Accion-Maritima-trimilenaria-cartagena-240x300.jpg 240w\" sizes=\"(max-width: 719px) 100vw, 719px\" \/><\/a><\/p>\n<p>.<\/p>\n<blockquote class=\"embedly-card\" data-card-controls=\"1\" data-card-align=\"center\" data-card-theme=\"light\">\n<h4><a href=\"https:\/\/www.laverdad.es\/murcia\/cartagena\/eventos-participantes-animaran-20220511002211-ntvo_amp.html?fbclid=IwAR19F9g7VvsBz0rXJLlpM7zUbI7vW4TT4ug2Fb2Mygd4m2wFAkinhO13FwA#amp_tf=De%20%251%24s&#038;aoh=16523081604352&#038;csi=0&#038;referrer=https%3A%2F%2Fwww.google.com\">Dos eventos con 650 participantes animar\u00e1n el centro de Cartagena y La Azoh\u00eda durante el fin de semana<\/a><\/h4>\n<p>La celebraci\u00f3n de eventos deportivos y culturales en el municipio sigue sumando turistas y potenciando el sector. As\u00ed, el XVIII Juntamento Tuna Espa\u00f1a y la carrera Terci<\/p>\n<\/blockquote>\n<p><script async src=\"\/\/cdn.embedly.com\/widgets\/platform.js\" charset=\"UTF-8\"><\/script><\/p>\n<p>.<\/p>\n<p><a href=\"https:\/\/www.tunaespana.es\/?attachment_id=35615\" rel=\"attachment wp-att-35615\"><img decoding=\"async\" loading=\"lazy\" class=\"aligncenter size-full wp-image-35615\" src=\"https:\/\/www.tunaespana.es\/wp-content\/uploads\/2022\/05\/TunaEspa\u00f1a-DonDudo-Carlos-Espinosa-Celdran-Isaac-Peral-Almirante-Accion-Maritima-trimilenaria-cartagena-juntamento.jpg\" alt=\"TunaEspa\u00f1a, DonDudo, Carlos Espinosa Celdran, Isaac Peral, Almirante Accion Maritima trimilenaria cartagena juntamento\" width=\"916\" height=\"564\" srcset=\"https:\/\/www.tunaespana.es\/wp-content\/uploads\/2022\/05\/TunaEspa\u00f1a-DonDudo-Carlos-Espinosa-Celdran-Isaac-Peral-Almirante-Accion-Maritima-trimilenaria-cartagena-juntamento.jpg 916w, https:\/\/www.tunaespana.es\/wp-content\/uploads\/2022\/05\/TunaEspa\u00f1a-DonDudo-Carlos-Espinosa-Celdran-Isaac-Peral-Almirante-Accion-Maritima-trimilenaria-cartagena-juntamento-300x185.jpg 300w, https:\/\/www.tunaespana.es\/wp-content\/uploads\/2022\/05\/TunaEspa\u00f1a-DonDudo-Carlos-Espinosa-Celdran-Isaac-Peral-Almirante-Accion-Maritima-trimilenaria-cartagena-juntamento-768x473.jpg 768w\" sizes=\"(max-width: 916px) 100vw, 916px\" \/><\/a><\/p>\n<p>.<\/p>\n<blockquote class=\"embedly-card\" data-card-controls=\"1\" data-card-align=\"center\" data-card-theme=\"light\">\n<h4><a href=\"https:\/\/cartagenadiario.es\/xviii-juntamento-tuna-espana-cartagena\/\">XVIII Juntamento Tuna Espa\u00f1a en Cartagena<\/a><\/h4>\n<p>Cartagena se convierte este fin de semana sede del XVIII Juntamento Tuna Espa\u00f1a , la ciudad portuaria re\u00fane a m\u00e1s de 200 tunos universitarios de ocho generaciones procedentes de diferentes puntos de Espa\u00f1a y Latinoam\u00e9rica a trav\u00e9s de esta convenci\u00f3n, en la que colabora el Ayuntamiento de Cartagena.<\/p>\n<\/blockquote>\n<p><script async src=\"\/\/cdn.embedly.com\/widgets\/platform.js\" charset=\"UTF-8\"><\/script><\/p>\n<p>.<\/p>\n<blockquote class=\"embedly-card\" data-card-controls=\"1\" data-card-align=\"center\" data-card-theme=\"light\">\n<h4><a href=\"https:\/\/www.rcmagazine.es\/isaac-peral\/\">ISAAC PERAL &#8211; RCMAGAZINE &#8211; Revista Cultural del Real Casino de Murcia<\/a><\/h4>\n<p>DE MURCIA AL CIELO. Por Carmen Celdr\u00e1n. El 1 de junio de 1895 naci\u00f3 en Cartagena Isaac Peral, el inventor del submarino el\u00e9ctrico. Considerado un pionero de la navegaci\u00f3n subacu\u00e1tica, Peral fue un genial inventor, pero tambi\u00e9n un hombre perseguido por la fatalidad. Manuel Peral, suboficial de la armada y natural de C\u00e1diz, transmiti\u00f3 a [&#8230;]<\/p>\n<\/blockquote>\n<p><script async src=\"\/\/cdn.embedly.com\/widgets\/platform.js\" charset=\"UTF-8\"><\/script><\/p>\n<p>.<\/p>\n<p style=\"text-align: center;\"><span style=\"color: #999999;\"><strong>Juntamento Cartagena\u00a0<\/strong><\/span><\/p>\n<p style=\"text-align: center;\"><span style=\"color: #999999;\"><strong>Jueves\u00a0 12 Mayo 2022<\/strong><\/span><\/p>\n<p style=\"text-align: center;\"><span style=\"color: #999999;\"><strong>Punto reuni\u00f3n\u00a0<\/strong>Las Termas del Pincho, C. Honda, 9, 30201 Cartagena.\u00a0<\/span><\/p>\n<p style=\"text-align: center;\"><span style=\"color: #999999;\"><strong>Viernes 13 Mayo 2022<\/strong><\/span><\/p>\n<p style=\"text-align: center;\"><span style=\"color: #999999;\">Por la ma\u00f1ana a las 12h.\u00a0 cantaremos en el asilo de las Monjas hermanas de los Pobres.<\/span><\/p>\n<p style=\"text-align: center;\"><span style=\"color: #999999;\"><strong>A\u00a0<\/strong><strong>17:20h.-<\/strong>\u00a0Acto acad\u00e9mico con la Sra. Rectora de la UPCT Sra. D\u00aa Beatriz Miguel Hern\u00e1ndez, en el sal\u00f3n de actos de la Facultad de Estudios Empresariales.\u00a0 \u2013 (El acto a la rectora se hace en la Facultad de Ciencias de la Empresa\/Escuela T\u00e9cnica Superior de Arquitectura e Ingenier\u00eda de Edificaci\u00f3n. Direcci\u00f3n: Calle Real, 3.\u00a0 30201 Cartagena)<\/span><\/p>\n<p style=\"text-align: center;\"><span style=\"color: #999999;\"><strong>19:20h.-<\/strong>\u00a0Ofrenda a la patrona en la Bas\u00edlica de la Caridad. (C\/ de la Caridad, 15<\/span><\/p>\n<p style=\"text-align: center;\"><span style=\"color: #999999;\">30202 Cartagena)<\/span><\/p>\n<p style=\"text-align: center;\"><span style=\"color: #999999;\">20:30h, Frente al palacio de Capitan\u00eda Mar\u00edtima (Pl. San Sebasti\u00e1n, 1, 30201 Cartagena) \u00a0se interpretar\u00e1 el tema de Banderita antes del arriado de bandera que est\u00e1 programada para las 21:05h. El acto no finaliza hasta que se hace la oraci\u00f3n y se escucha \u201cCartagena buenas noches\u201d. \u2013<\/span><\/p>\n<p style=\"text-align: center;\"><span style=\"color: #999999;\">\u00a021:30h \u00a0CENA restaurante \u201cLa Cartela\u201d para la cena (La Cartela. C\/Mayor, 41<\/span><\/p>\n<p style=\"text-align: center;\"><span style=\"color: #999999;\">30201 Cartagena). Se encuentra ubicado junto al Palacio de Capitan\u00eda en donde se ha realizado la bajada de bandera. Zona de Rondas y Serenatas<\/span><\/p>\n<p style=\"text-align: center;\"><span style=\"color: #999999;\"><strong>\u00a0<\/strong><\/span><\/p>\n<p style=\"text-align: center;\"><span style=\"color: #999999;\"><strong>S\u00e1bado 14\u00a0 Mayo 2022<\/strong><\/span><\/p>\n<p style=\"text-align: center;\"><span style=\"color: #999999;\">A\u00a0<strong>10:00h.-<\/strong><strong>\u00a0\u00a0<\/strong>Homenaje a ISAAC PEERAL en Museo Naval. La plaza del acto Isaac Peral se llama Plaza de la Armada Espa\u00f1ola. Direcci\u00f3n la misma del Museo Naval, es la siguiente: Paseo Alfonso XII s\/n\u00a0 30201 Cartagena (No Cofundir con el Museo Nacional de Arqueol\u00f3gia subacuatica de Cartagena)<\/span><\/p>\n<p style=\"text-align: center;\"><span style=\"color: #999999;\">El acto ser\u00e1 presidido por el Almirante de Acci\u00f3n Mar\u00edtima Excmo. Sr. Juan L. Sobrino P\u00e9rez-Crespo. El homenaje al ilustre marino ser\u00e1 recibido por su bisnieto Don Carlos de Miguel Pera.\u00a0<\/span><\/p>\n<p style=\"text-align: center;\"><span style=\"color: #999999;\">\u00a0A 12:10h.- Visita al museo romano y anfiteatro de la ciudad. &#8211; Finalizada la visita anterior el grupo se desplazar\u00e1 en Pasacalles por calle Mayor, Puertas de Murcia, Santa Florentina, etc, hasta la plaza Juan XXIII para la comida en restaurante \u201cLa Taper\u00eda\u201d a las 14:30h. (direcci\u00f3n, TAPERIA de CASA TOMAS, C. del Parque, 2, 30201 Cartagena. En la Sobremesa se realizara acto de nombramiento de \u00abCaballero Espa\u00f1ol\u00bb, al Director del Museo Nacional de Arqueologia Subacuatica, donde se encuentra el Tesoro \u201cDe la\u00a0fragata<strong>\u00a0Nuestra Se\u00f1ora de las Mercedes del Siglo XVI<\/strong>\u00a0con \u00a0casi\u00a0<strong>600.000 monedas de oro y plata que transportaba<\/strong>. Aquel desgraciado suceso en Aguas del Caribe que se sald\u00f3 con la muerte de 249 marineros espa\u00f1oles tambi\u00e9n abri\u00f3 una puerta en el tiempo,\u00a0<strong>permitiendo que el nav\u00edo llegara a nuestros d\u00edas<\/strong>\u00a0con el cargamento intacto.)<\/span><\/p>\n<p style=\"text-align: center;\"><span style=\"color: #999999;\">A 19:30h.- Actuaci\u00f3n del concierto ben\u00e9fico a favor del Asilo de las Hermanitas de los Pobres de Cartagena, en el auditorio Paco Mart\u00edn del Parque Torres. Se requiere estar a partir de las\u00a0<strong>19:00h<\/strong>\u00a0para realizar pruebas de sonido, iluminaci\u00f3n y distribuci\u00f3n en escenario \u2013<\/span><\/p>\n<p style=\"text-align: center;\"><span style=\"color: #999999;\">Finalizado el concierto, el grupo se desplazar\u00e1 en Pasacalles al centro de la ciudad para amenizar con rondas y serenatas, la noche de asi\u00e1ticos, farras y alegr\u00edas por el casco antiguo de la Trimilenaria Cartagena. Estaremos Tapeando Entre Las Termas del Pincho, C. Honda, 9, 30201 Cartagena. Y la Bodega Uva Jumillana (calle Jara 28, Cartagena 30.201).<\/span><\/p>\n<p>.<\/p>\n","protected":false},"excerpt":{"rendered":"<p>Tuna Espa\u00f1a homenajea a Isaac Peral y toca en el Parque Torres M\u00e1s de 200 miembros de la organizaci\u00f3n llenan de canciones tradicionales y alegr\u00eda el casco hist\u00f3rico durante toda la jornada &nbsp; . TunaEspa\u00f1a &#038; Homenaje a Isaac Peral &#038; Museo Naval de la Armada Espa\u00f1ola en Cartagena &#038; Soy Espa\u00f1ol TunaEspa\u00f1a realiza un [&hellip;]<\/p>\n","protected":false},"author":2,"featured_media":0,"parent":0,"menu_order":18,"comment_status":"closed","ping_status":"closed","template":"","meta":[],"_links":{"self":[{"href":"https:\/\/www.tunaespana.es\/index.php?rest_route=\/wp\/v2\/pages\/35572"}],"collection":[{"href":"https:\/\/www.tunaespana.es\/index.php?rest_route=\/wp\/v2\/pages"}],"about":[{"href":"https:\/\/www.tunaespana.es\/index.php?rest_route=\/wp\/v2\/types\/page"}],"author":[{"embeddable":true,"href":"https:\/\/www.tunaespana.es\/index.php?rest_route=\/wp\/v2\/users\/2"}],"replies":[{"embeddable":true,"href":"https:\/\/www.tunaespana.es\/index.php?rest_route=%2Fwp%2Fv2%2Fcomments&post=35572"}],"version-history":[{"count":13,"href":"https:\/\/www.tunaespana.es\/index.php?rest_route=\/wp\/v2\/pages\/35572\/revisions"}],"predecessor-version":[{"id":35695,"href":"https:\/\/www.tunaespana.es\/index.php?rest_route=\/wp\/v2\/pages\/35572\/revisions\/35695"}],"wp:attachment":[{"href":"https:\/\/www.tunaespana.es\/index.php?rest_route=%2Fwp%2Fv2%2Fmedia&parent=35572"}],"curies":[{"name":"wp","href":"https:\/\/api.w.org\/{rel}","templated":true}]}}