{"id":37826,"date":"2023-06-17T19:39:49","date_gmt":"2023-06-17T17:39:49","guid":{"rendered":"https:\/\/www.tunaespana.es\/?page_id=37826"},"modified":"2023-09-19T18:16:15","modified_gmt":"2023-09-19T16:16:15","slug":"tunaespana-toledo-alcazar-catedral-primada-de-espana","status":"publish","type":"page","link":"https:\/\/www.tunaespana.es\/?page_id=37826","title":{"rendered":"TunaEspa\u00f1a &#038; Toledo &#038; \u00c1lcazar &#038; Catedral Primada de Espa\u00f1a"},"content":{"rendered":"<div dir=\"auto\" style=\"text-align: center;\"><strong><span style=\"color: #ff0000;\">Tun<span style=\"color: #ffff00;\">aEsp<\/span>a\u00f1a<\/span><\/strong> <span style=\"color: #999999;\">rinde homenaje al Ej\u00e9rcito de Tierra en el Patio Imperial de Carlos I del Alc\u00e1zar de Toledo.<\/span><\/div>\n<div dir=\"auto\" style=\"text-align: center;\"><span style=\"color: #999999;\">Recibidos por del <strong>director del Museo del Ej\u00e9rcito<\/strong>, el <strong>general Don Jes\u00fas Arenas<\/strong>, se realiza la ofrenda al Emperador Carlos V a los pies de su estatua.<\/span><\/div>\n<div dir=\"auto\" style=\"text-align: center;\"><span style=\"color: #999999;\">El general director del Museo del Ej\u00e9rcito, Jes\u00fas Arenas, materializ\u00f3 el recibimiento a los componentes de TunaEspa\u00f1a en un sencillo y emotivo acto, en el que el general destac\u00f3 la honra realizada a la memoria de Carlos V, \u00ablas virtudes militares, que son la esencia del ej\u00e9rcito\u00bb, y en el nombre del <strong>Jefe de Estado Mayor del Ej\u00e9rcito de Tierra, Amador Ense\u00f1at y Berea<\/strong>, el \u00abagradecimiento a Tuna Espa\u00f1a por su presencia en Toledo\u00bb, \u00abencantadora ciudad, s\u00edmbolo de Espa\u00f1a y compendio de su historia\u00bb.<\/span><\/div>\n<div dir=\"auto\">.<\/div>\n<div dir=\"auto\"><a href=\"https:\/\/www.tunaespana.es\/?attachment_id=37827\" rel=\"attachment wp-att-37827\"><img decoding=\"async\" loading=\"lazy\" class=\"aligncenter size-full wp-image-37827\" src=\"https:\/\/www.tunaespana.es\/wp-content\/uploads\/TunaEspana-Alcazar-de-Toledo-Carlos-V-DonDudo-zz.jpg\" alt=\"\" width=\"582\" height=\"775\" srcset=\"https:\/\/www.tunaespana.es\/wp-content\/uploads\/TunaEspana-Alcazar-de-Toledo-Carlos-V-DonDudo-zz.jpg 582w, https:\/\/www.tunaespana.es\/wp-content\/uploads\/TunaEspana-Alcazar-de-Toledo-Carlos-V-DonDudo-zz-225x300.jpg 225w\" sizes=\"(max-width: 582px) 100vw, 582px\" \/><\/a><\/div>\n<div dir=\"auto\">.<\/div>\n<div dir=\"auto\"><a href=\"https:\/\/www.tunaespana.es\/?attachment_id=38742\" rel=\"attachment wp-att-38742\"><img decoding=\"async\" loading=\"lazy\" class=\"aligncenter size-full wp-image-38742\" src=\"https:\/\/www.tunaespana.es\/wp-content\/uploads\/Sin-titulo3572.jpg\" alt=\"\" width=\"392\" height=\"554\" srcset=\"https:\/\/www.tunaespana.es\/wp-content\/uploads\/Sin-titulo3572.jpg 392w, https:\/\/www.tunaespana.es\/wp-content\/uploads\/Sin-titulo3572-212x300.jpg 212w\" sizes=\"(max-width: 392px) 100vw, 392px\" \/><\/a><\/div>\n<div dir=\"auto\" style=\"text-align: center;\">.<span style=\"color: #999999;\">Autor Antonio de La Morena Ballesteros\u00a0<strong>\u00abDonTulista\u00bb<\/strong><\/span><\/div>\n<div dir=\"auto\">.<\/div>\n<div dir=\"auto\"><a href=\"https:\/\/www.tunaespana.es\/?attachment_id=37828\" rel=\"attachment wp-att-37828\"><img decoding=\"async\" loading=\"lazy\" class=\"aligncenter size-full wp-image-37828\" src=\"https:\/\/www.tunaespana.es\/wp-content\/uploads\/TunaEspana-Alcazar-de-Toledo-Carlos-V-DonDudo-zzz.jpg\" alt=\"\" width=\"795\" height=\"493\" srcset=\"https:\/\/www.tunaespana.es\/wp-content\/uploads\/TunaEspana-Alcazar-de-Toledo-Carlos-V-DonDudo-zzz.jpg 795w, https:\/\/www.tunaespana.es\/wp-content\/uploads\/TunaEspana-Alcazar-de-Toledo-Carlos-V-DonDudo-zzz-300x186.jpg 300w, https:\/\/www.tunaespana.es\/wp-content\/uploads\/TunaEspana-Alcazar-de-Toledo-Carlos-V-DonDudo-zzz-768x476.jpg 768w\" sizes=\"(max-width: 795px) 100vw, 795px\" \/><\/a><\/div>\n<div dir=\"auto\">.<\/div>\n<div dir=\"auto\"><a href=\"https:\/\/www.tunaespana.es\/?attachment_id=37832\" rel=\"attachment wp-att-37832\"><img decoding=\"async\" loading=\"lazy\" class=\"aligncenter size-full wp-image-37832\" src=\"https:\/\/www.tunaespana.es\/wp-content\/uploads\/TunaEspana-Alcazar-de-Toledo-Carlos-V-DonDudoCarlos-Espinosa-zz.jpg\" alt=\"\" width=\"800\" height=\"600\" srcset=\"https:\/\/www.tunaespana.es\/wp-content\/uploads\/TunaEspana-Alcazar-de-Toledo-Carlos-V-DonDudoCarlos-Espinosa-zz.jpg 800w, https:\/\/www.tunaespana.es\/wp-content\/uploads\/TunaEspana-Alcazar-de-Toledo-Carlos-V-DonDudoCarlos-Espinosa-zz-300x225.jpg 300w, https:\/\/www.tunaespana.es\/wp-content\/uploads\/TunaEspana-Alcazar-de-Toledo-Carlos-V-DonDudoCarlos-Espinosa-zz-768x576.jpg 768w\" sizes=\"(max-width: 800px) 100vw, 800px\" \/><\/a><\/div>\n<div dir=\"auto\">.<\/div>\n<div dir=\"auto\" style=\"text-align: center;\"><span style=\"color: #ffff00;\"><a style=\"color: #ffff00;\" href=\"https:\/\/www.youtube.com\/watch?v=fA_1CWes2kE\">https:\/\/www.youtube.com\/watch?v=fA_1CWes2kE<\/a><\/span><\/div>\n<div dir=\"auto\">.<\/div>\n<div dir=\"auto\"><a href=\"https:\/\/www.tunaespana.es\/?attachment_id=37844\" rel=\"attachment wp-att-37844\"><img decoding=\"async\" loading=\"lazy\" class=\"aligncenter size-full wp-image-37844\" src=\"https:\/\/www.tunaespana.es\/wp-content\/uploads\/TunaEspana-Alcazar-de-Toledo-Carlos-V-DonDudoCarlos-Espinosa-zzzzz.jpg\" alt=\"\" width=\"960\" height=\"640\" srcset=\"https:\/\/www.tunaespana.es\/wp-content\/uploads\/TunaEspana-Alcazar-de-Toledo-Carlos-V-DonDudoCarlos-Espinosa-zzzzz.jpg 960w, https:\/\/www.tunaespana.es\/wp-content\/uploads\/TunaEspana-Alcazar-de-Toledo-Carlos-V-DonDudoCarlos-Espinosa-zzzzz-300x200.jpg 300w, https:\/\/www.tunaespana.es\/wp-content\/uploads\/TunaEspana-Alcazar-de-Toledo-Carlos-V-DonDudoCarlos-Espinosa-zzzzz-768x512.jpg 768w\" sizes=\"(max-width: 960px) 100vw, 960px\" \/><\/a><\/div>\n<div dir=\"auto\">.<\/div>\n<div dir=\"auto\"><a href=\"https:\/\/www.tunaespana.es\/?attachment_id=37843\" rel=\"attachment wp-att-37843\"><img decoding=\"async\" loading=\"lazy\" class=\"aligncenter size-full wp-image-37843\" src=\"https:\/\/www.tunaespana.es\/wp-content\/uploads\/TunaEspana-Alcazar-de-Toledo-Carlos-V-DonDudoCarlos-Espinosa-puerta-zz.jpg\" alt=\"\" width=\"591\" height=\"784\" srcset=\"https:\/\/www.tunaespana.es\/wp-content\/uploads\/TunaEspana-Alcazar-de-Toledo-Carlos-V-DonDudoCarlos-Espinosa-puerta-zz.jpg 591w, https:\/\/www.tunaespana.es\/wp-content\/uploads\/TunaEspana-Alcazar-de-Toledo-Carlos-V-DonDudoCarlos-Espinosa-puerta-zz-226x300.jpg 226w\" sizes=\"(max-width: 591px) 100vw, 591px\" \/><\/a><\/div>\n<div dir=\"auto\">.<\/div>\n<div dir=\"auto\" style=\"text-align: center;\"><span style=\"color: #ffff00;\"><a style=\"color: #ffff00;\" href=\"https:\/\/www.youtube.com\/watch?v=a7x49T4WGwA\">https:\/\/www.youtube.com\/watch?v=a7x49T4WGwA<\/a><\/span><\/div>\n<div dir=\"auto\">.<\/div>\n<div dir=\"auto\"><\/div>\n<div dir=\"auto\">.<\/div>\n<div dir=\"auto\" style=\"text-align: center;\"><strong><span style=\"color: #ff0000;\">TunaEspa\u00f1a<\/span><\/strong> <span style=\"color: #999999;\">manifiesta su cari\u00f1o y devoci\u00f3n a la Sant\u00edsima Virgen Maria, en sus tres advocaciones de Nuestra Se\u00f1ora del Sagrario Patrona de Toledo, Santa Maria La Blanca en el Coro Catedralicio y Santa Maria de Toledo en la Capilla Mayor De la Catedral de <strong>Toledo<\/strong>. <strong>Catedral Primada<\/strong> de <strong><span style=\"color: #ff0000;\">Es<span style=\"color: #ffff00;\">pa<\/span>\u00f1a<\/span><\/strong>.<\/span><\/div>\n<div dir=\"auto\">\n<p align=\"left\"><a href=\"https:\/\/www.tunaespana.es\/?attachment_id=37835\" rel=\"attachment wp-att-37835\"><img decoding=\"async\" loading=\"lazy\" class=\"aligncenter size-full wp-image-37835\" src=\"https:\/\/www.tunaespana.es\/wp-content\/uploads\/TunaEspana-Catedral-Primada-de-Espana-Catedral-de-Toledo-DonDudoCarlos-Espinosa-zz.jpg\" alt=\"\" width=\"675\" height=\"668\" srcset=\"https:\/\/www.tunaespana.es\/wp-content\/uploads\/TunaEspana-Catedral-Primada-de-Espana-Catedral-de-Toledo-DonDudoCarlos-Espinosa-zz.jpg 675w, https:\/\/www.tunaespana.es\/wp-content\/uploads\/TunaEspana-Catedral-Primada-de-Espana-Catedral-de-Toledo-DonDudoCarlos-Espinosa-zz-300x297.jpg 300w\" sizes=\"(max-width: 675px) 100vw, 675px\" \/><\/a><\/p>\n<\/div>\n<div dir=\"auto\">.<\/div>\n<div dir=\"auto\"><span style=\"color: #00ff00;\">https:\/\/www.diocesisdecordoba.es\/noticias\/tuna-espana-llega-a-la-catedral-para-honrar-a-la-virgen-de-la-asuncion<\/span><\/div>\n<div dir=\"auto\">.<\/div>\n<div dir=\"auto\"><a href=\"https:\/\/www.tunaespana.es\/?attachment_id=37838\" rel=\"attachment wp-att-37838\"><img decoding=\"async\" loading=\"lazy\" class=\"aligncenter size-full wp-image-37838\" src=\"https:\/\/www.tunaespana.es\/wp-content\/uploads\/TunaEspana-Catedral-Primada-de-Espana-Catedral-Toledo-DonDudoCarlos-Espinosa-zz.jpg\" alt=\"\" width=\"729\" height=\"486\" srcset=\"https:\/\/www.tunaespana.es\/wp-content\/uploads\/TunaEspana-Catedral-Primada-de-Espana-Catedral-Toledo-DonDudoCarlos-Espinosa-zz.jpg 729w, https:\/\/www.tunaespana.es\/wp-content\/uploads\/TunaEspana-Catedral-Primada-de-Espana-Catedral-Toledo-DonDudoCarlos-Espinosa-zz-300x200.jpg 300w\" sizes=\"(max-width: 729px) 100vw, 729px\" \/><\/a><\/div>\n<div dir=\"auto\">.<\/div>\n<div dir=\"auto\"><a href=\"https:\/\/www.tunaespana.es\/?attachment_id=37858\" rel=\"attachment wp-att-37858\"><img decoding=\"async\" loading=\"lazy\" class=\"aligncenter size-full wp-image-37858\" src=\"https:\/\/www.tunaespana.es\/wp-content\/uploads\/TunaEspana-coro-Catedral-Primada-de-Espana-Catedral-de-Toledo-DonDudoCarlos-Espinosa-zz.jpg\" alt=\"\" width=\"672\" height=\"896\" srcset=\"https:\/\/www.tunaespana.es\/wp-content\/uploads\/TunaEspana-coro-Catedral-Primada-de-Espana-Catedral-de-Toledo-DonDudoCarlos-Espinosa-zz.jpg 672w, https:\/\/www.tunaespana.es\/wp-content\/uploads\/TunaEspana-coro-Catedral-Primada-de-Espana-Catedral-de-Toledo-DonDudoCarlos-Espinosa-zz-225x300.jpg 225w\" sizes=\"(max-width: 672px) 100vw, 672px\" \/><\/a><\/div>\n<div dir=\"auto\">.<\/div>\n<div dir=\"auto\"><a href=\"https:\/\/www.tunaespana.es\/?attachment_id=37860\" rel=\"attachment wp-att-37860\"><img decoding=\"async\" loading=\"lazy\" class=\"aligncenter size-full wp-image-37860\" src=\"https:\/\/www.tunaespana.es\/wp-content\/uploads\/TunaEspana-coro-Catedral-Primada-de-Espanavirgen-blanca-DonDudoCarlos-Espinosa-zz.jpg\" alt=\"\" width=\"525\" height=\"656\" srcset=\"https:\/\/www.tunaespana.es\/wp-content\/uploads\/TunaEspana-coro-Catedral-Primada-de-Espanavirgen-blanca-DonDudoCarlos-Espinosa-zz.jpg 525w, https:\/\/www.tunaespana.es\/wp-content\/uploads\/TunaEspana-coro-Catedral-Primada-de-Espanavirgen-blanca-DonDudoCarlos-Espinosa-zz-240x300.jpg 240w\" sizes=\"(max-width: 525px) 100vw, 525px\" \/><\/a><\/div>\n<div dir=\"auto\" style=\"text-align: center;\">.<span style=\"color: #999999;\"> La Virgen Blanca es una escultura de estilo g\u00f3tico realizada en alabastro. Fue realizada en el siglo XIV y desde entonces est\u00e1 situada en el interior del coro de la catedral de Toledo. Se encuentra el \u00abaltar de la solar\u00edsima\u00bb, llamado as\u00ed por ser donde se oficiaba la misa durante esa hora can\u00f3nica, a la salida del sol.<\/span><\/div>\n<div dir=\"auto\"><a href=\"https:\/\/www.tunaespana.es\/?attachment_id=37841\" rel=\"attachment wp-att-37841\"><img decoding=\"async\" loading=\"lazy\" class=\"aligncenter size-full wp-image-37841\" src=\"https:\/\/www.tunaespana.es\/wp-content\/uploads\/TunaEspana-Catedral-Primada-de-Espana-Catedral-de-Toledo-sacristia-DonDudoCarlos-Espinosa-zz.jpg\" alt=\"\" width=\"352\" height=\"640\" srcset=\"https:\/\/www.tunaespana.es\/wp-content\/uploads\/TunaEspana-Catedral-Primada-de-Espana-Catedral-de-Toledo-sacristia-DonDudoCarlos-Espinosa-zz.jpg 352w, https:\/\/www.tunaespana.es\/wp-content\/uploads\/TunaEspana-Catedral-Primada-de-Espana-Catedral-de-Toledo-sacristia-DonDudoCarlos-Espinosa-zz-165x300.jpg 165w\" sizes=\"(max-width: 352px) 100vw, 352px\" \/><\/a><\/div>\n<div dir=\"auto\">.<\/div>\n<div dir=\"auto\" style=\"text-align: center;\"><span style=\"color: #ffff00;\"><a style=\"color: #ffff00;\" href=\"https:\/\/www.youtube.com\/watch?v=W86Sajb1GEU\">https:\/\/www.youtube.com\/watch?v=W86Sajb1GEU<\/a><\/span><\/div>\n<div dir=\"auto\" style=\"text-align: center;\"><span style=\"color: #ffff00;\">.<\/span><\/div>\n<div dir=\"auto\" style=\"text-align: center;\"><span style=\"color: #ffff00;\">.<\/span><span style=\"color: #ffff00;\"><a style=\"color: #ffff00;\" href=\"https:\/\/www.youtube.com\/watch?v=RRjKA6bTmAI\">https:\/\/www.youtube.com\/watch?v=RRjKA6bTmAI<\/a><\/span><\/div>\n<div dir=\"auto\">.<\/div>\n<div dir=\"auto\"><a href=\"https:\/\/www.tunaespana.es\/?attachment_id=37846\" rel=\"attachment wp-att-37846\"><img decoding=\"async\" loading=\"lazy\" class=\"aligncenter size-full wp-image-37846\" src=\"https:\/\/www.tunaespana.es\/wp-content\/uploads\/TunaEspana-Catedral-Primada-de-Espana-Catedral-de-Toledo-DonDudoCarlos-Espinosa-rueda-de-prensa-zz.jpg\" alt=\"\" width=\"528\" height=\"840\" srcset=\"https:\/\/www.tunaespana.es\/wp-content\/uploads\/TunaEspana-Catedral-Primada-de-Espana-Catedral-de-Toledo-DonDudoCarlos-Espinosa-rueda-de-prensa-zz.jpg 528w, https:\/\/www.tunaespana.es\/wp-content\/uploads\/TunaEspana-Catedral-Primada-de-Espana-Catedral-de-Toledo-DonDudoCarlos-Espinosa-rueda-de-prensa-zz-189x300.jpg 189w\" sizes=\"(max-width: 528px) 100vw, 528px\" \/><\/a><\/div>\n<div dir=\"auto\">.<\/div>\n<div dir=\"auto\" style=\"text-align: center;\"><span style=\"color: #ffff00;\"><a style=\"color: #ffff00;\" href=\"https:\/\/www.architoledo.org\/noticias\/tuna-espana-ofrecera-concierto-toledo-favor-del-albergue-cardenal-gonzalez-martin\/\">https:\/\/www.architoledo.org\/noticias\/tuna-espana-ofrecera-concierto-toledo-favor-del-albergue-cardenal-gonzalez-martin\/<\/a><\/span><\/div>\n<div dir=\"auto\">.<\/div>\n<div dir=\"auto\" style=\"text-align: center;\"><span style=\"color: #ffff00;\"><a style=\"color: #ffff00;\" href=\"https:\/\/www.latribunadetoledo.es\/amp\/noticia\/zccd14087-b036-9826-cbf3bd83c9e46433\/202305\/tuna-espana-musica-para-el-ejercito-y-los-mas-necesitados\">https:\/\/www.latribunadetoledo.es\/amp\/noticia\/zccd14087-b036-9826-cbf3bd83c9e46433\/202305\/tuna-espana-musica-para-el-ejercito-y-los-mas-necesitados<\/a><\/span><\/div>\n<div dir=\"auto\">.<\/div>\n<div dir=\"auto\" style=\"text-align: center;\"><span style=\"color: #ffff00;\"><a style=\"color: #ffff00;\" href=\"https:\/\/www.elespanol.com\/eldigitalcastillalamancha\/region\/toledo\/20230520\/espectacular-tuna-espana-altar-mayor-catedral-toledo\/765173601_0.html?fbclid=IwAR3kSt9pFrOyRvT2AiTGW-cKhlLVgNOVD9T6n3IyNPFeXdlVIDV8hUASdzc\">https:\/\/www.elespanol.com\/eldigitalcastillalamancha\/region\/toledo\/20230520\/espectacular-tuna-espana-altar-mayor-catedral-toledo\/765173601_0.html?fbclid=IwAR3kSt9pFrOyRvT2AiTGW-cKhlLVgNOVD9T6n3IyNPFeXdlVIDV8hUASdzc<\/a><\/span><\/div>\n<div dir=\"auto\">.<\/div>\n<div dir=\"auto\" style=\"text-align: center;\"><span style=\"color: #ffff00;\"><a style=\"color: #ffff00;\" href=\"https:\/\/www.elespanol.com\/eldigitalcastillalamancha\/region\/toledo\/20230519\/tuna-espana-banderita-compostelana-viernes-corazon-toledo\/764923609_0.html?utm_source=whatsapp&amp;utm_medium=social&amp;utm_campaign=onpagebuttons\">https:\/\/www.elespanol.com\/eldigitalcastillalamancha\/region\/toledo\/20230519\/tuna-espana-banderita-compostelana-viernes-corazon-toledo\/764923609_0.html?utm_source=whatsapp&amp;utm_medium=social&amp;utm_campaign=onpagebuttons<\/a><\/span><\/div>\n<div dir=\"auto\">.<\/div>\n<div dir=\"auto\" style=\"text-align: center;\"><span style=\"color: #ffff00;\"><a style=\"color: #ffff00;\" href=\"https:\/\/www.latribunadetoledo.es\/Noticia\/Z4604D102-E570-DFA4-6F10168F106AFF3A\/202305\/Ronda-mariana-de-Tuna-Espana-en-la-Catedral\">https:\/\/www.latribunadetoledo.es\/Noticia\/Z4604D102-E570-DFA4-6F10168F106AFF3A\/202305\/Ronda-mariana-de-Tuna-Espana-en-la-Catedral<\/a><\/span><\/div>\n<div dir=\"auto\">.<\/div>\n<div dir=\"auto\"><\/div>\n<div dir=\"auto\">.<\/div>\n<div dir=\"auto\"><a href=\"https:\/\/www.tunaespana.es\/?attachment_id=37847\" rel=\"attachment wp-att-37847\"><img decoding=\"async\" loading=\"lazy\" class=\"aligncenter size-full wp-image-37847\" src=\"https:\/\/www.tunaespana.es\/wp-content\/uploads\/TunaEspana-Catedral-Primada-de-Espana-Catedral-de-Toledo-DonDudoCarlos-Espinosa-rueda-de-prensa-zzz.jpg\" alt=\"\" width=\"615\" height=\"461\" srcset=\"https:\/\/www.tunaespana.es\/wp-content\/uploads\/TunaEspana-Catedral-Primada-de-Espana-Catedral-de-Toledo-DonDudoCarlos-Espinosa-rueda-de-prensa-zzz.jpg 615w, https:\/\/www.tunaespana.es\/wp-content\/uploads\/TunaEspana-Catedral-Primada-de-Espana-Catedral-de-Toledo-DonDudoCarlos-Espinosa-rueda-de-prensa-zzz-300x225.jpg 300w\" sizes=\"(max-width: 615px) 100vw, 615px\" \/><\/a><\/div>\n<div dir=\"auto\">.<\/div>\n<div dir=\"auto\"><a href=\"https:\/\/www.tunaespana.es\/?attachment_id=37830\" rel=\"attachment wp-att-37830\"><img decoding=\"async\" loading=\"lazy\" class=\"aligncenter size-full wp-image-37830\" src=\"https:\/\/www.tunaespana.es\/wp-content\/uploads\/TunaEspana-Alcazar-de-Toledo-Carlos-V-DonDudo-plaza-Zocodover-zz.jpg\" alt=\"\" width=\"631\" height=\"1189\" srcset=\"https:\/\/www.tunaespana.es\/wp-content\/uploads\/TunaEspana-Alcazar-de-Toledo-Carlos-V-DonDudo-plaza-Zocodover-zz.jpg 631w, https:\/\/www.tunaespana.es\/wp-content\/uploads\/TunaEspana-Alcazar-de-Toledo-Carlos-V-DonDudo-plaza-Zocodover-zz-159x300.jpg 159w, https:\/\/www.tunaespana.es\/wp-content\/uploads\/TunaEspana-Alcazar-de-Toledo-Carlos-V-DonDudo-plaza-Zocodover-zz-543x1024.jpg 543w\" sizes=\"(max-width: 631px) 100vw, 631px\" \/><\/a><\/div>\n<div dir=\"auto\">.<\/div>\n<div dir=\"auto\"><a href=\"https:\/\/www.tunaespana.es\/?attachment_id=37849\" rel=\"attachment wp-att-37849\"><img decoding=\"async\" loading=\"lazy\" class=\"aligncenter size-full wp-image-37849\" src=\"https:\/\/www.tunaespana.es\/wp-content\/uploads\/TunaEspana-Toledo-DonDudoCarlos-Espinosa-puerta-zz.jpg\" alt=\"\" width=\"800\" height=\"573\" srcset=\"https:\/\/www.tunaespana.es\/wp-content\/uploads\/TunaEspana-Toledo-DonDudoCarlos-Espinosa-puerta-zz.jpg 800w, https:\/\/www.tunaespana.es\/wp-content\/uploads\/TunaEspana-Toledo-DonDudoCarlos-Espinosa-puerta-zz-300x215.jpg 300w, https:\/\/www.tunaespana.es\/wp-content\/uploads\/TunaEspana-Toledo-DonDudoCarlos-Espinosa-puerta-zz-768x550.jpg 768w\" sizes=\"(max-width: 800px) 100vw, 800px\" \/><\/a><\/div>\n<div dir=\"auto\">.<\/div>\n<div dir=\"auto\"><a href=\"https:\/\/www.tunaespana.es\/?attachment_id=38739\" rel=\"attachment wp-att-38739\"><img decoding=\"async\" loading=\"lazy\" class=\"aligncenter size-full wp-image-38739\" src=\"https:\/\/www.tunaespana.es\/wp-content\/uploads\/Sin-titulo3570.jpg\" alt=\"\" width=\"402\" height=\"570\" srcset=\"https:\/\/www.tunaespana.es\/wp-content\/uploads\/Sin-titulo3570.jpg 402w, https:\/\/www.tunaespana.es\/wp-content\/uploads\/Sin-titulo3570-212x300.jpg 212w\" sizes=\"(max-width: 402px) 100vw, 402px\" \/><\/a><\/div>\n<div dir=\"auto\">.<\/div>\n<div dir=\"auto\"><a href=\"https:\/\/www.tunaespana.es\/?attachment_id=38740\" rel=\"attachment wp-att-38740\"><img decoding=\"async\" loading=\"lazy\" class=\"aligncenter size-full wp-image-38740\" src=\"https:\/\/www.tunaespana.es\/wp-content\/uploads\/Sin-titulo3571.jpg\" alt=\"\" width=\"408\" height=\"568\" srcset=\"https:\/\/www.tunaespana.es\/wp-content\/uploads\/Sin-titulo3571.jpg 408w, https:\/\/www.tunaespana.es\/wp-content\/uploads\/Sin-titulo3571-215x300.jpg 215w\" sizes=\"(max-width: 408px) 100vw, 408px\" \/><\/a><\/div>\n<div dir=\"auto\" style=\"text-align: center;\">.<span style=\"color: #999999;\">Autor Antonio de La Morena Ballesteros\u00a0<strong>\u00abDonTulista\u00bb<\/strong><\/span><\/div>\n<div dir=\"auto\">.<\/div>\n","protected":false},"excerpt":{"rendered":"<p>TunaEspa\u00f1a rinde homenaje al Ej\u00e9rcito de Tierra en el Patio Imperial de Carlos I del Alc\u00e1zar de Toledo. Recibidos por del director del Museo del Ej\u00e9rcito, el general Don Jes\u00fas Arenas, se realiza la ofrenda al Emperador Carlos V a los pies de su estatua. El general director del Museo del Ej\u00e9rcito, Jes\u00fas Arenas, materializ\u00f3 [&hellip;]<\/p>\n","protected":false},"author":2,"featured_media":0,"parent":0,"menu_order":6,"comment_status":"closed","ping_status":"closed","template":"","meta":[],"_links":{"self":[{"href":"https:\/\/www.tunaespana.es\/index.php?rest_route=\/wp\/v2\/pages\/37826"}],"collection":[{"href":"https:\/\/www.tunaespana.es\/index.php?rest_route=\/wp\/v2\/pages"}],"about":[{"href":"https:\/\/www.tunaespana.es\/index.php?rest_route=\/wp\/v2\/types\/page"}],"author":[{"embeddable":true,"href":"https:\/\/www.tunaespana.es\/index.php?rest_route=\/wp\/v2\/users\/2"}],"replies":[{"embeddable":true,"href":"https:\/\/www.tunaespana.es\/index.php?rest_route=%2Fwp%2Fv2%2Fcomments&post=37826"}],"version-history":[{"count":20,"href":"https:\/\/www.tunaespana.es\/index.php?rest_route=\/wp\/v2\/pages\/37826\/revisions"}],"predecessor-version":[{"id":38743,"href":"https:\/\/www.tunaespana.es\/index.php?rest_route=\/wp\/v2\/pages\/37826\/revisions\/38743"}],"wp:attachment":[{"href":"https:\/\/www.tunaespana.es\/index.php?rest_route=%2Fwp%2Fv2%2Fmedia&parent=37826"}],"curies":[{"name":"wp","href":"https:\/\/api.w.org\/{rel}","templated":true}]}}