{"id":38842,"date":"2023-10-20T18:31:09","date_gmt":"2023-10-20T16:31:09","guid":{"rendered":"https:\/\/www.tunaespana.es\/?page_id=38842"},"modified":"2023-10-20T18:31:34","modified_gmt":"2023-10-20T16:31:34","slug":"tunaespana-homenaje-a-las-victimas-del-terrorismo","status":"publish","type":"page","link":"https:\/\/www.tunaespana.es\/?page_id=38842","title":{"rendered":"TunaEspa\u00f1a con las v\u00edctimas del Terrorismo"},"content":{"rendered":"<p>.<\/p>\n<blockquote class=\"embedly-card\" data-card-controls=\"1\" data-card-align=\"center\" data-card-theme=\"light\">\n<h4><a href=\"https:\/\/www.youtube.com\/watch?v=LWEqx7h8HrY\">TunaEspa\u00f1a &#038; Homenaje a las v\u00edctimas del Terrorismo, en la Capital de la Rioja, Logro\u00f1o, Espa\u00f1a.<\/a><\/h4>\n<p>Homenaje realizamos a las Victimas del Terrorismo, en La Capital de La Rioja, Logro\u00f1o, la ma\u00f1ana del S\u00e1bado 30 de Septiembre, en su monumento conmemorativo. Descansen en Paz! Dios Los Tenga en su Gloria!!<\/p>\n<\/blockquote>\n<p><script async src=\"\/\/cdn.embedly.com\/widgets\/platform.js\" charset=\"UTF-8\"><\/script><\/p>\n<p>.<\/p>\n<p style=\"text-align: center;\"><span style=\"color: #999999;\">Descansen en Paz. Dios los Tenga en su Gloria<\/span><\/p>\n<p>.<\/p>\n<p><a href=\"https:\/\/www.tunaespana.es\/?attachment_id=38843\" rel=\"attachment wp-att-38843\"><img decoding=\"async\" loading=\"lazy\" class=\"aligncenter size-full wp-image-38843\" src=\"https:\/\/www.tunaespana.es\/wp-content\/uploads\/TunaEspana-Contra-el-Terrorismo-1.jpg\" alt=\"\" width=\"421\" height=\"597\" srcset=\"https:\/\/www.tunaespana.es\/wp-content\/uploads\/TunaEspana-Contra-el-Terrorismo-1.jpg 421w, https:\/\/www.tunaespana.es\/wp-content\/uploads\/TunaEspana-Contra-el-Terrorismo-1-212x300.jpg 212w\" sizes=\"(max-width: 421px) 100vw, 421px\" \/><\/a><\/p>\n<p>.<\/p>\n<p><a href=\"https:\/\/www.tunaespana.es\/?attachment_id=38844\" rel=\"attachment wp-att-38844\"><img decoding=\"async\" loading=\"lazy\" class=\"aligncenter size-full wp-image-38844\" src=\"https:\/\/www.tunaespana.es\/wp-content\/uploads\/TunaEspana-Contra-el-Terrorismo-2.jpg\" alt=\"\" width=\"399\" height=\"491\" srcset=\"https:\/\/www.tunaespana.es\/wp-content\/uploads\/TunaEspana-Contra-el-Terrorismo-2.jpg 399w, https:\/\/www.tunaespana.es\/wp-content\/uploads\/TunaEspana-Contra-el-Terrorismo-2-244x300.jpg 244w\" sizes=\"(max-width: 399px) 100vw, 399px\" \/><\/a><\/p>\n<p>.<\/p>\n","protected":false},"excerpt":{"rendered":"<p>. TunaEspa\u00f1a &#038; Homenaje a las v\u00edctimas del Terrorismo, en la Capital de la Rioja, Logro\u00f1o, Espa\u00f1a. Homenaje realizamos a las Victimas del Terrorismo, en La Capital de La Rioja, Logro\u00f1o, la ma\u00f1ana del S\u00e1bado 30 de Septiembre, en su monumento conmemorativo. Descansen en Paz! Dios Los Tenga en su Gloria!! . Descansen en Paz. [&hellip;]<\/p>\n","protected":false},"author":2,"featured_media":0,"parent":0,"menu_order":20,"comment_status":"closed","ping_status":"closed","template":"","meta":[],"_links":{"self":[{"href":"https:\/\/www.tunaespana.es\/index.php?rest_route=\/wp\/v2\/pages\/38842"}],"collection":[{"href":"https:\/\/www.tunaespana.es\/index.php?rest_route=\/wp\/v2\/pages"}],"about":[{"href":"https:\/\/www.tunaespana.es\/index.php?rest_route=\/wp\/v2\/types\/page"}],"author":[{"embeddable":true,"href":"https:\/\/www.tunaespana.es\/index.php?rest_route=\/wp\/v2\/users\/2"}],"replies":[{"embeddable":true,"href":"https:\/\/www.tunaespana.es\/index.php?rest_route=%2Fwp%2Fv2%2Fcomments&post=38842"}],"version-history":[{"count":2,"href":"https:\/\/www.tunaespana.es\/index.php?rest_route=\/wp\/v2\/pages\/38842\/revisions"}],"predecessor-version":[{"id":38846,"href":"https:\/\/www.tunaespana.es\/index.php?rest_route=\/wp\/v2\/pages\/38842\/revisions\/38846"}],"wp:attachment":[{"href":"https:\/\/www.tunaespana.es\/index.php?rest_route=%2Fwp%2Fv2%2Fmedia&parent=38842"}],"curies":[{"name":"wp","href":"https:\/\/api.w.org\/{rel}","templated":true}]}}