{"id":39111,"date":"2024-11-11T21:59:36","date_gmt":"2024-11-11T20:59:36","guid":{"rendered":"https:\/\/www.tunaespana.es\/?page_id=39111"},"modified":"2024-11-11T22:01:00","modified_gmt":"2024-11-11T21:01:00","slug":"tunaespana-cuba","status":"publish","type":"page","link":"https:\/\/www.tunaespana.es\/?page_id=39111","title":{"rendered":"TunaEspa\u00f1a @ Cuba"},"content":{"rendered":"<p>.<\/p>\n<p><a href=\"https:\/\/www.tunaespana.es\/?attachment_id=39112\" rel=\"attachment wp-att-39112\"><img decoding=\"async\" loading=\"lazy\" class=\"aligncenter size-full wp-image-39112\" src=\"https:\/\/www.tunaespana.es\/wp-content\/uploads\/TunaESpana-Cuba-DonDudo.jpg\" alt=\"\" width=\"716\" height=\"915\" srcset=\"https:\/\/www.tunaespana.es\/wp-content\/uploads\/TunaESpana-Cuba-DonDudo.jpg 716w, https:\/\/www.tunaespana.es\/wp-content\/uploads\/TunaESpana-Cuba-DonDudo-235x300.jpg 235w\" sizes=\"(max-width: 716px) 100vw, 716px\" \/><\/a><\/p>\n<p>.<\/p>\n<blockquote class=\"embedly-card\" data-card-controls=\"1\" data-card-align=\"center\" data-card-theme=\"light\">\n<h4><a href=\"https:\/\/www.youtube.com\/watch?v=KPTaU6VtByc\">TunaEspa\u00f1a Viva Cuba!, Viva Espa\u00f1a! Bendita Hispanidad!!<\/a><\/h4>\n<p>TunaEspa\u00f1a Honra a La Patrona de Cuba, La Virgen de La Caridad del Cobre en su Bas\u00edlica (la Habana). Viva Cuba!, Viva Espa\u00f1a! Bendita Hispanidad!! Tuna Espa\u00f1a lleva 200 kgs de ayuda humanitaria, medicamentos, al Hospital Psiqui\u00e1trico de San Juan de Dios de la Habana (Cuba). Dios Nos los Bendiga!<\/p>\n<\/blockquote>\n<p><script async src=\"\/\/cdn.embedly.com\/widgets\/platform.js\" charset=\"UTF-8\"><\/script><\/p>\n<p>.<\/p>\n<p>&nbsp;<\/p>\n<p>.<\/p>\n","protected":false},"excerpt":{"rendered":"<p>. . TunaEspa\u00f1a Viva Cuba!, Viva Espa\u00f1a! Bendita Hispanidad!! TunaEspa\u00f1a Honra a La Patrona de Cuba, La Virgen de La Caridad del Cobre en su Bas\u00edlica (la Habana). Viva Cuba!, Viva Espa\u00f1a! Bendita Hispanidad!! Tuna Espa\u00f1a lleva 200 kgs de ayuda humanitaria, medicamentos, al Hospital Psiqui\u00e1trico de San Juan de Dios de la Habana (Cuba). [&hellip;]<\/p>\n","protected":false},"author":2,"featured_media":0,"parent":0,"menu_order":10,"comment_status":"closed","ping_status":"closed","template":"","meta":[],"_links":{"self":[{"href":"https:\/\/www.tunaespana.es\/index.php?rest_route=\/wp\/v2\/pages\/39111"}],"collection":[{"href":"https:\/\/www.tunaespana.es\/index.php?rest_route=\/wp\/v2\/pages"}],"about":[{"href":"https:\/\/www.tunaespana.es\/index.php?rest_route=\/wp\/v2\/types\/page"}],"author":[{"embeddable":true,"href":"https:\/\/www.tunaespana.es\/index.php?rest_route=\/wp\/v2\/users\/2"}],"replies":[{"embeddable":true,"href":"https:\/\/www.tunaespana.es\/index.php?rest_route=%2Fwp%2Fv2%2Fcomments&post=39111"}],"version-history":[{"count":2,"href":"https:\/\/www.tunaespana.es\/index.php?rest_route=\/wp\/v2\/pages\/39111\/revisions"}],"predecessor-version":[{"id":39114,"href":"https:\/\/www.tunaespana.es\/index.php?rest_route=\/wp\/v2\/pages\/39111\/revisions\/39114"}],"wp:attachment":[{"href":"https:\/\/www.tunaespana.es\/index.php?rest_route=%2Fwp%2Fv2%2Fmedia&parent=39111"}],"curies":[{"name":"wp","href":"https:\/\/api.w.org\/{rel}","templated":true}]}}